{"id":106475,"date":"2024-05-02T14:09:47","date_gmt":"2024-05-02T13:09:47","guid":{"rendered":"https:\/\/shop4trac.com\/non%20class\u00e9\/ensemble-de-levage-kit-de-levage-3-points-12x500-kubota-b5000-b7001-yanmar-mini-tracteur-shibaura\/"},"modified":"2025-10-14T21:32:10","modified_gmt":"2025-10-14T19:32:10","slug":"ensemble-de-levage-kit-de-levage-3-points-12x500-kubota-b5000-b7001-yanmar-mini-tracteur-shibaura","status":"publish","type":"product","link":"https:\/\/shop4trac.com\/fr\/autres-pieces\/ensemble-de-levage\/ensemble-de-levage-kit-de-levage-3-points-12x500-kubota-b5000-b7001-yanmar-mini-tracteur-shibaura\/","title":{"rendered":"Kit bras de relevage complet | Kit de levage | Kit de levage 3 points 12&#215;500 Kubota | B5000 \u2013 B7001 | Yanmar | Mini tracteur Shibaura"},"content":{"rendered":"<p><strong>Compl\u00e9tez votre mini tracteur avec notre kit de levage Shop4trac !<\/strong><\/p>\n<p>Cet ensemble de levage peut en fait \u00eatre utilis\u00e9 sur n&rsquo;importe quel mini tracteur Kubota. L&rsquo;ensemble est \u00e9galement disponible pour d&rsquo;autres marques et mod\u00e8les.<\/p>\n<p><span style=\"text-decoration: underline\">A partir de pneus arri\u00e8re de taille 18 pouces, il est recommand\u00e9 d&rsquo;utiliser les lattes de levage de 600 mm !<\/span><\/p>\n<p><strong>Donn\u00e9es techniques<\/strong><\/p>\n<ul>\n<li>Bras de levage \u00e9paisseur <span style=\"text-decoration: underline\">12 mm<\/span> , <strong>CAT 1<\/strong> . Axes de roulement (points de montage inf\u00e9rieurs) : 22,2 mm <\/li>\n<li>Bras de levage <span style=\"text-decoration: underline\">de 500&nbsp;mm<\/span> de longueur<\/li>\n<li>Longueur du maillon sup\u00e9rieur <span style=\"text-decoration: underline\">33,5 mm,<\/span> <strong>Cat 1.<\/strong> (19 mm)<\/li>\n<\/ul>\n<p>Optimisez la puissance et la fonctionnalit\u00e9 de votre mini tracteur avec notre kit de levage de haute qualit\u00e9, con\u00e7u pour \u00eatre compatible avec la plupart des tracteurs compacts de marques telles que Kubota, Shibaura et Yanmar. Cet ensemble peut m\u00eame \u00eatre r\u00e9alis\u00e9 sur mesure pour d&rsquo;autres mod\u00e8les.<\/p>\n<p><strong>L&rsquo;ensemble contient :<\/strong><\/p>\n<ul>\n<li>2 bras de levage (12x500mm)<\/li>\n<li>2 barres de levage dont 1 r\u00e9glable (longueur totale 44cm)(raccordement au tracteur \u2013 Boulonnage par bras de levage au dessus de 13,75mm \u2013 espace au dessus de 21,50mm<\/li>\n<li>1 maillon sup\u00e9rieur longueur 33,5 mm.  <strong>Chat 1.<\/strong>  (19mm)<\/li>\n<li>1 fixation d&rsquo;essieu sur le dessous du tracteur (largeur 47,5 mm)<\/li>\n<li>2 stabilisateurs pour fixer la largeur des bras de levage (longueur 27,5 mm)<\/li>\n<\/ul>\n<p>Attention : le support de bras sup\u00e9rieur (pour fixer le bras sup\u00e9rieur au tracteur) n&rsquo;est pas inclus, mais peut \u00eatre command\u00e9 s\u00e9par\u00e9ment.<\/p>\n<p><strong>Pourquoi ce kit de levage ?<\/strong><\/p>\n<ul>\n<li><strong>Excellente compatibilit\u00e9&nbsp;:<\/strong> s&rsquo;adapte \u00e0 de nombreuses marques de tracteurs compacts et est personnalisable.<\/li>\n<li><strong>Conception durable :<\/strong> con\u00e7ue pour r\u00e9sister \u00e0 une utilisation intensive.<\/li>\n<li><strong>Facile \u00e0 installer :<\/strong> facilite l&rsquo;extension de votre mini tracteur.<\/li>\n<\/ul>\n<p>Rendez votre mini tracteur encore plus polyvalent et productif d\u00e8s aujourd&rsquo;hui avec ce kit de levage complet !<\/p>\n","protected":false},"excerpt":{"rendered":"<p>Compl\u00e9tez votre mini tracteur avec notre kit de levage Shop4trac ! Cet ensemble de levage peut en fait \u00eatre utilis\u00e9 sur n&rsquo;importe quel mini tracteur Kubota. L&rsquo;ensemble est \u00e9galement disponible pour d&rsquo;autres marques et mod\u00e8les. A partir de pneus arri\u00e8re de taille 18 pouces, il est recommand\u00e9 d&rsquo;utiliser les lattes de levage de 600 mm&hellip;<\/p>\n","protected":false},"featured_media":194903,"comment_status":"open","ping_status":"closed","template":"","meta":[],"product_cat":[17627],"product_tag":[],"class_list":{"0":"post-106475","1":"product","2":"type-product","3":"status-publish","4":"has-post-thumbnail","6":"product_cat-ensemble-de-levage","7":"pa_merk-kubota-fr","8":"pa_merk-shibaura-fr","9":"pa_merk-yanmar-fr","10":"pa_merk-zen-noh-fr","12":"first","13":"outofstock","14":"sale","15":"taxable","16":"shipping-taxable","17":"purchasable","18":"product-type-simple","19":"col-xs-6 col-sm-4","20":"col-md-3 col-lg-3","21":"un-4-cols"},"_links":{"self":[{"href":"https:\/\/shop4trac.com\/fr\/wp-json\/wp\/v2\/product\/106475","targetHints":{"allow":["GET"]}}],"collection":[{"href":"https:\/\/shop4trac.com\/fr\/wp-json\/wp\/v2\/product"}],"about":[{"href":"https:\/\/shop4trac.com\/fr\/wp-json\/wp\/v2\/types\/product"}],"replies":[{"embeddable":true,"href":"https:\/\/shop4trac.com\/fr\/wp-json\/wp\/v2\/comments?post=106475"}],"wp:featuredmedia":[{"embeddable":true,"href":"https:\/\/shop4trac.com\/fr\/wp-json\/wp\/v2\/media\/194903"}],"wp:attachment":[{"href":"https:\/\/shop4trac.com\/fr\/wp-json\/wp\/v2\/media?parent=106475"}],"wp:term":[{"taxonomy":"product_cat","embeddable":true,"href":"https:\/\/shop4trac.com\/fr\/wp-json\/wp\/v2\/product_cat?post=106475"},{"taxonomy":"product_tag","embeddable":true,"href":"https:\/\/shop4trac.com\/fr\/wp-json\/wp\/v2\/product_tag?post=106475"}],"curies":[{"name":"wp","href":"https:\/\/api.w.org\/{rel}","templated":true}]}}