{"id":106347,"date":"2024-05-01T01:05:20","date_gmt":"2024-05-01T00:05:20","guid":{"rendered":"https:\/\/shop4trac.com\/non%20class\u00e9\/eau-de-refroidissement-liquide-de-refroidissement-pour-chaque-mini-tracteur-40-degres\/"},"modified":"2026-03-15T09:46:58","modified_gmt":"2026-03-15T08:46:58","slug":"eau-de-refroidissement-liquide-de-refroidissement-pour-chaque-mini-tracteur-40-degres","status":"publish","type":"product","link":"https:\/\/shop4trac.com\/fr\/huile\/eau-de-refroidissement\/eau-de-refroidissement-liquide-de-refroidissement-pour-chaque-mini-tracteur-40-degres\/","title":{"rendered":"Eau de refroidissement \u2013 Liquide de refroidissement pour chaque mini tracteur | -40 degr\u00e9s"},"content":{"rendered":"<p>Si vous recherchez du liquide de refroidissement pour votre tracteur ou votre machine, ce Liquide de refroidissement dans un <strong><span style=\"text-decoration: underline\">bidon de 5 litres<\/span><\/strong> est un excellent choix.<\/p>\n<p>Beaucoup oublient que le remplacement rapide de l&rsquo;eau de refroidissement pr\u00e9vient la corrosion du moteur. L&rsquo;utilisation d&rsquo;une eau de refroidissement appropri\u00e9e est \u00e9galement importante, par exemple pour le joint de culasse.<\/p>\n<p>La plupart des v\u00e9hicules n\u00e9cessitent environ 5 \u00e0 10 litres d&rsquo;eau de refroidissement, selon le mod\u00e8le et le type de moteur.<\/p>\n<p><span style=\"text-decoration: underline\">Indication de la quantit\u00e9 d&rsquo;eau de refroidissement<\/span><\/p>\n<ul>\n<li>Kubota B5000-B7001 \u2013 B6100 -B7100 <strong>| 4,6 litres d&rsquo;eau de refroidissement<\/strong><\/li>\n<li>KubotaB1620D <strong>| 3,2 litres d&rsquo;eau de refroidissement<\/strong><\/li>\n<li>Iseki TA 207 \u2013 TA530F <strong>| 7 litres d&rsquo;eau de refroidissement<\/strong><\/li>\n<li>Iseki TF321 | <strong>5 litres d&rsquo;eau de refroidissement<\/strong><\/li>\n<li>Iseki TX1000 \u2013 TX1510 | TX144 \u2013 TX155 | TX2140 \u2013 TX2160F | <strong>4,8 litres d&rsquo;eau de refroidissement<\/strong><\/li>\n<li>Soleil 26 | <strong>2,5 litres d&rsquo;eau de refroidissement<\/strong><\/li>\n<\/ul>\n<p>Il convient \u00e0 diff\u00e9rentes marques et types, notamment&nbsp;:<\/p>\n<ul>\n<li>Iseki<\/li>\n<li>Kubota<\/li>\n<li>Yanmar<\/li>\n<li>Shibaura<\/li>\n<li>Satoh<\/li>\n<li>Sol\u00eds<\/li>\n<li>Suzue<\/li>\n<li>Hinomoto<\/li>\n<li>Mitsubishi<\/li>\n<li>Komatsu<\/li>\n<li>Hitachi<\/li>\n<li>Kobelco<\/li>\n<\/ul>\n<p>Cette eau de refroidissement est compatible avec les sp\u00e9cifications suivantes :<\/p>\n<ul>\n<li>Antigel jusqu&rsquo;\u00e0 -40\u00b0C<\/li>\n<li>Protection contre la rouille et la corrosion<\/li>\n<li>Transfert de chaleur efficace<\/li>\n<li>Emp\u00eache les d\u00e9p\u00f4ts de calcaire<\/li>\n<li>Composition respectueuse de l&rsquo;environnement<\/li>\n<\/ul>\n<p>De plus, cette eau de refroidissement est pr\u00e9sent\u00e9e dans une bouteille pratique de 5 litres, ce qui la rend facile \u00e0 remplir ou \u00e0 remplacer.<\/p>\n<p>L&rsquo;utilisation d&rsquo;une eau de refroidissement appropri\u00e9e est essentielle pour maintenir une temp\u00e9rature optimale du moteur et \u00e9viter la surchauffe. Une v\u00e9rification et un remplacement r\u00e9guliers de l&rsquo;eau de refroidissement garantissent que votre moteur continue de fonctionner efficacement et contribuent \u00e0 \u00e9viter des r\u00e9parations co\u00fbteuses.<\/p>\n","protected":false},"excerpt":{"rendered":"<p>Si vous recherchez du liquide de refroidissement pour votre tracteur ou votre machine, ce Liquide de refroidissement dans un bidon de 5 litres est un excellent choix. Beaucoup oublient que le remplacement rapide de l&rsquo;eau de refroidissement pr\u00e9vient la corrosion du moteur. L&rsquo;utilisation d&rsquo;une eau de refroidissement appropri\u00e9e est \u00e9galement importante, par exemple pour le&hellip;<\/p>\n","protected":false},"featured_media":179060,"comment_status":"open","ping_status":"closed","template":"","meta":[],"product_cat":[19232],"product_tag":[],"class_list":{"0":"post-106347","1":"product","2":"type-product","3":"status-publish","4":"has-post-thumbnail","6":"product_cat-eau-de-refroidissement","7":"pa_merk-bobcat-fr","8":"pa_merk-hinomoto-fr","9":"pa_merk-hitachi-fr","10":"pa_merk-iseki-fr","11":"pa_merk-john-deere-fr","12":"pa_merk-kobelco-fr","13":"pa_merk-komatsu-fr","14":"pa_merk-kubota-fr","15":"pa_merk-massey-ferguson-fr","16":"pa_merk-satoh-fr","17":"pa_merk-shibaura-fr","18":"pa_merk-solis-fr","19":"pa_merk-suzue-fr","20":"pa_merk-weidemann-fr","21":"pa_merk-yanmar-fr","22":"pa_merk-zen-noh-fr","24":"first","25":"instock","26":"sale","27":"taxable","28":"shipping-taxable","29":"purchasable","30":"product-type-simple","31":"col-xs-6 col-sm-4","32":"col-md-3 col-lg-3","33":"un-4-cols"},"_links":{"self":[{"href":"https:\/\/shop4trac.com\/fr\/wp-json\/wp\/v2\/product\/106347","targetHints":{"allow":["GET"]}}],"collection":[{"href":"https:\/\/shop4trac.com\/fr\/wp-json\/wp\/v2\/product"}],"about":[{"href":"https:\/\/shop4trac.com\/fr\/wp-json\/wp\/v2\/types\/product"}],"replies":[{"embeddable":true,"href":"https:\/\/shop4trac.com\/fr\/wp-json\/wp\/v2\/comments?post=106347"}],"wp:featuredmedia":[{"embeddable":true,"href":"https:\/\/shop4trac.com\/fr\/wp-json\/wp\/v2\/media\/179060"}],"wp:attachment":[{"href":"https:\/\/shop4trac.com\/fr\/wp-json\/wp\/v2\/media?parent=106347"}],"wp:term":[{"taxonomy":"product_cat","embeddable":true,"href":"https:\/\/shop4trac.com\/fr\/wp-json\/wp\/v2\/product_cat?post=106347"},{"taxonomy":"product_tag","embeddable":true,"href":"https:\/\/shop4trac.com\/fr\/wp-json\/wp\/v2\/product_tag?post=106347"}],"curies":[{"name":"wp","href":"https:\/\/api.w.org\/{rel}","templated":true}]}}