{"id":103995,"date":"2024-03-05T22:52:44","date_gmt":"2024-03-05T21:52:44","guid":{"rendered":"https:\/\/shop4trac.com\/non%20class\u00e9\/vilebrequin-kubota-d1105-d1105-e2b-d1105-e3b-d1105-e4b\/"},"modified":"2026-03-24T21:18:41","modified_gmt":"2026-03-24T20:18:41","slug":"vilebrequin-kubota-d1105-d1105-e2b-d1105-e3b-d1105-e4b","status":"publish","type":"product","link":"https:\/\/shop4trac.com\/fr\/pieces-de-moteur\/vilebrequin\/vilebrequin-kubota-d1105-d1105-e2b-d1105-e3b-d1105-e4b\/","title":{"rendered":"Vilebrequin Kubota D1105 | D1105-E2B | D1105-E3B | D1105-E4B | Giant"},"content":{"rendered":"<p data-path-to-node=\"4\">Le c\u0153ur de ton moteur m\u00e9rite la meilleure qualit\u00e9. R\u00e9tablis le fonctionnement rotatif complet de ton moteur Kubota avec ce vilebrequin de haute qualit\u00e9 de notre marque premium <b data-path-to-node=\"4\" data-index-in-node=\"169\">Snel Parts<\/b>. Ce vilebrequin est forg\u00e9 et \u00e9quilibr\u00e9 avec une pr\u00e9cision extr\u00eame, r\u00e9pondant exactement aux sp\u00e9cifications OEM les plus strictes. La solution id\u00e9ale et la plus durable pour remplacer un vilebrequin us\u00e9 ou endommag\u00e9, afin que ton tracteur, ta tondeuse ou ta chargeuse tourne \u00e0 nouveau sans vibrations !   <\/p>\n<p data-path-to-node=\"5\">\u2714\ufe0f Qualit\u00e9 premium Snel Parts pour une dur\u00e9e de vie longue et r\u00e9sistante \u00e0 l\u2019usure<\/p>\n<p data-path-to-node=\"5\">\u2714\ufe0f Forg\u00e9 et \u00e9quilibr\u00e9 avec pr\u00e9cision selon les sp\u00e9cifications d\u2019usine d\u2019origine<\/p>\n<p data-path-to-node=\"6\"><b data-path-to-node=\"6\" data-index-in-node=\"0\">Donn\u00e9es techniques :<\/b><\/p>\n<ul data-path-to-node=\"7\">\n<li>\n<p data-path-to-node=\"7,0,0\"><b data-path-to-node=\"7,0,0\" data-index-in-node=\"0\">Type de pi\u00e8ce :<\/b> Vilebrequin (forg\u00e9)<\/p>\n<\/li>\n<li>\n<p data-path-to-node=\"7,1,0\"><b data-path-to-node=\"7,1,0\" data-index-in-node=\"0\">Classe de qualit\u00e9 :<\/b> Snel Parts Premium<\/p>\n<\/li>\n<li>\n<p data-path-to-node=\"7,2,0\"><b data-path-to-node=\"7,2,0\" data-index-in-node=\"0\">Application :<\/b> Remplacement complet du vilebrequin d\u2019origine<\/p>\n<\/li>\n<\/ul>\n<p data-path-to-node=\"8\"><b data-path-to-node=\"8\" data-index-in-node=\"0\">Moteur Kubota<\/b> \u2022 D1105, D1105-E2B, D1105-E3B, D1105-E4B<\/p>\n<p data-path-to-node=\"9\"><b data-path-to-node=\"9\" data-index-in-node=\"0\">Tracteurs &amp; tondeuses Kubota<\/b><\/p>\n<ul>\n<li data-path-to-node=\"9\">A-19, A-195, B2400, B2400D, B2400E, B2400HSD, B2400HST-D, B2400HST-E, B2400HSE, B2410HSD, B2410HSDB, B2410HSE, B26, B2620, B2620HSD, B2630, B2630HSD, B7610, B7610HSD<\/li>\n<li data-path-to-node=\"9\">F2400, F2560, F2560E, F2680, F2680E, F2690E, F2880, F2880E, FZ2400, GB20, ZD28, ZD28F, ZD1211<\/li>\n<\/ul>\n<p data-path-to-node=\"10\"><b data-path-to-node=\"10\" data-index-in-node=\"0\">Engins de terrassement &amp; UTV Kubota<\/b><\/p>\n<ul>\n<li data-path-to-node=\"10\">KX41-2, KX41-2S, KX41H, KX61-2, KX61-2S, RT140, RT140D, RT150, RT150-2, RT150D, RT160-2, RT210, RT210-2, RT210D, RT220-2, RTV1100, RTV1100CR, RTV1100CR9, RTV1100CRX, RTV1100CW, RTV1100CW9, RTV1100CWX, RTV1100RW9, RTV1140CPX, RTV1140CPXR, U20-3a, U25S, U-27-4H<\/li>\n<\/ul>\n<p data-path-to-node=\"11\"><b data-path-to-node=\"11\" data-index-in-node=\"0\">Giant (Chargeuses sur pneus)<\/b><\/p>\n<ul>\n<li data-path-to-node=\"11\">D242S, D261, D261S, D262S, D262SW, D263S, D263SW, D263SWX-tra, D265, D331ST, D331SWT, D331T, D332ST, D332SWT, D332SWTX-tra, D335T, G1500, G1500X-tra, G2200, G2200X-tra<\/li>\n<\/ul>\n<p data-path-to-node=\"12\"><b data-path-to-node=\"12\" data-index-in-node=\"0\">Ausa<\/b><\/p>\n<ul>\n<li data-path-to-node=\"12\">D85, D100, D120, D150<\/li>\n<\/ul>\n<p data-path-to-node=\"13\"><b data-path-to-node=\"13\" data-index-in-node=\"0\">Avant<\/b><\/p>\n<ul>\n<li data-path-to-node=\"13\">R28, 528, 630<\/li>\n<\/ul>\n<p data-path-to-node=\"14\"><b data-path-to-node=\"14\" data-index-in-node=\"0\">Bobcat<\/b><\/p>\n<ul>\n<li data-path-to-node=\"14\">553, E26<\/li>\n<\/ul>\n<p data-path-to-node=\"15\"><b data-path-to-node=\"15\" data-index-in-node=\"0\">Eurotrac<\/b><\/p>\n<ul>\n<li data-path-to-node=\"15\">K26, K33, W11<\/li>\n<\/ul>\n<p data-path-to-node=\"16\"><b data-path-to-node=\"16\" data-index-in-node=\"0\">Hitachi<\/b><\/p>\n<ul>\n<li data-path-to-node=\"16\">EX15-2<\/li>\n<\/ul>\n<p data-path-to-node=\"17\"><b data-path-to-node=\"17\" data-index-in-node=\"0\">Manitou<\/b><\/p>\n<ul>\n<li data-path-to-node=\"17\">TMT20.17<\/li>\n<\/ul>\n<p data-path-to-node=\"18\"><b data-path-to-node=\"18\" data-index-in-node=\"0\">Steiner<\/b><\/p>\n<ul>\n<li data-path-to-node=\"18\">230, 525<\/li>\n<\/ul>\n<p data-path-to-node=\"19\"><b data-path-to-node=\"19\" data-index-in-node=\"0\">R\u00e9f\u00e9rence OEM :<\/b><\/p>\n<ul>\n<li data-path-to-node=\"19\">16261-23010, 16261-2301-0, 16261-23012, 16261-23013, 1G910-23010, 1G910-23012, 16265-23013<\/li>\n<\/ul>\n<p>&nbsp;<\/p>\n","protected":false},"excerpt":{"rendered":"<p>&nbsp;<\/p>\n<p>&nbsp;<\/p>\n","protected":false},"featured_media":103971,"comment_status":"open","ping_status":"closed","template":"","meta":[],"product_cat":[19079],"product_tag":[],"class_list":{"0":"post-103995","1":"product","2":"type-product","3":"status-publish","4":"has-post-thumbnail","6":"product_cat-vilebrequin","7":"pa_merk-ausa-fr","8":"pa_merk-avant-fr","9":"pa_merk-bobcat-fr","10":"pa_merk-eurotrac-fr","11":"pa_merk-giant-fr","12":"pa_merk-hitachi-fr","13":"pa_merk-kubota-fr","14":"pa_merk-manitou-fr","15":"pa_motor-d1105-fr","17":"first","18":"instock","19":"sale","20":"taxable","21":"shipping-taxable","22":"purchasable","23":"product-type-simple","24":"col-xs-6 col-sm-4","25":"col-md-3 col-lg-3","26":"un-4-cols"},"_links":{"self":[{"href":"https:\/\/shop4trac.com\/fr\/wp-json\/wp\/v2\/product\/103995","targetHints":{"allow":["GET"]}}],"collection":[{"href":"https:\/\/shop4trac.com\/fr\/wp-json\/wp\/v2\/product"}],"about":[{"href":"https:\/\/shop4trac.com\/fr\/wp-json\/wp\/v2\/types\/product"}],"replies":[{"embeddable":true,"href":"https:\/\/shop4trac.com\/fr\/wp-json\/wp\/v2\/comments?post=103995"}],"wp:featuredmedia":[{"embeddable":true,"href":"https:\/\/shop4trac.com\/fr\/wp-json\/wp\/v2\/media\/103971"}],"wp:attachment":[{"href":"https:\/\/shop4trac.com\/fr\/wp-json\/wp\/v2\/media?parent=103995"}],"wp:term":[{"taxonomy":"product_cat","embeddable":true,"href":"https:\/\/shop4trac.com\/fr\/wp-json\/wp\/v2\/product_cat?post=103995"},{"taxonomy":"product_tag","embeddable":true,"href":"https:\/\/shop4trac.com\/fr\/wp-json\/wp\/v2\/product_tag?post=103995"}],"curies":[{"name":"wp","href":"https:\/\/api.w.org\/{rel}","templated":true}]}}