{"id":103535,"date":"2024-03-29T16:39:24","date_gmt":"2024-03-29T15:39:24","guid":{"rendered":"https:\/\/shop4trac.com\/non%20class\u00e9\/jeu-de-roulements-principaux-mitsubishi-l3a-l3c-l3e\/"},"modified":"2025-08-01T17:23:52","modified_gmt":"2025-08-01T15:23:52","slug":"jeu-de-roulements-principaux-mitsubishi-l3a-l3c-l3e","status":"publish","type":"product","link":"https:\/\/shop4trac.com\/fr\/pieces-de-moteur\/principaux-roulements\/jeu-de-roulements-principaux-mitsubishi-l3a-l3c-l3e\/","title":{"rendered":"Jeu Palier principal Mitsubishi L3A | L3C | L3E"},"content":{"rendered":"<p><strong>Jeu de paliers principaux<\/strong> compos\u00e9 de 1 grande et 3 petites coquilles de palier adapt\u00e9es \u00e0 :<\/p>\n<p><strong>OEM pour r\u00e9f\u00e9rence<\/strong><\/p>\n<ul>\n<li>MM438799<\/li>\n<li>\n<p class=\"p1\">13920003<\/p>\n<\/li>\n<\/ul>\n<p><strong>Mitsubishi<\/strong><\/p>\n<ul>\n<li>MT14, MT15, MT16, MT17D, MT155, MT156, MT165, MT1600, MT1800<\/li>\n<li>MTX13, MTX15<\/li>\n<\/ul>\n<p><strong>Iseki<\/strong><\/p>\n<ul>\n<li>TU125F, TU135F, TU135, TU137<\/li>\n<\/ul>\n<p><strong>Moteurs Mitsubishi<\/strong><\/p>\n<ul>\n<li>L3A, L3C, L3E<\/li>\n<\/ul>\n<p><strong>Autres machines<\/strong><\/p>\n<p><strong>AMI<\/strong>:<\/p>\n<ul>\n<li>GS0011M32S, GS0006M32S<\/li>\n<\/ul>\n<p><strong>ATLAS<\/strong><\/p>\n<ul>\n<li>AM15R, AM16R, AM21R, AM15R, AM16R, AM21R<\/li>\n<\/ul>\n<p><strong>Cas<\/strong><\/p>\n<ul>\n<li>CX15B s\u00e9rie 2, CX17B ZTS, CX18B s\u00e9rie 2<\/li>\n<\/ul>\n<p><strong>Daewoo Doosan<\/strong><\/p>\n<ul>\n<li>SOLAIRE 015+, SOLAIRE 015 PLUS, SOLAIRE 018 VT<\/li>\n<\/ul>\n<p><strong>Eurocomach<\/strong><\/p>\n<ul>\n<li>  ES 150.3, ES 180.3<\/li>\n<\/ul>\n<p><strong>Hanix<\/strong><\/p>\n<ul>\n<li>H22B<\/li>\n<\/ul>\n<p><strong>Hyundai Heavy Industries (Excavatrices)<\/strong><\/p>\n<ul>\n<li>R16-9, R15-7, R16-7, R22-7, Robex 15-7, Robex 16-7, Robex 22-7<\/li>\n<\/ul>\n<p><strong>Kobelco<\/strong><\/p>\n<ul>\n<li>SK70SR, SK70SR-3<\/li>\n<\/ul>\n<p><strong>Magnum<\/strong><\/p>\n<ul>\n<li>MLG8, MLG8, MLT5080, MLT5060, MLT3060, MLT3060, MLT3080, MLT3080, MLT4060, MLT4080<\/li>\n<\/ul>\n<p><strong>Mitsubishi<\/strong><\/p>\n<ul>\n<li>GF130PYS1W, MM20CR, MM20SR, MM20, MM20CR, MM20SR, MM20T, MX15<\/li>\n<\/ul>\n<p><strong>Nouvelle Hollande<\/strong><\/p>\n<ul>\n<li>E16 \u00c9volution, E16, E16B, E18 \u00c9volution, E18, E18 SR, E18B, EC15<\/li>\n<\/ul>\n<p><strong>Nagano<\/strong><\/p>\n<ul>\n<li>NS16-3, NS15-3<\/li>\n<\/ul>\n<p><strong>D&rsquo;ACCORD<\/strong><\/p>\n<ul>\n<li>RH 1,21, RH 1,17<\/li>\n<\/ul>\n<p><strong>Pel Job<\/strong><\/p>\n<ul>\n<li>EB200, EB150, EB14.4, EB12.4, EB16.4<\/li>\n<\/ul>\n<p><strong>Ransomes Jacobsen<\/strong><\/p>\n<ul>\n<li>4000T-23D<\/li>\n<\/ul>\n<p><strong>Samofa<\/strong><\/p>\n<ul>\n<li>Industriel L3E2<\/li>\n<\/ul>\n<p><strong>Sole Diesel<\/strong><\/p>\n<ul>\n<li>Sail-Drive (Mini 26), G-15T-3, groupe \u00e9lectrog\u00e8ne, Mini 26, G-6M-15, G-15M-3<\/li>\n<li>\n<p class=\"p1\">Moteur MINI-29 v6 (3 cylindres)<\/p>\n<\/li>\n<\/ul>\n<p><strong>Trixon<\/strong><\/p>\n<ul>\n<li>N4500<\/li>\n<\/ul>\n<p><strong>Triton<\/strong><\/p>\n<ul>\n<li>15\/6.5<\/li>\n<\/ul>\n<p><strong>Terex<\/strong><\/p>\n<ul>\n<li>Excavatrice Terex TC20, TC16<\/li>\n<\/ul>\n<p><strong>Toro<\/strong><\/p>\n<ul>\n<li>Reelmaster 5100-D, GM 223D, Groundsmaster 323-D, Reelmaster 223-D, Groundsmaster 223-D, Groundsmaster 324-D<\/li>\n<\/ul>\n<p><strong>V\u00e9tus<\/strong><\/p>\n<ul>\n<li>M3.28<\/li>\n<\/ul>\n<p><strong>Volvo<\/strong><\/p>\n<ul>\n<li>EC15BXT, EC13<\/li>\n<\/ul>\n","protected":false},"excerpt":{"rendered":"<p>Jeu de paliers principaux compos\u00e9 de 1 grande et 3 petites coquilles de palier adapt\u00e9es \u00e0 : OEM pour r\u00e9f\u00e9rence MM438799 13920003 Mitsubishi MT14, MT15, MT16, MT17D, MT155, MT156, MT165, MT1600, MT1800 MTX13, MTX15 Iseki TU125F, TU135F, TU135, TU137 Moteurs Mitsubishi L3A, L3C, L3E Autres machines AMI: GS0011M32S, GS0006M32S ATLAS AM15R, AM16R, AM21R, AM15R, AM16R,&hellip;<\/p>\n","protected":false},"featured_media":45289,"comment_status":"open","ping_status":"closed","template":"","meta":[],"product_cat":[454],"product_tag":[],"class_list":{"0":"post-103535","1":"product","2":"type-product","3":"status-publish","4":"has-post-thumbnail","6":"product_cat-principaux-roulements","8":"first","9":"instock","10":"taxable","11":"shipping-taxable","12":"purchasable","13":"product-type-simple","14":"col-xs-6 col-sm-4","15":"col-md-3 col-lg-3","16":"un-4-cols"},"_links":{"self":[{"href":"https:\/\/shop4trac.com\/fr\/wp-json\/wp\/v2\/product\/103535","targetHints":{"allow":["GET"]}}],"collection":[{"href":"https:\/\/shop4trac.com\/fr\/wp-json\/wp\/v2\/product"}],"about":[{"href":"https:\/\/shop4trac.com\/fr\/wp-json\/wp\/v2\/types\/product"}],"replies":[{"embeddable":true,"href":"https:\/\/shop4trac.com\/fr\/wp-json\/wp\/v2\/comments?post=103535"}],"wp:featuredmedia":[{"embeddable":true,"href":"https:\/\/shop4trac.com\/fr\/wp-json\/wp\/v2\/media\/45289"}],"wp:attachment":[{"href":"https:\/\/shop4trac.com\/fr\/wp-json\/wp\/v2\/media?parent=103535"}],"wp:term":[{"taxonomy":"product_cat","embeddable":true,"href":"https:\/\/shop4trac.com\/fr\/wp-json\/wp\/v2\/product_cat?post=103535"},{"taxonomy":"product_tag","embeddable":true,"href":"https:\/\/shop4trac.com\/fr\/wp-json\/wp\/v2\/product_tag?post=103535"}],"curies":[{"name":"wp","href":"https:\/\/api.w.org\/{rel}","templated":true}]}}