{"id":103336,"date":"2024-03-27T17:05:59","date_gmt":"2024-03-27T16:05:59","guid":{"rendered":"https:\/\/shop4trac.com\/non%20class\u00e9\/jante-dessieu-traversant-moyeu-de-roue-kubota-b5000-b7100-b1200-b2150\/"},"modified":"2026-03-31T10:16:29","modified_gmt":"2026-03-31T09:16:29","slug":"jante-dessieu-traversant-moyeu-de-roue-kubota-b5000-b7100-b1200-b2150","status":"publish","type":"product","link":"https:\/\/shop4trac.com\/fr\/embrayage-transmission\/moyeu-de-roue\/jante-dessieu-traversant-moyeu-de-roue-kubota-b5000-b7100-b1200-b2150\/","title":{"rendered":"Jante d&rsquo;arbre d&rsquo;essieu \u2013 Moyeu de roue Kubota B5000 \u2013 B7001 | B1200 \u2013 B1702"},"content":{"rendered":"<p>Montage sur le moyeu d&rsquo;essieu pour les tracteurs suivants.  <span style=\"text-decoration: underline\"><strong>Ceux-ci sont nouveaux !<\/strong><\/span><\/p>\n<p><strong>Donn\u00e9es techniques :<\/strong><\/p>\n<ul>\n<li>Ouverture du moyeu : 1,75&Prime; (44,45 mm)<\/li>\n<li>Longueur de l&rsquo;hexagone : 1,05&Prime; (26,55 mm)<\/li>\n<li>Largeur hors tout&nbsp;: 5,93&nbsp;po (150,50&nbsp;mm)<\/li>\n<li>Trou de boulon&nbsp;: 0,54&nbsp;po (13,8&nbsp;mm)<\/li>\n<li>Boulon centre \u00e0 centre du c\u00f4t\u00e9 oppos\u00e9&nbsp;: 4,685&nbsp;po (119&nbsp;mm)<\/li>\n<li>Boulon centre \u00e0 centre suivant environ : 2,35&Prime; (59,60 mm)<\/li>\n<\/ul>\n<p><strong>Kubota<\/strong><\/p>\n<ul>\n<li>B5000, B5001, B6001, B7000, B7001<\/li>\n<li>B1200, B1400, B1402, B1500, B1502, B1600, B1702 <span style=\"text-decoration: underline\"><strong>Personnalisation des couleurs, doit \u00eatre blanc pour ces tracteurs<\/strong><\/span><\/li>\n<li>B1-14, B1-15, B1-16, B1-17 <span style=\"text-decoration: underline\"><strong>Personnalisation des couleurs, doit \u00eatre blanc pour ces tracteurs<\/strong><\/span><\/li>\n<li>B10, B40 <span style=\"text-decoration: underline\"><strong>R\u00e9glage des couleurs, doit \u00eatre blanc pour ces tracteurs<\/strong><\/span><\/li>\n<li>a13, A-13 Aste, A14, A-14 Aste <span style=\"text-decoration: underline\"><strong>R\u00e9glage des couleurs, doit \u00eatre blanc pour ces tracteurs<\/strong><\/span><\/li>\n<\/ul>\n<p><strong>Yanmar<\/strong><\/p>\n<ul>\n<li>YM135, YM155, YM1300, YM1301 \u2013 <span style=\"text-decoration: underline\"><strong>Personnalisation des couleurs, doit \u00eatre blanc pour ces tracteurs<\/strong><\/span><\/li>\n<\/ul>\n<p><strong>Zen-N\u00f4<\/strong><\/p>\n<ul>\n<li>ZB1200, ZB1400, ZB1402, ZB1500, ZB1502, ZB5000, ZB5001, ZB6000, ZB6001, ZB7000, ZB7001<\/li>\n<\/ul>\n<p><strong>OEM pour r\u00e9f\u00e9rence<\/strong><\/p>\n<ul>\n<li>66621-1715-2, 66621-17152<\/li>\n<li>66621-1715-0, 66621-17150<\/li>\n<li>194200-34711 \u2013 Notez la couleur, elle doit \u00eatre blanche !<\/li>\n<li>67980-82400<\/li>\n<li>66621-1715-1, 66621-17151<\/li>\n<li>66611-1741-1, 66611-17411, 66611-1741-0. 66611-17410<\/li>\n<\/ul>\n","protected":false},"excerpt":{"rendered":"<p>Montage sur le moyeu d&rsquo;essieu pour les tracteurs suivants. Ceux-ci sont nouveaux ! Donn\u00e9es techniques : Ouverture du moyeu : 1,75&Prime; (44,45 mm) Longueur de l&rsquo;hexagone : 1,05&Prime; (26,55 mm) Largeur hors tout&nbsp;: 5,93&nbsp;po (150,50&nbsp;mm) Trou de boulon&nbsp;: 0,54&nbsp;po (13,8&nbsp;mm) Boulon centre \u00e0 centre du c\u00f4t\u00e9 oppos\u00e9&nbsp;: 4,685&nbsp;po (119&nbsp;mm) Boulon centre \u00e0 centre suivant environ&hellip;<\/p>\n","protected":false},"featured_media":148445,"comment_status":"open","ping_status":"closed","template":"","meta":[],"product_cat":[19067,21349],"product_tag":[],"class_list":{"0":"post-103336","1":"product","2":"type-product","3":"status-publish","4":"has-post-thumbnail","6":"product_cat-moyeu-de-roue","7":"product_cat-jante-roue","8":"pa_merk-kubota-fr","9":"pa_merk-zen-noh-fr","11":"first","12":"instock","13":"sale","14":"featured","15":"taxable","16":"shipping-taxable","17":"purchasable","18":"product-type-simple","19":"col-xs-6 col-sm-4","20":"col-md-3 col-lg-3","21":"un-4-cols"},"_links":{"self":[{"href":"https:\/\/shop4trac.com\/fr\/wp-json\/wp\/v2\/product\/103336","targetHints":{"allow":["GET"]}}],"collection":[{"href":"https:\/\/shop4trac.com\/fr\/wp-json\/wp\/v2\/product"}],"about":[{"href":"https:\/\/shop4trac.com\/fr\/wp-json\/wp\/v2\/types\/product"}],"replies":[{"embeddable":true,"href":"https:\/\/shop4trac.com\/fr\/wp-json\/wp\/v2\/comments?post=103336"}],"wp:featuredmedia":[{"embeddable":true,"href":"https:\/\/shop4trac.com\/fr\/wp-json\/wp\/v2\/media\/148445"}],"wp:attachment":[{"href":"https:\/\/shop4trac.com\/fr\/wp-json\/wp\/v2\/media?parent=103336"}],"wp:term":[{"taxonomy":"product_cat","embeddable":true,"href":"https:\/\/shop4trac.com\/fr\/wp-json\/wp\/v2\/product_cat?post=103336"},{"taxonomy":"product_tag","embeddable":true,"href":"https:\/\/shop4trac.com\/fr\/wp-json\/wp\/v2\/product_tag?post=103336"}],"curies":[{"name":"wp","href":"https:\/\/api.w.org\/{rel}","templated":true}]}}