{"id":103166,"date":"2024-03-24T20:05:05","date_gmt":"2024-03-24T19:05:05","guid":{"rendered":"https:\/\/shop4trac.com\/non%20class\u00e9\/joint-de-vilebrequin-avantarriere-iseki-ts-tl-ta-tu\/"},"modified":"2025-11-30T14:32:13","modified_gmt":"2025-11-30T12:32:13","slug":"joint-de-vilebrequin-avantarriere-iseki-ts-tl-ta-tu","status":"publish","type":"product","link":"https:\/\/shop4trac.com\/fr\/embrayage-transmission\/joint\/joint-de-vilebrequin-avantarriere-iseki-ts-tl-ta-tu\/","title":{"rendered":"Joint de vilebrequin avant+arri\u00e8re Iseki TS | TL | TA | TU"},"content":{"rendered":"<p>Sceau \u00e0 huile avant + arri\u00e8re ( Vilebrequin ) adapt\u00e9 \u00e0:<\/p>\n<p>Dos&nbsp;: 85x110x13 mm, AH3786E<\/p>\n<p>Avant : 50x68x9<\/p>\n<p><strong>Iseki<\/strong><\/p>\n<ul>\n<li>TS1610, TS1910, TS2200, TS2202, TS2205, TS2210, TS2220, TS2400, TS2500<\/li>\n<li>TS1610F, TS1910F, TS2220F, TS2000F, TS2510F<\/li>\n<li>TS2810, TS3110, TS3510, TS3910, TS4510<\/li>\n<li>TA207, TA210, TA215, TA227, TA230, TA235, TA247, TA250, TA255, TA262, TA267, TA270, TA287, TA317<\/li>\n<li>TA530, 5040, 5035<\/li>\n<li>TU180, TU185, TU197, TU200, TU205, TU217, TU220, TU225, TU237, TU240, TU245, TU257<\/li>\n<li>TE3210<\/li>\n<li>Iseki TL1900, TL2100, TL2101, TL2300, TL2301, TL2500, TL2501, TL2700, TL2701<\/li>\n<li>TE4270, TE4350, TE3210<\/li>\n<li>TL1900, TL1901<\/li>\n<li>TU1700, TU1701, TU1900, TU1901, TU2100, TU2101<\/li>\n<li>TU1700, TU1700F, TU1900, TU1900F, TU2100, TU2100F, TU1701, TU1701F, TU1901, TU1901F, TU2101, TU2101F, TL1900, TL1900F<\/li>\n<\/ul>\n<div class=\"short-description value\">\n<p><strong>Bolens<\/strong><\/p>\n<ul>\n<li>G212, G214, G272, G274<\/li>\n<li>2102, 2104, 2702, 2704<\/li>\n<\/ul>\n<\/div>\n<p><strong>Massey Ferguson<\/strong><\/p>\n<ul>\n<li>1125, 1140, 1145, 1240, 1250, 1260<\/li>\n<\/ul>\n<p><strong>Patron de champ blanc<\/strong><\/p>\n<ul>\n<li>FB31<\/li>\n<\/ul>\n<p><strong>DAEWOO<\/strong><\/p>\n<ul>\n<li>DH50<\/li>\n<\/ul>\n<p><strong>TMC<\/strong><\/p>\n<ul>\n<li>C240<\/li>\n<\/ul>\n<p><strong>Bolens<\/strong><\/p>\n<ul>\n<li>G174, G194, G242, G244<\/li>\n<\/ul>\n<ul>\n<li>G212, G214, G272, G274<\/li>\n<\/ul>\n<p><strong>Patron de champ blanc<\/strong><\/p>\n<ul>\n<li>21, 31<\/li>\n<\/ul>\n<p><strong>Massey Ferguson<\/strong><\/p>\n<ul>\n<li>1125, 1140, 1145, 1240 (avec moteur Isuzu !), 1250 (avec moteur Isuzu), 1260 (avec moteur Isuzu)<\/li>\n<\/ul>\n<p><strong>Moteur Isuzu<\/strong><\/p>\n<ul>\n<li>\n<div class=\"flex-1 overflow-hidden\">\n<div class=\"react-scroll-to-bottom--css-mgtiq-79elbk h-full\">\n<div class=\"react-scroll-to-bottom--css-mgtiq-1n7m0yu\">\n<div class=\"flex flex-col text-sm pb-9\">\n<div class=\"w-full text-token-text-primary\" data-testid=\"conversation-turn-7\">\n<div class=\"px-4 py-2 justify-center text-base md:gap-6 m-auto\">\n<div class=\"flex flex-1 text-base mx-auto gap-3 md:px-5 lg:px-1 xl:px-5 md:max-w-3xl lg:max-w-[40rem] xl:max-w-[48rem] group final-completion\">\n<div class=\"relative flex w-full flex-col agent-turn\">\n<div class=\"flex-col gap-1 md:gap-3\">\n<div class=\"flex flex-grow flex-col max-w-full\">\n<div class=\"min-h-[20px] text-message flex flex-col items-start gap-3 whitespace-pre-wrap break-words [.text-message+&amp;]:mt-5 overflow-x-auto\" data-message-author-role=\"assistant\" data-message-id=\"389fea4e-40ea-486a-a6fe-b37d67635989\">\n<div class=\"markdown prose w-full break-words dark:prose-invert light\">\n<p>2AA1, 2AB1, 3AA1, 3AB1, 3AD1, 3AF1, 3AG1, E3AD1, E3AE1, E3AF1, E3AG1<\/p>\n<\/div>\n<\/div>\n<\/div>\n<div class=\"mt-1 flex justify-start gap-3 empty:hidden\"><\/div>\n<\/div>\n<\/div>\n<\/div>\n<\/div>\n<\/div>\n<\/div>\n<\/div>\n<\/div>\n<\/div>\n<\/li>\n<\/ul>\n<p><strong>OEM pour r\u00e9f\u00e9rence<\/strong><\/p>\n<ul>\n<li>6509-625-0360-0, 65096250360<\/li>\n<li>569099244490, 5890-992-4449-0<\/li>\n<li>6509-625-079-00, 650962507900<\/li>\n<li>AH3786E<\/li>\n<\/ul>\n<p>&nbsp;<\/p>\n","protected":false},"excerpt":{"rendered":"<p>Sceau \u00e0 huile avant + arri\u00e8re ( Vilebrequin ) adapt\u00e9 \u00e0: Dos&nbsp;: 85x110x13 mm, AH3786E Avant : 50x68x9 Iseki TS1610, TS1910, TS2200, TS2202, TS2205, TS2210, TS2220, TS2400, TS2500 TS1610F, TS1910F, TS2220F, TS2000F, TS2510F TS2810, TS3110, TS3510, TS3910, TS4510 TA207, TA210, TA215, TA227, TA230, TA235, TA247, TA250, TA255, TA262, TA267, TA270, TA287, TA317 TA530, 5040, 5035&hellip;<\/p>\n","protected":false},"featured_media":103147,"comment_status":"open","ping_status":"closed","template":"","meta":[],"product_cat":[5936,16804],"product_tag":[],"class_list":{"0":"post-103166","1":"product","2":"type-product","3":"status-publish","4":"has-post-thumbnail","6":"product_cat-joint","7":"product_cat-joint-dembrayage","8":"pa_merk-bolens-fr","9":"pa_merk-iseki-fr","10":"pa_merk-massey-ferguson-fr","12":"first","13":"instock","14":"taxable","15":"shipping-taxable","16":"purchasable","17":"product-type-simple","18":"col-xs-6 col-sm-4","19":"col-md-3 col-lg-3","20":"un-4-cols"},"_links":{"self":[{"href":"https:\/\/shop4trac.com\/fr\/wp-json\/wp\/v2\/product\/103166","targetHints":{"allow":["GET"]}}],"collection":[{"href":"https:\/\/shop4trac.com\/fr\/wp-json\/wp\/v2\/product"}],"about":[{"href":"https:\/\/shop4trac.com\/fr\/wp-json\/wp\/v2\/types\/product"}],"replies":[{"embeddable":true,"href":"https:\/\/shop4trac.com\/fr\/wp-json\/wp\/v2\/comments?post=103166"}],"wp:featuredmedia":[{"embeddable":true,"href":"https:\/\/shop4trac.com\/fr\/wp-json\/wp\/v2\/media\/103147"}],"wp:attachment":[{"href":"https:\/\/shop4trac.com\/fr\/wp-json\/wp\/v2\/media?parent=103166"}],"wp:term":[{"taxonomy":"product_cat","embeddable":true,"href":"https:\/\/shop4trac.com\/fr\/wp-json\/wp\/v2\/product_cat?post=103166"},{"taxonomy":"product_tag","embeddable":true,"href":"https:\/\/shop4trac.com\/fr\/wp-json\/wp\/v2\/product_tag?post=103166"}],"curies":[{"name":"wp","href":"https:\/\/api.w.org\/{rel}","templated":true}]}}