{"id":100889,"date":"2024-03-05T18:47:37","date_gmt":"2024-03-05T17:47:37","guid":{"rendered":"https:\/\/shop4trac.com\/non%20class\u00e9\/pompe-a-eau-shibaura-e643-perkins-102-04-102-05-103-06-103-07\/"},"modified":"2026-03-05T11:22:30","modified_gmt":"2026-03-05T10:22:30","slug":"pompe-a-eau-shibaura-e643-perkins-102-04-102-05-103-06-103-07","status":"publish","type":"product","link":"https:\/\/shop4trac.com\/fr\/refroidissement-et-radiateurs\/pompes-a-eau\/pompe-a-eau-shibaura-e643-perkins-102-04-102-05-103-06-103-07\/","title":{"rendered":"Pompe \u00e0 eau Shibaura E643 | Perkins 102-04 | 102-05 | 103-06 | 103-07"},"content":{"rendered":"<p>Pompe \u00e0 eau de qualit\u00e9 premium adapt\u00e9e aux mod\u00e8les suivants :<\/p>\n<p><strong>Shibaura<\/strong><\/p>\n<p><span style=\"text-decoration: underline;\">Moteur<\/span><\/p>\n<ul>\n<li>E643, E673, E642, E672<\/li>\n<\/ul>\n<p><span style=\"text-decoration: underline;\">Top model<\/span><\/p>\n<ul>\n<li>GT141, GT141A, GT141J, GT161<\/li>\n<\/ul>\n<p><strong>Perkins<\/strong><\/p>\n<ul>\n<li>102-04, 102-05, 103-06, 103-07<\/li>\n<li>GG 402D-05, GH 403D-07, HD, HB, HD, KA 102-04, KB 103-06, KL 103-07, KLC, KN 102-05, KNC<\/li>\n<\/ul>\n<p><strong>Nouvelle Hollande<\/strong><\/p>\n<ul>\n<li>GT65<\/li>\n<li>LGT14D, GT75, LGT16D<\/li>\n<\/ul>\n<p><strong>La pelouse de Ransome<\/strong><\/p>\n<ul>\n<li>CG161<\/li>\n<\/ul>\n<p><strong>OEM pour r\u00e9f\u00e9rence<\/strong><\/p>\n<ul>\n<li>145017082, 145017150, 145017151<\/li>\n<li>SBA145017151, SBA145016850 SBA145017150<\/li>\n<li>14501-7150 14501-7151 81868777 83995658 S145017151<\/li>\n<li>145017400, 145017390<\/li>\n<\/ul>\n","protected":false},"excerpt":{"rendered":"<p>Pompe \u00e0 eau de qualit\u00e9 premium adapt\u00e9e aux mod\u00e8les suivants : Shibaura Moteur E643, E673, E642, E672 Top model GT141, GT141A, GT141J, GT161 Perkins 102-04, 102-05, 103-06, 103-07 GG 402D-05, GH 403D-07, HD, HB, HD, KA 102-04, KB 103-06, KL 103-07, KLC, KN 102-05, KNC Nouvelle Hollande GT65 LGT14D, GT75, LGT16D La pelouse de Ransome&hellip;<\/p>\n","protected":false},"featured_media":103511,"comment_status":"open","ping_status":"closed","template":"","meta":[],"product_cat":[437],"product_tag":[],"class_list":{"0":"post-100889","1":"product","2":"type-product","3":"status-publish","4":"has-post-thumbnail","6":"product_cat-pompes-a-eau","7":"pa_merk-new-holland-fr","8":"pa_merk-perkins-fr","9":"pa_merk-ransomes-fr","10":"pa_merk-shibaura-fr","12":"first","13":"instock","14":"sale","15":"taxable","16":"shipping-taxable","17":"purchasable","18":"product-type-simple","19":"col-xs-6 col-sm-4","20":"col-md-3 col-lg-3","21":"un-4-cols"},"_links":{"self":[{"href":"https:\/\/shop4trac.com\/fr\/wp-json\/wp\/v2\/product\/100889","targetHints":{"allow":["GET"]}}],"collection":[{"href":"https:\/\/shop4trac.com\/fr\/wp-json\/wp\/v2\/product"}],"about":[{"href":"https:\/\/shop4trac.com\/fr\/wp-json\/wp\/v2\/types\/product"}],"replies":[{"embeddable":true,"href":"https:\/\/shop4trac.com\/fr\/wp-json\/wp\/v2\/comments?post=100889"}],"wp:featuredmedia":[{"embeddable":true,"href":"https:\/\/shop4trac.com\/fr\/wp-json\/wp\/v2\/media\/103511"}],"wp:attachment":[{"href":"https:\/\/shop4trac.com\/fr\/wp-json\/wp\/v2\/media?parent=100889"}],"wp:term":[{"taxonomy":"product_cat","embeddable":true,"href":"https:\/\/shop4trac.com\/fr\/wp-json\/wp\/v2\/product_cat?post=100889"},{"taxonomy":"product_tag","embeddable":true,"href":"https:\/\/shop4trac.com\/fr\/wp-json\/wp\/v2\/product_tag?post=100889"}],"curies":[{"name":"wp","href":"https:\/\/api.w.org\/{rel}","templated":true}]}}