{"id":6805,"date":"2020-02-18T16:05:31","date_gmt":"2020-02-18T15:05:31","guid":{"rendered":"https:\/\/shop4trac.com\/panier"},"modified":"2023-12-11T16:44:59","modified_gmt":"2023-12-11T15:44:59","slug":"panier","status":"publish","type":"page","link":"https:\/\/shop4trac.com\/fr\/panier\/","title":{"rendered":"Panier"},"content":{"rendered":"\t\t<div data-elementor-type=\"wp-page\" data-elementor-id=\"6805\" class=\"elementor elementor-6805 elementor-2767\">\n\t\t\t\t\t\t<section class=\"elementor-section elementor-top-section elementor-element elementor-element-56711e83 elementor-section-full_width elementor-section-height-default elementor-section-height-default\" data-id=\"56711e83\" data-element_type=\"section\" data-e-type=\"section\">\n\t\t\t\t\t\t<div class=\"elementor-container elementor-column-gap-default\">\n\t\t\t\t\t<div class=\"elementor-column elementor-col-100 elementor-top-column elementor-element elementor-element-40c50787\" data-id=\"40c50787\" data-element_type=\"column\" data-e-type=\"column\">\n\t\t\t<div class=\"elementor-widget-wrap elementor-element-populated\">\n\t\t\t\t\t\t<div class=\"elementor-element elementor-element-58ae7a30 elementor-widget elementor-widget-shortcode\" data-id=\"58ae7a30\" data-element_type=\"widget\" data-e-type=\"widget\" data-widget_type=\"shortcode.default\">\n\t\t\t\t<div class=\"elementor-widget-container\">\n\t\t\t\t\t\t\t<div class=\"elementor-shortcode\"><\/div>\n\t\t\t\t\t\t<\/div>\n\t\t\t\t<\/div>\n\t\t\t\t<div class=\"elementor-element elementor-element-88c280c elementor-widget elementor-widget-image\" data-id=\"88c280c\" data-element_type=\"widget\" data-e-type=\"widget\" data-widget_type=\"image.default\">\n\t\t\t\t<div class=\"elementor-widget-container\">\n\t\t\t\t\t\t\t\t\t\t\t\t\t\t\t<img decoding=\"async\" src=\"https:\/\/shop4trac.com\/wp-content\/uploads\/2023\/04\/payment-methods.png\" title=\"\" alt=\"\" loading=\"lazy\" \/>\t\t\t\t\t\t\t\t\t\t\t\t\t\t\t<\/div>\n\t\t\t\t<\/div>\n\t\t\t\t\t<\/div>\n\t\t<\/div>\n\t\t\t\t\t<\/div>\n\t\t<\/section>\n\t\t\t\t<section class=\"elementor-section elementor-top-section elementor-element elementor-element-92786f4 elementor-section-full_width elementor-section-height-default elementor-section-height-default\" data-id=\"92786f4\" data-element_type=\"section\" data-e-type=\"section\">\n\t\t\t\t\t\t<div class=\"elementor-container elementor-column-gap-default\">\n\t\t\t\t\t<div class=\"elementor-column elementor-col-100 elementor-top-column elementor-element elementor-element-94caa53\" data-id=\"94caa53\" data-element_type=\"column\" data-e-type=\"column\">\n\t\t\t<div class=\"elementor-widget-wrap elementor-element-populated\">\n\t\t\t\t\t\t<div class=\"elementor-element elementor-element-3c18a1d elementor-widget-divider--view-line elementor-widget elementor-widget-divider\" data-id=\"3c18a1d\" data-element_type=\"widget\" data-e-type=\"widget\" data-widget_type=\"divider.default\">\n\t\t\t\t<div class=\"elementor-widget-container\">\n\t\t\t\t\t\t\t<div class=\"elementor-divider\">\n\t\t\t<span class=\"elementor-divider-separator\">\n\t\t\t\t\t\t<\/span>\n\t\t<\/div>\n\t\t\t\t\t\t<\/div>\n\t\t\t\t<\/div>\n\t\t\t\t<div class=\"elementor-element elementor-element-ff3e27c elementor-widget elementor-widget-heading\" data-id=\"ff3e27c\" data-element_type=\"widget\" data-e-type=\"widget\" data-widget_type=\"heading.default\">\n\t\t\t\t<div class=\"elementor-widget-container\">\n\t\t\t\t\t<h3 class=\"elementor-heading-title elementor-size-default\">Produits r\u00e9cemment consult\u00e9s<\/h3>\t\t\t\t<\/div>\n\t\t\t\t<\/div>\n\t\t\t\t<div class=\"elementor-element elementor-element-ca117a9 elementor-widget elementor-widget-martfury-recently-viewed-products\" data-id=\"ca117a9\" data-element_type=\"widget\" data-e-type=\"widget\" data-widget_type=\"martfury-recently-viewed-products.default\">\n\t\t\t\t<div class=\"elementor-widget-container\">\n\t\t\t\t\t<div class=\"mf-product-recently-viewed woocommerce\"><ul class=\"products columns-6\">\n<li class=\"col-xs-6 col-sm-4 col-md-3 col-lg-2 un-6-cols product type-product post-18953 status-publish first instock product_cat-filtres-a-huile-moteur product_tag-snelparts-fr has-post-thumbnail taxable shipping-taxable purchasable product-type-simple\">\n\t<div class=\"product-inner  clearfix\"><div class=\"mf-product-thumbnail\"><a href=\"https:\/\/shop4trac.com\/fr\/filtres\/filtres-a-huile-moteur\/filtre-a-huile-shibaura\/\"><img fetchpriority=\"high\" decoding=\"async\" width=\"300\" height=\"300\" src=\"https:\/\/shop4trac.com\/wp-content\/uploads\/2020\/02\/O3-1-1011613-300x300.jpg\" class=\"attachment-woocommerce_thumbnail size-woocommerce_thumbnail\" alt=\"Filtre \u00e0 huile | Shibaura |\" srcset=\"https:\/\/shop4trac.com\/wp-content\/uploads\/2020\/02\/O3-1-1011613-300x300.jpg 300w, https:\/\/shop4trac.com\/wp-content\/uploads\/2020\/02\/O3-1-1011613-100x100.jpg 100w, https:\/\/shop4trac.com\/wp-content\/uploads\/2020\/02\/O3-1-1011613-600x600.jpg 600w\" sizes=\"(max-width: 300px) 100vw, 300px\" \/><img decoding=\"async\" width=\"300\" height=\"300\" src=\"https:\/\/shop4trac.com\/wp-content\/uploads\/2020\/02\/O3-2-1011616-300x300.jpg\" class=\"attachment-woocommerce_thumbnail size-woocommerce_thumbnail hover-image\" alt=\"Filtre \u00e0 huile | Shibaura |\" srcset=\"https:\/\/shop4trac.com\/wp-content\/uploads\/2020\/02\/O3-2-1011616-300x300.jpg 300w, https:\/\/shop4trac.com\/wp-content\/uploads\/2020\/02\/O3-2-1011616-100x100.jpg 100w, https:\/\/shop4trac.com\/wp-content\/uploads\/2020\/02\/O3-2-1011616-600x600.jpg 600w\" sizes=\"(max-width: 300px) 100vw, 300px\" \/><\/a><\/div><div class=\"mf-product-details\"><div class=\"mf-product-content\"><h2 class=\"woo-loop-product__title\"><a href=\"https:\/\/shop4trac.com\/fr\/filtres\/filtres-a-huile-moteur\/filtre-a-huile-shibaura\/\">Filtre \u00e0 huile | Shibaura |<\/a><\/h2><\/div><div class=\"mf-product-price-box\">\n\t<span class=\"price\"><span class=\"woocommerce-Price-amount amount\"><bdi><span class=\"woocommerce-Price-currencySymbol\">\u20ac<\/span>12,50<\/bdi><\/span> <small class=\"woocommerce-price-suffix\">TTC<\/small><\/span>\n<\/div><span class=\"gtm4wp_productdata\" style=\"display:none; visibility:hidden;\" data-gtm4wp_product_data=\"{&quot;internal_id&quot;:18953,&quot;item_id&quot;:18953,&quot;item_name&quot;:&quot;Filtre \\u00e0 huile | Shibaura |&quot;,&quot;sku&quot;:&quot;SKU-003&quot;,&quot;price&quot;:12.5,&quot;stocklevel&quot;:2,&quot;stockstatus&quot;:&quot;instock&quot;,&quot;google_business_vertical&quot;:&quot;retail&quot;,&quot;item_category&quot;:&quot;Filtres \\u00e0 huile moteur&quot;,&quot;id&quot;:18953,&quot;productlink&quot;:&quot;https:\\\/\\\/shop4trac.com\\\/fr\\\/filtres\\\/filtres-a-huile-moteur\\\/filtre-a-huile-shibaura\\\/&quot;,&quot;item_list_name&quot;:&quot;Liste g\\u00e9n\\u00e9rale des produits&quot;,&quot;index&quot;:1,&quot;product_type&quot;:&quot;simple&quot;,&quot;item_brand&quot;:&quot;&quot;}\"><\/span><\/div><\/div><\/li>\n<li class=\"col-xs-6 col-sm-4 col-md-3 col-lg-2 un-6-cols product type-product post-19247 status-publish instock product_cat-filtres-hydrauliques product_tag-snelparts-fr has-post-thumbnail sale taxable shipping-taxable purchasable product-type-simple\">\n\t<div class=\"product-inner  clearfix\"><div class=\"mf-product-thumbnail\"><a href=\"https:\/\/shop4trac.com\/fr\/filtres\/filtres-hydrauliques\/filtre-hydraulique-mitsubishi-mt\/\"><img decoding=\"async\" width=\"300\" height=\"300\" src=\"https:\/\/shop4trac.com\/wp-content\/uploads\/2020\/02\/Hydro-mt-5-scaled-300x300.jpg\" class=\"attachment-woocommerce_thumbnail size-woocommerce_thumbnail\" alt=\"Filtre hydraulique Mitsubishi MT\" srcset=\"https:\/\/shop4trac.com\/wp-content\/uploads\/2020\/02\/Hydro-mt-5-scaled-300x300.jpg 300w, https:\/\/shop4trac.com\/wp-content\/uploads\/2020\/02\/Hydro-mt-5-scaled-100x100.jpg 100w, https:\/\/shop4trac.com\/wp-content\/uploads\/2020\/02\/Hydro-mt-5-scaled-600x600.jpg 600w\" sizes=\"(max-width: 300px) 100vw, 300px\" \/><img loading=\"lazy\" decoding=\"async\" width=\"300\" height=\"300\" src=\"https:\/\/shop4trac.com\/wp-content\/uploads\/2020\/02\/hydro-mt-3-scaled-300x300.jpg\" class=\"attachment-woocommerce_thumbnail size-woocommerce_thumbnail hover-image\" alt=\"Filtre hydraulique Mitsubishi MT\" srcset=\"https:\/\/shop4trac.com\/wp-content\/uploads\/2020\/02\/hydro-mt-3-scaled-300x300.jpg 300w, https:\/\/shop4trac.com\/wp-content\/uploads\/2020\/02\/hydro-mt-3-scaled-100x100.jpg 100w, https:\/\/shop4trac.com\/wp-content\/uploads\/2020\/02\/hydro-mt-3-scaled-600x600.jpg 600w\" sizes=\"(max-width: 300px) 100vw, 300px\" \/><\/a><\/div><div class=\"mf-product-details\"><div class=\"mf-product-content\"><h2 class=\"woo-loop-product__title\"><a href=\"https:\/\/shop4trac.com\/fr\/filtres\/filtres-hydrauliques\/filtre-hydraulique-mitsubishi-mt\/\">Filtre hydraulique Mitsubishi MT MT16 \u2013 MT20 | MT165 \u2013 MT205<\/a><\/h2><\/div><div class=\"mf-product-price-box\">\n\t<span class=\"price\"><ins><span class=\"woocommerce-Price-amount amount\"><bdi><span class=\"woocommerce-Price-currencySymbol\">\u20ac<\/span>22,50<\/bdi><\/span><\/ins><del><span class=\"woocommerce-Price-amount amount\"><bdi><span class=\"woocommerce-Price-currencySymbol\">\u20ac<\/span>42,50<\/bdi><\/span><\/del> <small class=\"woocommerce-price-suffix\">TTC<\/small><\/span>\n<\/div><span class=\"gtm4wp_productdata\" style=\"display:none; visibility:hidden;\" data-gtm4wp_product_data=\"{&quot;internal_id&quot;:19247,&quot;item_id&quot;:19247,&quot;item_name&quot;:&quot;Filtre hydraulique Mitsubishi MT MT16 - MT20 | MT165 - MT205&quot;,&quot;sku&quot;:&quot;SKU-250007&quot;,&quot;price&quot;:22.5,&quot;stocklevel&quot;:33,&quot;stockstatus&quot;:&quot;instock&quot;,&quot;google_business_vertical&quot;:&quot;retail&quot;,&quot;item_category&quot;:&quot;Filtres hydrauliques&quot;,&quot;id&quot;:19247,&quot;productlink&quot;:&quot;https:\\\/\\\/shop4trac.com\\\/fr\\\/filtres\\\/filtres-hydrauliques\\\/filtre-hydraulique-mitsubishi-mt\\\/&quot;,&quot;item_list_name&quot;:&quot;Liste g\\u00e9n\\u00e9rale des produits&quot;,&quot;index&quot;:2,&quot;product_type&quot;:&quot;simple&quot;,&quot;item_brand&quot;:&quot;&quot;}\"><\/span><\/div><\/div><\/li>\n<li class=\"col-xs-6 col-sm-4 col-md-3 col-lg-2 un-6-cols product type-product post-195307 status-publish instock product_cat-joints-detancheite has-post-thumbnail sale taxable shipping-taxable purchasable product-type-simple\">\n\t<div class=\"product-inner  clearfix\"><div class=\"mf-product-thumbnail\"><a href=\"https:\/\/shop4trac.com\/fr\/pieces-de-moteur\/joints-detancheite\/joint-de-collecteur-dechappement-mitsubishi-k2b-k2c-ke55-iseki\/\"><img loading=\"lazy\" decoding=\"async\" width=\"300\" height=\"300\" src=\"https:\/\/shop4trac.com\/wp-content\/uploads\/2026\/03\/K2B-exhaust-300x300.jpg\" class=\"attachment-woocommerce_thumbnail size-woocommerce_thumbnail\" alt=\"Joint de collecteur d\u00e9chappement Mitsubishi | K2B | K2C | KE55 | Iseki\" srcset=\"https:\/\/shop4trac.com\/wp-content\/uploads\/2026\/03\/K2B-exhaust-300x300.jpg 300w, https:\/\/shop4trac.com\/wp-content\/uploads\/2026\/03\/K2B-exhaust-1024x1024.jpg 1024w, https:\/\/shop4trac.com\/wp-content\/uploads\/2026\/03\/K2B-exhaust-150x150.jpg 150w, https:\/\/shop4trac.com\/wp-content\/uploads\/2026\/03\/K2B-exhaust-768x768.jpg 768w, https:\/\/shop4trac.com\/wp-content\/uploads\/2026\/03\/K2B-exhaust-1536x1536.jpg 1536w, https:\/\/shop4trac.com\/wp-content\/uploads\/2026\/03\/K2B-exhaust-2048x2048.jpg 2048w, https:\/\/shop4trac.com\/wp-content\/uploads\/2026\/03\/K2B-exhaust-370x370.jpg 370w, https:\/\/shop4trac.com\/wp-content\/uploads\/2026\/03\/K2B-exhaust-600x600.jpg 600w, https:\/\/shop4trac.com\/wp-content\/uploads\/2026\/03\/K2B-exhaust-100x100.jpg 100w\" sizes=\"(max-width: 300px) 100vw, 300px\" \/><\/a><\/div><div class=\"mf-product-details\"><div class=\"mf-product-content\"><h2 class=\"woo-loop-product__title\"><a href=\"https:\/\/shop4trac.com\/fr\/pieces-de-moteur\/joints-detancheite\/joint-de-collecteur-dechappement-mitsubishi-k2b-k2c-ke55-iseki\/\">Joint de collecteur d\u00e9chappement Mitsubishi | K2B | K2C | KE55 | Iseki<\/a><\/h2><\/div><div class=\"mf-product-price-box\">\n\t<span class=\"price\"><ins><span class=\"woocommerce-Price-amount amount\"><bdi><span class=\"woocommerce-Price-currencySymbol\">\u20ac<\/span>12,50<\/bdi><\/span><\/ins><del><span class=\"woocommerce-Price-amount amount\"><bdi><span class=\"woocommerce-Price-currencySymbol\">\u20ac<\/span>19,50<\/bdi><\/span><\/del> <small class=\"woocommerce-price-suffix\">TTC<\/small><\/span>\n<\/div><span class=\"gtm4wp_productdata\" style=\"display:none; visibility:hidden;\" data-gtm4wp_product_data=\"{&quot;internal_id&quot;:195307,&quot;item_id&quot;:195307,&quot;item_name&quot;:&quot;Joint de collecteur d\\u00e9chappement Mitsubishi | K2B | K2C | KE55 | Iseki&quot;,&quot;sku&quot;:&quot;SKU-65214&quot;,&quot;price&quot;:12.5,&quot;stocklevel&quot;:40,&quot;stockstatus&quot;:&quot;instock&quot;,&quot;google_business_vertical&quot;:&quot;retail&quot;,&quot;item_category&quot;:&quot;Joints d&#039;\\u00e9tanch\\u00e9it\\u00e9&quot;,&quot;id&quot;:195307,&quot;productlink&quot;:&quot;https:\\\/\\\/shop4trac.com\\\/fr\\\/pieces-de-moteur\\\/joints-detancheite\\\/joint-de-collecteur-dechappement-mitsubishi-k2b-k2c-ke55-iseki\\\/&quot;,&quot;item_list_name&quot;:&quot;Liste g\\u00e9n\\u00e9rale des produits&quot;,&quot;index&quot;:3,&quot;product_type&quot;:&quot;simple&quot;,&quot;item_brand&quot;:&quot;&quot;}\"><\/span><\/div><\/div><\/li>\n<\/ul>\n<\/div>\t\t\t\t<\/div>\n\t\t\t\t<\/div>\n\t\t\t\t\t<\/div>\n\t\t<\/div>\n\t\t\t\t\t<\/div>\n\t\t<\/section>\n\t\t\t\t<section class=\"elementor-section elementor-top-section elementor-element elementor-element-1fde089 elementor-section-full_width elementor-section-height-default elementor-section-height-default\" data-id=\"1fde089\" data-element_type=\"section\" data-e-type=\"section\">\n\t\t\t\t\t\t<div class=\"elementor-container elementor-column-gap-default\">\n\t\t\t\t\t<div class=\"elementor-column elementor-col-100 elementor-top-column elementor-element elementor-element-4465f82\" data-id=\"4465f82\" data-element_type=\"column\" data-e-type=\"column\">\n\t\t\t<div class=\"elementor-widget-wrap elementor-element-populated\">\n\t\t\t\t\t\t<div class=\"elementor-element elementor-element-5f9cff5 mf-elementor-icons-list__display-column columns-4 elementor-widget elementor-widget-martfury-icons-list\" data-id=\"5f9cff5\" data-element_type=\"widget\" data-e-type=\"widget\" data-widget_type=\"martfury-icons-list.default\">\n\t\t\t\t<div class=\"elementor-widget-container\">\n\t\t\t\t\t        <div class=\"mf-elementor-icons-list\">\r\n            <div class=\"icons-list-wrapper\">\r\n\t\t\t\t                        <div class=\"box-item\">\r\n                            <div class=\"martfury-icon-box mf-icon-left\">\r\n                                <div class=\"mf-icon box-icon \">\r\n\t\t\t\t\t\t\t\t\t<i aria-hidden=\"true\" class=\"fas fa-truck\"><\/i>                                <\/div>\r\n                                <div class=\"box-wrapper\">\r\n\t\t\t\t\t\t\t\t\t<span class=\"box-title\" >Livraison rapide<\/span>                                    <div class=\"desc\">Command\u00e9 avant 16:00 = exp\u00e9di\u00e9 aujourd'hui !<\/div>\r\n                                <\/div>\r\n                            <\/div>\r\n                            <div class=\"separator\"><\/div>\r\n                        <\/div>\r\n\t\t\t\t\t\t                        <div class=\"box-item\">\r\n                            <div class=\"martfury-icon-box mf-icon-left\">\r\n                                <div class=\"mf-icon box-icon \">\r\n\t\t\t\t\t\t\t\t\t<i aria-hidden=\"true\" class=\"fas fa-boxes\"><\/i>                                <\/div>\r\n                                <div class=\"box-wrapper\">\r\n\t\t\t\t\t\t\t\t\t<span class=\"box-title\" >Large assortiment<\/span>                                    <div class=\"desc\">Nous vendons plus de 10 000 pi\u00e8ces !\n<\/div>\r\n                                <\/div>\r\n                            <\/div>\r\n                            <div class=\"separator\"><\/div>\r\n                        <\/div>\r\n\t\t\t\t\t\t                        <div class=\"box-item\">\r\n                            <div class=\"martfury-icon-box mf-icon-left\">\r\n                                <div class=\"mf-icon box-icon \">\r\n\t\t\t\t\t\t\t\t\t<i aria-hidden=\"true\" class=\"fas fa-user-check\"><\/i>                                <\/div>\r\n                                <div class=\"box-wrapper\">\r\n\t\t\t\t\t\t\t\t\t<span class=\"box-title\" >Conseils d&#039;experts<\/span>                                    <div class=\"desc\">Nos experts sont \u00e0 votre service !\n<\/div>\r\n                                <\/div>\r\n                            <\/div>\r\n                            <div class=\"separator\"><\/div>\r\n                        <\/div>\r\n\t\t\t\t\t\t                        <div class=\"box-item\">\r\n                            <div class=\"martfury-icon-box mf-icon-left\">\r\n                                <div class=\"mf-icon box-icon \">\r\n\t\t\t\t\t\t\t\t\t<i aria-hidden=\"true\" class=\"fas fa-lock\"><\/i>                                <\/div>\r\n                                <div class=\"box-wrapper\">\r\n\t\t\t\t\t\t\t\t\t<span class=\"box-title\" >Paiement s\u00e9curis\u00e9<\/span>                                    <div class=\"desc\">Y compris iDeal, Paypal, Creditcard &amp; Bancontact !<\/div>\r\n                                <\/div>\r\n                            <\/div>\r\n                            <div class=\"separator\"><\/div>\r\n                        <\/div>\r\n\t\t\t\t\t\t            <\/div>\r\n        <\/div>\r\n\t\t\t\t\t\t<\/div>\n\t\t\t\t<\/div>\n\t\t\t\t\t<\/div>\n\t\t<\/div>\n\t\t\t\t\t<\/div>\n\t\t<\/section>\n\t\t\t\t<\/div>\n\t\t","protected":false},"excerpt":{"rendered":"<p>Produits r\u00e9cemment consult\u00e9s Toevoegen aan winkelwagen Filterset Kubota B serie Waardering 5.00 uit 501 \u20ac24,10\u20ac33,93 incl. BTW Toevoegen aan winkelwagen Filterset Kubota D722 | D722E | KUBOTA D 722-BH 2 \u20ac29,01\u20ac33,93 incl. BTW Opties selecteren Koppakking Kubota Z402 | Aixam 400 | \u20ac35,90 incl. BTW Toevoegen aan winkelwagen Vooras seal Kubota | keerring AE2074E \u20ac24,10&hellip;<\/p>\n","protected":false},"author":1,"featured_media":0,"parent":0,"menu_order":0,"comment_status":"closed","ping_status":"open","template":"template-large-container.php","meta":{"footnotes":""},"class_list":["post-6805","page","type-page","status-publish","hentry"],"_links":{"self":[{"href":"https:\/\/shop4trac.com\/fr\/wp-json\/wp\/v2\/pages\/6805","targetHints":{"allow":["GET"]}}],"collection":[{"href":"https:\/\/shop4trac.com\/fr\/wp-json\/wp\/v2\/pages"}],"about":[{"href":"https:\/\/shop4trac.com\/fr\/wp-json\/wp\/v2\/types\/page"}],"author":[{"embeddable":true,"href":"https:\/\/shop4trac.com\/fr\/wp-json\/wp\/v2\/users\/1"}],"replies":[{"embeddable":true,"href":"https:\/\/shop4trac.com\/fr\/wp-json\/wp\/v2\/comments?post=6805"}],"version-history":[{"count":0,"href":"https:\/\/shop4trac.com\/fr\/wp-json\/wp\/v2\/pages\/6805\/revisions"}],"wp:attachment":[{"href":"https:\/\/shop4trac.com\/fr\/wp-json\/wp\/v2\/media?parent=6805"}],"curies":[{"name":"wp","href":"https:\/\/api.w.org\/{rel}","templated":true}]}}