{"id":92638,"date":"2023-11-24T12:03:04","date_gmt":"2023-11-24T11:03:04","guid":{"rendered":"https:\/\/shop4trac.com\/sin%20categor\u00eda\/piston-kubota-v2003idi-d1503idi-inyeccion-indirecta-bobcat-schaffer\/"},"modified":"2025-08-01T17:27:41","modified_gmt":"2025-08-01T15:27:41","slug":"piston-kubota-v2003idi-d1503idi-inyeccion-indirecta-bobcat-schaffer","status":"publish","type":"product","link":"https:\/\/shop4trac.com\/es\/partes-de-motor\/pistones\/piston-kubota-v2003idi-d1503idi-inyeccion-indirecta-bobcat-schaffer\/","title":{"rendered":"Pist\u00f3n Kubota V2003(IDI) | D1503IDI Inyecci\u00f3n indirecta | Bobcat | Sch\u00e4ffer"},"content":{"rendered":"<p>Pist\u00f3n de alta calidad con modelos compatibles cuidadosamente seleccionados<\/p>\n<p><strong>Di\u00e1metro <\/strong><\/p>\n<ul>\n<li>83 mm<\/li>\n<\/ul>\n<p><strong>Motor Kubota:<\/strong><\/p>\n<ul>\n<li>D1503IDI, D1503-M, D1503-M-E3, D1503-L-A<\/li>\n<li>V2003, V2003T, V2003IDI<\/li>\n<li>F2503IDI<\/li>\n<\/ul>\n<p><strong>Kubota:<\/strong><\/p>\n<ul>\n<li>L2900 GST, L2900, L3010GST, L3010 HST, L3010, L3130, L3200<\/li>\n<li>KX101-3a, KX101-3a2, KX91-3a, KX91-3a2, U30-3a2, U35-3a, U35-3a2<\/li>\n<li>R420 Alpha B, R420 Alpha, R420, R420B, R420S<\/li>\n<li>L3940GST, L3940HST, L3940<\/li>\n<li>KX121-3, KX121-3S, KX161-3RI, KX161-3R2, KX161-3S1, KX161-3S2, L4200DTGST, L4200DTGSTC, L4240DT, L4240GST, L4240HST, L4240HSTC, L4300DT, L4300F, L4310DT, L<\/li>\n<li>L4310GST, L4310GSTC, L4310HST, L4310HSTC, L4330DT, L4330GST, L4330HST, L4330HSTC, L4350DT, L4400DT, L4400DW, L4400FV, L4400FW, L4400H, L45, L4600DT, L4600HST,<\/li>\n<li>L4610GST, L4610HST, L4610HSTC, 4630DT, 4630GST, L4630HST, L4630HSTC<\/li>\n<\/ul>\n<p><strong>Bobcat:<\/strong><\/p>\n<ul>\n<li>328<\/li>\n<li>435, S160, S185, T190<\/li>\n<\/ul>\n<p><strong>TYM:<\/strong><\/p>\n<ul>\n<li>T290 2WD, T290 4WD, T300 2WD, T300 4WD, T330 2WD, T330 4WD<\/li>\n<\/ul>\n<p><strong>Eurocomach:<\/strong><\/p>\n<ul>\n<li>ES 28ZT, ES 350ZT, ES 35ZT<\/li>\n<\/ul>\n<p><strong>Hamm:<\/strong><\/p>\n<ul>\n<li>HD 10, HD 10 VO, HD 10 VT, HD 10 VV, HD 12, HD 12 VO, HD 12 VV, HD 30 VO, HD 30VT<\/li>\n<li>HD 30 VV, HD 35 VO, HD 35 VT, HD 35 VV<\/li>\n<\/ul>\n<p><strong>JCB:<\/strong><\/p>\n<ul>\n<li>VMT260<\/li>\n<\/ul>\n<p><strong>Sch\u00e4ffer:<\/strong><\/p>\n<ul>\n<li>2033, 2034, 2434<\/li>\n<li>3050S, 3150S, 4048S, 4050ZS, 4160S, 450TS, 460T, 5050ZS, 5058, 5058Z, 550TS<\/li>\n<\/ul>\n<p><strong>Ausa:<\/strong><\/p>\n<ul>\n<li>C200H (4X2), C200H (4X4), C250H (4X2), C250H (4X4), C300H (4X2)<\/li>\n<\/ul>\n<p><strong>Ditch Witch:<\/strong><\/p>\n<ul>\n<li>XT1600<\/li>\n<\/ul>\n<p><strong>Hyundai:<\/strong><\/p>\n<ul>\n<li>HSL800T<\/li>\n<\/ul>\n<p><strong>OEM de referencia<\/strong><\/p>\n<ul>\n<li>1G468-21778, 1A021-21112<\/li>\n<\/ul>\n","protected":false},"excerpt":{"rendered":"<p>Pist\u00f3n de alta calidad con modelos compatibles cuidadosamente seleccionados Di\u00e1metro 83 mm Motor Kubota: D1503IDI, D1503-M, D1503-M-E3, D1503-L-A V2003, V2003T, V2003IDI F2503IDI Kubota: L2900 GST, L2900, L3010GST, L3010 HST, L3010, L3130, L3200 KX101-3a, KX101-3a2, KX91-3a, KX91-3a2, U30-3a2, U35-3a, U35-3a2 R420 Alpha B, R420 Alpha, R420, R420B, R420S L3940GST, L3940HST, L3940 KX121-3, KX121-3S, KX161-3RI, KX161-3R2, KX161-3S1,&hellip;<\/p>\n","protected":false},"featured_media":190378,"comment_status":"open","ping_status":"closed","template":"","meta":[],"product_cat":[509],"product_tag":[],"class_list":{"0":"post-92638","1":"product","2":"type-product","3":"status-publish","4":"has-post-thumbnail","6":"product_cat-pistones","7":"pa_merk-ausa-es","8":"pa_merk-bobcat-es","9":"pa_merk-hyundai-es","10":"pa_merk-jcb-es","11":"pa_merk-kubota-es","12":"pa_merk-tym-es","13":"pa_motor-d1503-es","14":"pa_motor-v2003-es","16":"first","17":"instock","18":"taxable","19":"shipping-taxable","20":"purchasable","21":"product-type-simple","22":"col-xs-6 col-sm-4","23":"col-md-3 col-lg-3","24":"un-4-cols"},"_links":{"self":[{"href":"https:\/\/shop4trac.com\/es\/wp-json\/wp\/v2\/product\/92638","targetHints":{"allow":["GET"]}}],"collection":[{"href":"https:\/\/shop4trac.com\/es\/wp-json\/wp\/v2\/product"}],"about":[{"href":"https:\/\/shop4trac.com\/es\/wp-json\/wp\/v2\/types\/product"}],"replies":[{"embeddable":true,"href":"https:\/\/shop4trac.com\/es\/wp-json\/wp\/v2\/comments?post=92638"}],"wp:featuredmedia":[{"embeddable":true,"href":"https:\/\/shop4trac.com\/es\/wp-json\/wp\/v2\/media\/190378"}],"wp:attachment":[{"href":"https:\/\/shop4trac.com\/es\/wp-json\/wp\/v2\/media?parent=92638"}],"wp:term":[{"taxonomy":"product_cat","embeddable":true,"href":"https:\/\/shop4trac.com\/es\/wp-json\/wp\/v2\/product_cat?post=92638"},{"taxonomy":"product_tag","embeddable":true,"href":"https:\/\/shop4trac.com\/es\/wp-json\/wp\/v2\/product_tag?post=92638"}],"curies":[{"name":"wp","href":"https:\/\/api.w.org\/{rel}","templated":true}]}}