{"id":90125,"date":"2023-10-10T19:15:48","date_gmt":"2023-10-10T17:15:48","guid":{"rendered":"https:\/\/shop4trac.com\/sin%20categor\u00eda\/conector-conexion-de-acoplamiento-iseki-tx-tu\/"},"modified":"2025-08-01T17:28:58","modified_gmt":"2025-08-01T15:28:58","slug":"conector-conector-iseki-tx-tu","status":"publish","type":"product","link":"https:\/\/shop4trac.com\/es\/embrague-transmision\/arbol-de-transmision-articulacion-cardan\/conector-conector-iseki-tx-tu\/","title":{"rendered":"Conector | conexi\u00f3n de acoplamiento Iseki TX | TU"},"content":{"rendered":"<p>La pieza de conexi\u00f3n del embrague se ofrece a continuaci\u00f3n.<\/p>\n<p>Es adecuado para los siguientes modelos:<\/p>\n<p><strong>Iseki<\/strong><\/p>\n<ul>\n<li>TU1400, TU1401, TU1500, TU1501, TU1600, TU1601<\/li>\n<li>TX145, TX155, TX1300, TX1410, TX1500, TX1510, TX2140, TX2160<\/li>\n<li>\n<div class=\"group w-full text-token-text-primary border-b border-black\/10 gizmo:border-0 dark:border-gray-900\/50 gizmo:dark:border-0 bg-gray-50 gizmo:bg-transparent dark:bg-[#444654] gizmo:dark:bg-transparent\" data-testid=\"conversation-turn-3\">\n<div class=\"p-4 justify-center text-base md:gap-6 md:py-6 m-auto\">\n<div class=\"flex flex-1 gap-4 text-base mx-auto md:gap-6 gizmo:gap-3 gizmo:md:px-5 gizmo:lg:px-1 gizmo:xl:px-5 md:max-w-2xl lg:max-w-[38rem] gizmo:md:max-w-3xl gizmo:lg:max-w-[40rem] gizmo:xl:max-w-[48rem] xl:max-w-3xl }\">\n<div class=\"relative flex w-[calc(100%-50px)] flex-col gap-1 gizmo:w-full md:gap-3 lg:w-[calc(100%-115px)] agent-turn\">\n<div class=\"flex flex-grow flex-col gap-3 max-w-full\">\n<div class=\"min-h-[20px] flex flex-col items-start gap-3 whitespace-pre-wrap break-words overflow-x-auto\">\n<div class=\"markdown prose w-full break-words dark:prose-invert light\">\n<p>TX145F, TX155F, TX1300F, TX1410F, TX1500F, TX1510F, TX2140F, TX2160F<\/p>\n<\/div>\n<\/div>\n<\/div>\n<div class=\"flex justify-between empty:hidden lg:block\"><\/div>\n<\/div>\n<\/div>\n<\/div>\n<\/div>\n<\/li>\n<\/ul>\n<p><strong>Bolens<\/strong><\/p>\n<ul>\n<li>G152, G154<\/li>\n<li>G172, G174<\/li>\n<\/ul>\n<p><strong>Dientes<\/strong><\/p>\n<ul>\n<li>18 estr\u00edas<\/li>\n<\/ul>\n<p><strong>OEM para referencia<\/strong><\/p>\n<ul>\n<li>143412000300, 1434-120-003-00<\/li>\n<\/ul>\n","protected":false},"excerpt":{"rendered":"<p>La pieza de conexi\u00f3n del embrague se ofrece a continuaci\u00f3n. Es adecuado para los siguientes modelos: Iseki TU1400, TU1401, TU1500, TU1501, TU1600, TU1601 TX145, TX155, TX1300, TX1410, TX1500, TX1510, TX2140, TX2160 TX145F, TX155F, TX1300F, TX1410F, TX1500F, TX1510F, TX2140F, TX2160F Bolens G152, G154 G172, G174 Dientes 18 estr\u00edas OEM para referencia 143412000300, 1434-120-003-00<\/p>\n","protected":false},"featured_media":95080,"comment_status":"open","ping_status":"closed","template":"","meta":[],"product_cat":[485,486,487],"product_tag":[],"class_list":{"0":"post-90125","1":"product","2":"type-product","3":"status-publish","4":"has-post-thumbnail","6":"product_cat-arbol-de-transmision-articulacion-cardan","7":"product_cat-disco-de-embrague","8":"product_cat-kit-de-embrague","9":"pa_merk-bolens-es","10":"pa_merk-iseki-es","12":"first","13":"instock","14":"taxable","15":"shipping-taxable","16":"purchasable","17":"product-type-simple","18":"col-xs-6 col-sm-4","19":"col-md-3 col-lg-3","20":"un-4-cols"},"_links":{"self":[{"href":"https:\/\/shop4trac.com\/es\/wp-json\/wp\/v2\/product\/90125","targetHints":{"allow":["GET"]}}],"collection":[{"href":"https:\/\/shop4trac.com\/es\/wp-json\/wp\/v2\/product"}],"about":[{"href":"https:\/\/shop4trac.com\/es\/wp-json\/wp\/v2\/types\/product"}],"replies":[{"embeddable":true,"href":"https:\/\/shop4trac.com\/es\/wp-json\/wp\/v2\/comments?post=90125"}],"wp:featuredmedia":[{"embeddable":true,"href":"https:\/\/shop4trac.com\/es\/wp-json\/wp\/v2\/media\/95080"}],"wp:attachment":[{"href":"https:\/\/shop4trac.com\/es\/wp-json\/wp\/v2\/media?parent=90125"}],"wp:term":[{"taxonomy":"product_cat","embeddable":true,"href":"https:\/\/shop4trac.com\/es\/wp-json\/wp\/v2\/product_cat?post=90125"},{"taxonomy":"product_tag","embeddable":true,"href":"https:\/\/shop4trac.com\/es\/wp-json\/wp\/v2\/product_tag?post=90125"}],"curies":[{"name":"wp","href":"https:\/\/api.w.org\/{rel}","templated":true}]}}