{"id":85168,"date":"2023-07-31T16:05:36","date_gmt":"2023-07-31T15:05:36","guid":{"rendered":"https:\/\/shop4trac.com\/sin%20categor\u00eda\/kit-revision-motor-kubota-d1005-b2100d-aste-a-17-a-175\/"},"modified":"2025-08-01T17:31:35","modified_gmt":"2025-08-01T15:31:35","slug":"motorrevisieset-kubota-d1005-b2100d-aste-a-17-a-175","status":"publish","type":"product","link":"https:\/\/shop4trac.com\/es\/partes-de-motor\/kit-de-reparacion-de-motores\/motorrevisieset-kubota-d1005-b2100d-aste-a-17-a-175\/","title":{"rendered":"Kit revisi\u00f3n motor Kubota D1005 | B2100D | Aste A-17, A-175"},"content":{"rendered":"<p>El kit de revisi\u00f3n consta de:<\/p>\n<ul>\n<li>Paquete completo con juntas para; <strong>junta de cabeza<\/strong> (juego), <strong>cojinete del cig\u00fce\u00f1al<\/strong> , <strong>sellos de v\u00e1stago de v\u00e1lvula<\/strong> , <strong>juntas de escape<\/strong> , <strong>juntas de entrada<\/strong> , <strong>sellos<\/strong> y <strong>otras<\/strong> <strong>juntas<\/strong> como en la foto.<\/li>\n<li>3 <strong>pistones<\/strong> completos + <strong>anillos de pist\u00f3n<\/strong><\/li>\n<li>Kit de cojinetes general con; <strong>Cojinetes de biela<\/strong> , <strong>cojinetes principales<\/strong> , <strong>arandelas de<\/strong> <strong>empuje<\/strong> y <strong>gu\u00edas de v\u00e1lvulas<\/strong><\/li>\n<li>Di\u00e1metro: 76 mm<\/li>\n<\/ul>\n<p><span style=\"text-decoration: underline\">Se trata del motor Kubota D1005, del que s\u00f3lo se fabric\u00f3 una variante. \u00a1As\u00ed que este conjunto se puede utilizar para cualquier motor Kubota D1005!<\/span><\/p>\n<p>Gama de modelos correspondientes al motor Kubota D1005<\/p>\n<p><strong>Kubota:<\/strong><\/p>\n<ul>\n<li>B2100D, B2100HSD, B2110D, B2110DB, B2110HDB, B2301HSD, B2320DT, B2320DTN-1, B2320HSD, B2320HSDN, BX2660, BX2670D, BX2680<\/li>\n<li>A-17, A-175<\/li>\n<\/ul>\n<p><strong>Bobcat<\/strong>:<\/p>\n<ul>\n<li>S70<\/li>\n<\/ul>\n<p><strong>Bomag<\/strong>:<\/p>\n<ul>\n<li>BMP 8500<\/li>\n<\/ul>\n<p><strong>Hamm<\/strong>:<\/p>\n<ul>\n<li>&gt;&gt;&gt;&gt;HD 10C (H1990001 \u2013 ), HD 10C VV (H1990001 \u2013 ), HD 8 (H1990001 \u2013 ), HD 8 VV (H1990001 \u2013 )<\/li>\n<\/ul>\n<p><strong>JCB<\/strong>:<\/p>\n<ul>\n<li>VMT160<\/li>\n<\/ul>\n<p><strong>JLG<\/strong>:<\/p>\n<ul>\n<li>260MRT<\/li>\n<\/ul>\n<p><strong>Sch\u00e4ffer<\/strong> :<\/p>\n<ul>\n<li>2024, 217S, 221, 222<\/li>\n<\/ul>\n<p><strong>Ingersoll-Rand:<\/strong><\/p>\n<ul>\n<li>7\/20<\/li>\n<\/ul>\n<p><strong>Kubota Serie J:<\/strong><\/p>\n<ul>\n<li>J112-AUS, J112-STD, J114-SA, J114-STD, J315-AUS, J315-STD, J318-STD<\/li>\n<\/ul>\n","protected":false},"excerpt":{"rendered":"<p>El kit de revisi\u00f3n consta de: Paquete completo con juntas para; junta de cabeza (juego), cojinete del cig\u00fce\u00f1al , sellos de v\u00e1stago de v\u00e1lvula , juntas de escape , juntas de entrada , sellos y otras juntas como en la foto. 3 pistones completos + anillos de pist\u00f3n Kit de cojinetes general con; Cojinetes de&hellip;<\/p>\n","protected":false},"featured_media":74559,"comment_status":"open","ping_status":"closed","template":"","meta":[],"product_cat":[504],"product_tag":[3897],"class_list":{"0":"post-85168","1":"product","2":"type-product","3":"status-publish","4":"has-post-thumbnail","6":"product_cat-kit-de-reparacion-de-motores","7":"product_tag-snelparts-es","8":"pa_merk-kubota-es","9":"pa_merk-zen-noh-es","10":"pa_motor-d1005-es","12":"first","13":"instock","14":"taxable","15":"shipping-taxable","16":"purchasable","17":"product-type-simple","18":"col-xs-6 col-sm-4","19":"col-md-3 col-lg-3","20":"un-4-cols"},"_links":{"self":[{"href":"https:\/\/shop4trac.com\/es\/wp-json\/wp\/v2\/product\/85168","targetHints":{"allow":["GET"]}}],"collection":[{"href":"https:\/\/shop4trac.com\/es\/wp-json\/wp\/v2\/product"}],"about":[{"href":"https:\/\/shop4trac.com\/es\/wp-json\/wp\/v2\/types\/product"}],"replies":[{"embeddable":true,"href":"https:\/\/shop4trac.com\/es\/wp-json\/wp\/v2\/comments?post=85168"}],"wp:featuredmedia":[{"embeddable":true,"href":"https:\/\/shop4trac.com\/es\/wp-json\/wp\/v2\/media\/74559"}],"wp:attachment":[{"href":"https:\/\/shop4trac.com\/es\/wp-json\/wp\/v2\/media?parent=85168"}],"wp:term":[{"taxonomy":"product_cat","embeddable":true,"href":"https:\/\/shop4trac.com\/es\/wp-json\/wp\/v2\/product_cat?post=85168"},{"taxonomy":"product_tag","embeddable":true,"href":"https:\/\/shop4trac.com\/es\/wp-json\/wp\/v2\/product_tag?post=85168"}],"curies":[{"name":"wp","href":"https:\/\/api.w.org\/{rel}","templated":true}]}}