{"id":84082,"date":"2023-07-06T20:31:59","date_gmt":"2023-07-06T19:31:59","guid":{"rendered":"https:\/\/shop4trac.com\/sin%20categor\u00eda\/soporte-de-muelle-de-valvula-kubota-v1702-v1902-muelle-de-valvula-de-pinza\/"},"modified":"2025-08-01T17:32:14","modified_gmt":"2025-08-01T15:32:14","slug":"soporte-de-muelle-de-valvula-kubota-v1702-v1902-muelle-de-valvula-de-pinza","status":"publish","type":"product","link":"https:\/\/shop4trac.com\/es\/partes-de-motor\/valvulas\/soporte-de-muelle-de-valvula-kubota-v1702-v1902-muelle-de-valvula-de-pinza\/","title":{"rendered":"Soporte de muelle de v\u00e1lvula Kubota V1702 | V1902 | Muelle de v\u00e1lvula de pinza"},"content":{"rendered":"<p>Pieza para detener las v\u00e1lvulas. Adecuado para:<\/p>\n<p><strong>Motor Kubota<\/strong><\/p>\n<ul>\n<li>D1101, V1702, V1902, V2403, V3300, V3600<\/li>\n<\/ul>\n<p><strong>OEM para referencia<\/strong><\/p>\n<ul>\n<li>15221-13361<\/li>\n<li>15221-13360<\/li>\n<li>15221-13980<\/li>\n<\/ul>\n<p>Se venden por pares.<\/p>\n","protected":false},"excerpt":{"rendered":"<p>Pieza para detener las v\u00e1lvulas. Adecuado para: Motor Kubota D1101, V1702, V1902, V2403, V3300, V3600 OEM para referencia 15221-13361 15221-13360 15221-13980 Se venden por pares.<\/p>\n","protected":false},"featured_media":95500,"comment_status":"open","ping_status":"open","template":"","meta":[],"product_cat":[3649],"product_tag":[],"class_list":{"0":"post-84082","1":"product","2":"type-product","3":"status-publish","4":"has-post-thumbnail","6":"product_cat-valvulas","7":"pa_merk-kubota-es","8":"pa_motor-d1101-es","9":"pa_motor-v1702-es","10":"pa_motor-v1902-es","11":"pa_motor-v2403-es","12":"pa_motor-v3300-es","13":"pa_motor-v3600idi-es","15":"first","16":"instock","17":"taxable","18":"shipping-taxable","19":"purchasable","20":"product-type-simple","21":"col-xs-6 col-sm-4","22":"col-md-3 col-lg-3","23":"un-4-cols"},"_links":{"self":[{"href":"https:\/\/shop4trac.com\/es\/wp-json\/wp\/v2\/product\/84082","targetHints":{"allow":["GET"]}}],"collection":[{"href":"https:\/\/shop4trac.com\/es\/wp-json\/wp\/v2\/product"}],"about":[{"href":"https:\/\/shop4trac.com\/es\/wp-json\/wp\/v2\/types\/product"}],"replies":[{"embeddable":true,"href":"https:\/\/shop4trac.com\/es\/wp-json\/wp\/v2\/comments?post=84082"}],"wp:featuredmedia":[{"embeddable":true,"href":"https:\/\/shop4trac.com\/es\/wp-json\/wp\/v2\/media\/95500"}],"wp:attachment":[{"href":"https:\/\/shop4trac.com\/es\/wp-json\/wp\/v2\/media?parent=84082"}],"wp:term":[{"taxonomy":"product_cat","embeddable":true,"href":"https:\/\/shop4trac.com\/es\/wp-json\/wp\/v2\/product_cat?post=84082"},{"taxonomy":"product_tag","embeddable":true,"href":"https:\/\/shop4trac.com\/es\/wp-json\/wp\/v2\/product_tag?post=84082"}],"curies":[{"name":"wp","href":"https:\/\/api.w.org\/{rel}","templated":true}]}}