{"id":81971,"date":"2023-05-26T19:56:33","date_gmt":"2023-05-26T18:56:33","guid":{"rendered":"https:\/\/shop4trac.com\/sin%20categor\u00eda\/juego-de-juntas-d1005-kubota-bobcat-schaffer\/"},"modified":"2025-08-01T17:33:01","modified_gmt":"2025-08-01T15:33:01","slug":"juego-de-juntas-d1005-kubota-bobcat-schaffer","status":"publish","type":"product","link":"https:\/\/shop4trac.com\/es\/partes-de-motor\/juego-de-juntas\/juego-de-juntas-d1005-kubota-bobcat-schaffer\/","title":{"rendered":"Juego de juntas D1005 Kubota | Bobcat | Sch\u00e4ffer"},"content":{"rendered":"<p>\u00a1Esta junta de culata con juego de juntas es de alta calidad y los modelos compatibles se han seleccionado con mucho cuidado!<\/p>\n<p>Paquete completo con juntas para; <strong>junta de culata (juego)<\/strong> , <strong>sellos de cig\u00fce\u00f1al delantero y trasero<\/strong> , sellos de v\u00e1stago <strong>de v\u00e1lvula<\/strong> , <strong>junta de c\u00e1rter de aceite<\/strong> , <strong>juntas de escape<\/strong> , <strong>juntas de admisi\u00f3n<\/strong> , <strong>sellos<\/strong> y otras <strong>juntas<\/strong> como se muestra en la foto.<\/p>\n<p><strong>Gama de modelos a juego con la Kubota D1005<\/strong><\/p>\n<p><span style=\"text-decoration: underline\">Pist\u00f3n<\/span> : 76 mm<\/p>\n<p><strong>Kubota:<\/strong><\/p>\n<ul>\n<li>B2100D, B2100HSD, B2110D, B2110DB, B2110HDB, B2301HSD, B2320DT, B2320DTN-1, B2320HSD, B2320HSDN, BX2660, BX2670D, BX2680<\/li>\n<li>A-17, A-175<\/li>\n<\/ul>\n<p><strong>Bobcat<\/strong>:<\/p>\n<ul>\n<li>S70<\/li>\n<\/ul>\n<p><strong>Bomag<\/strong>:<\/p>\n<ul>\n<li>BMP 8500<\/li>\n<\/ul>\n<p><strong>Hamm<\/strong>:<\/p>\n<ul>\n<li>&gt;&gt;&gt;&gt;HD 10C (H1990001 \u2013 ), HD 10C VV (H1990001 \u2013 ), HD 8 (H1990001 \u2013 ), HD 8 VV (H1990001 \u2013 )<\/li>\n<\/ul>\n<p><strong>JCB<\/strong>:<\/p>\n<ul>\n<li>VMT160<\/li>\n<\/ul>\n<p><strong>JLG<\/strong>:<\/p>\n<ul>\n<li>260MRT<\/li>\n<\/ul>\n<p><strong>Sch\u00e4ffer<\/strong> :<\/p>\n<ul>\n<li>2024, 217S, 221, 222<\/li>\n<\/ul>\n<p><strong>Ingersoll-Rand:<\/strong><\/p>\n<ul>\n<li>7\/20<\/li>\n<\/ul>\n<p><strong>Kubota Serie J:<\/strong><\/p>\n<ul>\n<li>J112-AUS, J112-STD, J114-SA, J114-STD, J315-AUS, J315-STD, J318-STD<\/li>\n<\/ul>\n<p><strong>OEM para referencia<\/strong><\/p>\n<ul>\n<li>16027-03043<\/li>\n<\/ul>\n","protected":false},"excerpt":{"rendered":"<p>\u00a1Esta junta de culata con juego de juntas es de alta calidad y los modelos compatibles se han seleccionado con mucho cuidado! Paquete completo con juntas para; junta de culata (juego) , sellos de cig\u00fce\u00f1al delantero y trasero , sellos de v\u00e1stago de v\u00e1lvula , junta de c\u00e1rter de aceite , juntas de escape ,&hellip;<\/p>\n","protected":false},"featured_media":33889,"comment_status":"open","ping_status":"closed","template":"","meta":[],"product_cat":[505],"product_tag":[],"class_list":{"0":"post-81971","1":"product","2":"type-product","3":"status-publish","4":"has-post-thumbnail","6":"product_cat-juego-de-juntas","7":"pa_merk-bobcat-es","8":"pa_merk-kubota-es","9":"pa_merk-schaffer-es","10":"pa_motor-d1005-es","12":"first","13":"instock","14":"taxable","15":"shipping-taxable","16":"purchasable","17":"product-type-simple","18":"col-xs-6 col-sm-4","19":"col-md-3 col-lg-3","20":"un-4-cols"},"_links":{"self":[{"href":"https:\/\/shop4trac.com\/es\/wp-json\/wp\/v2\/product\/81971","targetHints":{"allow":["GET"]}}],"collection":[{"href":"https:\/\/shop4trac.com\/es\/wp-json\/wp\/v2\/product"}],"about":[{"href":"https:\/\/shop4trac.com\/es\/wp-json\/wp\/v2\/types\/product"}],"replies":[{"embeddable":true,"href":"https:\/\/shop4trac.com\/es\/wp-json\/wp\/v2\/comments?post=81971"}],"wp:featuredmedia":[{"embeddable":true,"href":"https:\/\/shop4trac.com\/es\/wp-json\/wp\/v2\/media\/33889"}],"wp:attachment":[{"href":"https:\/\/shop4trac.com\/es\/wp-json\/wp\/v2\/media?parent=81971"}],"wp:term":[{"taxonomy":"product_cat","embeddable":true,"href":"https:\/\/shop4trac.com\/es\/wp-json\/wp\/v2\/product_cat?post=81971"},{"taxonomy":"product_tag","embeddable":true,"href":"https:\/\/shop4trac.com\/es\/wp-json\/wp\/v2\/product_tag?post=81971"}],"curies":[{"name":"wp","href":"https:\/\/api.w.org\/{rel}","templated":true}]}}