{"id":81857,"date":"2023-05-25T17:26:50","date_gmt":"2023-05-25T16:26:50","guid":{"rendered":"https:\/\/shop4trac.com\/sin%20categor\u00eda\/asiento-del-tractor-con-suspension-mecanica\/"},"modified":"2025-08-05T19:17:42","modified_gmt":"2025-08-05T17:17:42","slug":"asiento-de-tractor-con-suspension-mecanica","status":"publish","type":"product","link":"https:\/\/shop4trac.com\/es\/otras-partes\/asiento-mini-tractores\/asiento-de-tractor-con-suspension-mecanica\/","title":{"rendered":"Asiento del tractor con suspensi\u00f3n mec\u00e1nica"},"content":{"rendered":"<div>Este asiento con suspensi\u00f3n es adecuado para una gran variedad de m\u00e1quinas tractoras y minitractores.<\/div>\n<div><\/div>\n<div>Dise\u00f1ado ergon\u00f3micamente y muy c\u00f3modo con soporte adicional en la espalda. La silla est\u00e1 <strong>amortiguada<\/strong> , lo que reduce considerablemente las vibraciones.<\/div>\n<div><\/div>\n<div>Minitractores<\/div>\n<div><\/div>\n<div>\n<ul>\n<li><strong>Kubota<\/strong><\/li>\n<li><strong>mitsubishi<\/strong><\/li>\n<li><strong>shibaura<\/strong><\/li>\n<li><strong>Hinomoto<\/strong><\/li>\n<li><strong>Gato mont\u00e9s<\/strong><\/li>\n<li><strong>zen-noh<\/strong><\/li>\n<li><strong>Bolens<\/strong><\/li>\n<li><strong>Kioti<\/strong><\/li>\n<li><strong>Suzue<\/strong><\/li>\n<li><strong>Satoh<\/strong><\/li>\n<li><strong>etc<\/strong>.<\/li>\n<\/ul>\n<div><strong>Dimensiones<\/strong><\/div>\n<div><\/div>\n<\/div>\n<ul>\n<li>Altura: 60 cm<\/li>\n<li>Profundidad: 50 cm<\/li>\n<li>Altura del asiento: 36 cm<\/li>\n<li>Tama\u00f1o del pie 36x21cm<\/li>\n<\/ul>\n<div>\n<div><\/div>\n<\/div>\n","protected":false},"excerpt":{"rendered":"<p>Este asiento con suspensi\u00f3n es adecuado para una gran variedad de m\u00e1quinas tractoras y minitractores. Dise\u00f1ado ergon\u00f3micamente y muy c\u00f3modo con soporte adicional en la espalda. La silla est\u00e1 amortiguada , lo que reduce considerablemente las vibraciones. Minitractores Kubota mitsubishi shibaura Hinomoto Gato mont\u00e9s zen-noh Bolens Kioti Suzue Satoh etc. Dimensiones Altura: 60 cm Profundidad:&hellip;<\/p>\n","protected":false},"featured_media":93626,"comment_status":"open","ping_status":"closed","template":"","meta":[],"product_cat":[492],"product_tag":[],"class_list":{"0":"post-81857","1":"product","2":"type-product","3":"status-publish","4":"has-post-thumbnail","6":"product_cat-asiento-mini-tractores","7":"pa_merk-case-es","8":"pa_merk-hinomoto-es","9":"pa_merk-iseki-es","10":"pa_merk-john-deere-es","11":"pa_merk-komatsu-es","12":"pa_merk-kubota-es","13":"pa_merk-new-holland-es","14":"pa_merk-yanmar-es","15":"pa_merk-zen-noh-es","17":"first","18":"outofstock","19":"sale","20":"taxable","21":"shipping-taxable","22":"product-type-simple","23":"col-xs-6 col-sm-4","24":"col-md-3 col-lg-3","25":"un-4-cols"},"_links":{"self":[{"href":"https:\/\/shop4trac.com\/es\/wp-json\/wp\/v2\/product\/81857","targetHints":{"allow":["GET"]}}],"collection":[{"href":"https:\/\/shop4trac.com\/es\/wp-json\/wp\/v2\/product"}],"about":[{"href":"https:\/\/shop4trac.com\/es\/wp-json\/wp\/v2\/types\/product"}],"replies":[{"embeddable":true,"href":"https:\/\/shop4trac.com\/es\/wp-json\/wp\/v2\/comments?post=81857"}],"wp:featuredmedia":[{"embeddable":true,"href":"https:\/\/shop4trac.com\/es\/wp-json\/wp\/v2\/media\/93626"}],"wp:attachment":[{"href":"https:\/\/shop4trac.com\/es\/wp-json\/wp\/v2\/media?parent=81857"}],"wp:term":[{"taxonomy":"product_cat","embeddable":true,"href":"https:\/\/shop4trac.com\/es\/wp-json\/wp\/v2\/product_cat?post=81857"},{"taxonomy":"product_tag","embeddable":true,"href":"https:\/\/shop4trac.com\/es\/wp-json\/wp\/v2\/product_tag?post=81857"}],"curies":[{"name":"wp","href":"https:\/\/api.w.org\/{rel}","templated":true}]}}