{"id":81303,"date":"2023-05-19T15:04:51","date_gmt":"2023-05-19T14:04:51","guid":{"rendered":"https:\/\/shop4trac.com\/?post_type=product&#038;p=81303"},"modified":"2025-08-01T17:33:42","modified_gmt":"2025-08-01T15:33:42","slug":"motorrevisieset-kubota-d850-kubota-b1400-b1500-b1-14-b1-15","status":"publish","type":"product","link":"https:\/\/shop4trac.com\/es\/partes-de-motor\/kit-de-reparacion-de-motores\/motorrevisieset-kubota-d850-kubota-b1400-b1500-b1-14-b1-15\/","title":{"rendered":"Kit revisi\u00f3n motor Kubota D850 | D850BH | D850SB | Zen-noh ZB1400 \u2013 ZB1502"},"content":{"rendered":"<h4><b>? Kubota D850 Kit de reparaci\u00f3n \u2013 Kit completo de reparaci\u00f3n del motor (Di\u00e1metro 72 mm)<\/b><\/h4>\n<p class=\"p3\">Consiga que su motor Kubota D850 vuelva a estar en las mejores condiciones con este kit de revisi\u00f3n de alta calidad. <span class=\"s2\"><b>de alta calidad<\/b><\/span>. Ideal para una revisi\u00f3n completa del motor en caso de consumo de aceite, p\u00e9rdida de potencia o desgaste interno. Este kit contiene todo lo necesario para una reconstrucci\u00f3n fiable y duradera de su motor.  <\/p>\n<p class=\"p4\"><span class=\"s3\">\u2705 <\/span><b>Juego completo de juntas.<\/b><span class=\"s3\">incluyendo:<\/span><\/p>\n<ul>\n<li class=\"p1\">Junta de culata (juego)<\/li>\n<li class=\"p1\">Juntas de admisi\u00f3n y escape<\/li>\n<li class=\"p1\">Juntas de v\u00e1stago de v\u00e1lvula<\/li>\n<li class=\"p1\">Retenes de aceite y otras juntas (como se muestra)<\/li>\n<\/ul>\n<p class=\"p4\"><span class=\"s3\">\u2705 <\/span><b>3 Pistones completos con Aros de pist\u00f3n<\/b><b><\/b><\/p>\n<ul>\n<li class=\"p3\">Para una compresi\u00f3n y un rendimiento del motor \u00f3ptimos<\/li>\n<\/ul>\n<p class=\"p4\"><span class=\"s3\">\u2705 <\/span><b>Kit de rodamientos con:<\/b><b><\/b><\/p>\n<ul>\n<li class=\"p1\">Cojinetes de biela<\/li>\n<li>Casquillo de cojinete de biela<\/li>\n<li class=\"p1\">Cojinetes de bancada (cojinetes del cig\u00fce\u00f1al)<\/li>\n<li class=\"p1\">Arandela de empuje<\/li>\n<li class=\"p1\">Gu\u00edas de v\u00e1lvulas<\/li>\n<\/ul>\n<p class=\"p3\">\u2705<span class=\"s2\"><b>Tama\u00f1o del orificio<\/b><\/span> 72 mm (est\u00e1ndar)<\/p>\n<p class=\"p3\">Este kit de revisi\u00f3n est\u00e1 ensamblado seg\u00fan las especificaciones OEM y es adecuado para una amplia gama de aplicaciones con motores Kubota D750, incluidos generadores, segadoras, minitractores y maquinaria de construcci\u00f3n.<\/p>\n<ol>\n<li class=\"p4\"><b>\u2714 Calidad fiable<\/b><\/li>\n<li class=\"p4\"><b>\u2714 Todo en uno<\/b><\/li>\n<li class=\"p4\"><b>\u2714 Listo para revisi\u00f3n<\/b><\/li>\n<\/ol>\n<p><span style=\"text-decoration: underline\">Se trata de las Kubota D850, D850BH, D850-5B. \u00a1As\u00ed que este conjunto se puede utilizar para cualquier motor Kubota D850!<\/span><\/p>\n<p>Gama de modelos a juego con la Kubota D850<\/p>\n<p><strong>Motor Kubota<\/strong><\/p>\n<ul>\n<li>D850, D850BH, D850-5B<\/li>\n<\/ul>\n<p><strong>Kubota  <\/strong><\/p>\n<ul>\n<li>B1400, B1402, B1500, B1502, B1550, B6200, B40<\/li>\n<li>B1-14, B1-15<\/li>\n<li>B6200D, B6200E, B6200HST-D, B6200HST-E, B1550D, B1550E, B1550HST-D, B1550HST-E, B1400, B1500, B1402E, B1402DT, B1502E, B1502DT<\/li>\n<li>KH35 (excavadora)<\/li>\n<\/ul>\n<p><strong>Zen-noh<\/strong><\/p>\n<ul>\n<li>ZB1400, ZB1402, ZB1500, ZB1502, ZB40<\/li>\n<li>ZB1-14, ZB1-15<\/li>\n<\/ul>\n<p><strong>OEM como referencia<\/strong><\/p>\n<ul>\n<li class=\"a-size-large a-spacing-none\"><span class=\"a-size-large product-title-word-break\">15381-03040, <\/span>19267-03040<\/li>\n<li>15901-21050<\/li>\n<li>\n<p class=\"p1\">15531-22310, 15694-22310, 15531-22970, 15694-22970<\/p>\n<\/li>\n<\/ul>\n","protected":false},"excerpt":{"rendered":"<p>? Kubota D850 Kit de reparaci\u00f3n \u2013 Kit completo de reparaci\u00f3n del motor (Di\u00e1metro 72 mm) Consiga que su motor Kubota D850 vuelva a estar en las mejores condiciones con este kit de revisi\u00f3n de alta calidad. de alta calidad. Ideal para una revisi\u00f3n completa del motor en caso de consumo de aceite, p\u00e9rdida de&hellip;<\/p>\n","protected":false},"featured_media":74453,"comment_status":"open","ping_status":"closed","template":"","meta":[],"product_cat":[504],"product_tag":[3897],"class_list":{"0":"post-81303","1":"product","2":"type-product","3":"status-publish","4":"has-post-thumbnail","6":"product_cat-kit-de-reparacion-de-motores","7":"product_tag-snelparts-es","8":"pa_merk-kubota-es","9":"pa_merk-zen-noh-es","10":"pa_motor-d850-es","12":"first","13":"onbackorder","14":"sale","15":"taxable","16":"shipping-taxable","17":"purchasable","18":"product-type-simple","19":"col-xs-6 col-sm-4","20":"col-md-3 col-lg-3","21":"un-4-cols"},"_links":{"self":[{"href":"https:\/\/shop4trac.com\/es\/wp-json\/wp\/v2\/product\/81303","targetHints":{"allow":["GET"]}}],"collection":[{"href":"https:\/\/shop4trac.com\/es\/wp-json\/wp\/v2\/product"}],"about":[{"href":"https:\/\/shop4trac.com\/es\/wp-json\/wp\/v2\/types\/product"}],"replies":[{"embeddable":true,"href":"https:\/\/shop4trac.com\/es\/wp-json\/wp\/v2\/comments?post=81303"}],"wp:featuredmedia":[{"embeddable":true,"href":"https:\/\/shop4trac.com\/es\/wp-json\/wp\/v2\/media\/74453"}],"wp:attachment":[{"href":"https:\/\/shop4trac.com\/es\/wp-json\/wp\/v2\/media?parent=81303"}],"wp:term":[{"taxonomy":"product_cat","embeddable":true,"href":"https:\/\/shop4trac.com\/es\/wp-json\/wp\/v2\/product_cat?post=81303"},{"taxonomy":"product_tag","embeddable":true,"href":"https:\/\/shop4trac.com\/es\/wp-json\/wp\/v2\/product_tag?post=81303"}],"curies":[{"name":"wp","href":"https:\/\/api.w.org\/{rel}","templated":true}]}}