{"id":81061,"date":"2023-05-16T14:43:38","date_gmt":"2023-05-16T13:43:38","guid":{"rendered":"https:\/\/shop4trac.com\/?post_type=product&#038;p=81061"},"modified":"2026-03-24T12:47:46","modified_gmt":"2026-03-24T11:47:46","slug":"sello-de-valvula-musubishi-motor-k3-k4-serie-l3-serie-s3l-s4l","status":"publish","type":"product","link":"https:\/\/shop4trac.com\/es\/partes-de-motor\/gomas-de-valvula\/sello-de-valvula-musubishi-motor-k3-k4-serie-l3-serie-s3l-s4l\/","title":{"rendered":"Ret\u00e9n de v\u00e1lvula Mitsubishi Motor K3A \u2013 K4F | L2A \u2013 L3E | S3L \u2013 S4L | E3CD | E3100 \u2013 E3112"},"content":{"rendered":"<p><em>Un ret\u00e9n de v\u00e1lvula evita que el aceite se filtre a lo largo del v\u00e1stago de la v\u00e1lvula hacia la c\u00e1mara de combusti\u00f3n, y es importante reemplazarlo ya que los retenes desgastados provocan consumo de aceite, formaci\u00f3n de humo y un rendimiento deficiente del motor.<\/em><\/p>\n<p><strong>Retenes de v\u00e1lvula \/ Retenes del v\u00e1stago de v\u00e1lvula<\/strong> adecuados para, entre otros, los siguientes modelos:<\/p>\n<p><strong>Iseki<\/strong><\/p>\n<ul>\n<li>TU120, TU125, TU130, TU135, TU137, TU140, TU145, TU150, TU155, TU157, TU160, TU165, TU167, TU170, TU175, TU175F, TU177, TU1400, TU1500, TU1600, TU318, TU1601, TX1000,<\/li>\n<li>TX145, TX155, TX1410, TX1510, TX2140, TX2160, TX145, TX1410, TX2140<\/li>\n<li>TK532, TK538<\/li>\n<li>5140T<\/li>\n<li>\n<p class=\"p1\">TG21, TG23, TG25, TG27, TG29, TG33, TG233, TG253<\/p>\n<\/li>\n<li>TG5390, TG6405, TG5330, TG6400, TG6400H, TG6400S<\/li>\n<li>TH4295FH, TH4295FS, TH4335FH, TH4335FS<\/li>\n<li>TF243<\/li>\n<li>TLE3400<\/li>\n<li>TM3267<\/li>\n<li>SF200, SF303, SF310, SF333, SF370<\/li>\n<li>SG17, SXG19,<\/li>\n<li>TF17, TF173, TF317<\/li>\n<li>TM17, TM170, TM217<\/li>\n<li>TMG18<\/li>\n<li>3020<\/li>\n<li class=\"p1\">2120, GEAS 21, GEAS 23, GEAS 25, GEAS 27, GEAS 29, GEAS 33, GEAS 233, GEAS 253, SF200, SF224, SF230, SF310, SF370, SFH220, SFH240<\/li>\n<li class=\"p1\">SG13, SG15, SG17, SG153, SG173, SGR17, SGR19, SGR22, SXG15, SXG19, SXG22, SXG216, SXG323, SXG326<\/li>\n<li class=\"p1\">TF5, TF15, TF17, TF19, TF153, TF173, TF193, Sial 193, Sial 321, TF317, TF321, TF325, TF327, TF330, TF223<\/li>\n<li class=\"p1\">TH4260, TH4290, TH4330, TH4295FH, TH4295FS, TH4335FH, TH4335FS, TH4365FH, TH4365FS, TLE3400(FH),<\/li>\n<li class=\"p1\">TK21, TK23, TK25, TK27, TK29, TK33, TK532, TK538<\/li>\n<li class=\"p1\">TG5330G, TG5330H, TG5330PS, TG5390G, TG5390H, TG5390PS, TG6370G, TG6370H, TG6370S, TG6400H, TG6400S<\/li>\n<\/ul>\n<p><strong>Motores Iseki<\/strong><\/p>\n<ul>\n<li>\n<p class=\"p1\">E255, E262, E269, E3100, E3100-B02, E3100B01, E3112, E374, E380, E383, E393, E4CG, E3CD, E3CD-T, E3CE<\/p>\n<\/li>\n<\/ul>\n<p><strong>Mitsubishi<\/strong><\/p>\n<ul>\n<li>D1350, D1450, D1550, D1650, D1850, D1100, MT370, D2050, D2350, D1300<\/li>\n<li>MT14, MT15, MT16, MT17, MT165, MT18, MT20, MT160, MT180, MT185, MT205, MT210, MT250, MT280D, MT285, MT300, MT373, MT470, MT1401, MT1601, MTE2000, MT1801, MT25, MT200, MT221, MT230D, MT231, MT240, MT241, MT260D,<\/li>\n<li>MTX225, MTX245<\/li>\n<li>GS160, GS180, GS182, GS200, GS202, GS210, GS230, GS232, GS250,<\/li>\n<li>MM15T, MM25T, MM30CR, MM30SR, MM30T<\/li>\n<li>MTE1800<\/li>\n<li>GSK18, GSK256<\/li>\n<\/ul>\n<p><strong>AMI<\/strong><\/p>\n<ul>\n<li>GS 0009 M 32S, GS 0013 M 32S, GS 0025 M 32S<\/li>\n<\/ul>\n<p><strong>Bolens<\/strong><\/p>\n<ul>\n<li>G152, G154, G174<\/li>\n<li>H152, H154, H174<\/li>\n<\/ul>\n<p><strong>Bobcat<\/strong><\/p>\n<ul>\n<li>X120<\/li>\n<\/ul>\n<p><strong>Case<\/strong><\/p>\n<ul>\n<li>234, 235, 244, 245, 254, 255, 1120, 1130<\/li>\n<\/ul>\n<p><strong>Caterpillar<\/strong><\/p>\n<ul>\n<li>CAT302.5C, CAT303CR, 302.5C, 303CR, 303SR<\/li>\n<\/ul>\n<p><strong>Cadete cachorro<\/strong><\/p>\n<ul>\n<li>7192, 7193, 7194, 7195<\/li>\n<\/ul>\n<p><strong>Deutz-Fahr<\/strong><\/p>\n<ul>\n<li>Agrokid 25A, Agrokid 25 A\/HST, Agrokid 35 A, Agrokid 45 A<\/li>\n<\/ul>\n<p><strong>Ferrari<\/strong><\/p>\n<ul>\n<li>Motor del tractor K3E<\/li>\n<\/ul>\n<p><strong>Geko<\/strong><\/p>\n<ul>\n<li>DH\/S 15, DH\/S 15 MF<\/li>\n<\/ul>\n<p><strong>Hanix<\/strong><\/p>\n<ul>\n<li>Excavadora (Mitsubishi K4D), N06, N11, N120, N150-2, N220, N230-2, N250, S&amp;B15SR, S&amp;B25, S&amp;B25III<\/li>\n<\/ul>\n<p><strong>Mahindra<\/strong><\/p>\n<ul>\n<li>2216, 2015, 2516, Max22, 2615<\/li>\n<\/ul>\n<p><strong>Massey Ferguson<\/strong><\/p>\n<ul>\n<li>6028<\/li>\n<li>1210, 1215<\/li>\n<\/ul>\n<p><strong>New Holland<\/strong><\/p>\n<ul>\n<li>Boomer 25, Boomer 20<\/li>\n<\/ul>\n<p><strong>Pel-Job<\/strong><\/p>\n<ul>\n<li>EB11, EB12, EB14<\/li>\n<\/ul>\n<p><strong>Satoh<\/strong><\/p>\n<ul>\n<li>S373, S470<\/li>\n<li>ST1420, ST1440, ST1520, ST1540, ST1620, ST1640, ST1820, ST1840, ST1100, ST1300<\/li>\n<\/ul>\n<p><strong>Suzue<\/strong><\/p>\n<ul>\n<li>M1503, M1503D<\/li>\n<li>M2001, M1200, M1301<\/li>\n<\/ul>\n<p><strong>Volvo<\/strong><\/p>\n<ul>\n<li>EC13, EC14, EC15, EC20, EC25, EC30, EC35<\/li>\n<\/ul>\n<p><strong>VST<\/strong><\/p>\n<ul>\n<li>VST180D<\/li>\n<\/ul>\n<p><strong>Weidemann<\/strong><\/p>\n<ul>\n<li>\n<p class=\"p1\">1050D\/M, 1055D\/M, 1070D\/M, 1504D\/M, 1705D\/M, 1802BLD\/M<\/p>\n<\/li>\n<li>\n<p class=\"p1\">917D\/M, 919D\/M<\/p>\n<\/li>\n<\/ul>\n<p><strong>Blanco<\/strong><\/p>\n<ul>\n<li>FB16<\/li>\n<\/ul>\n<p><strong>Motor Mitsubishi<\/strong><\/p>\n<ul>\n<li>K3A, K3B, K3C, K3D, K3E, K3F<\/li>\n<li>K4A, K4B, K4C, K4D, K4E, K4F<\/li>\n<li>L2A, L2E, L2C<\/li>\n<li>L3A, L3E, L3C<\/li>\n<li>S3L, S3L2, S4L, S4L2<\/li>\n<\/ul>\n<p><strong>OEM de referencia<\/strong><\/p>\n<ul>\n<li>MD016490, MD433848<\/li>\n<li>5663016-490000<\/li>\n<\/ul>\n<p><span style=\"text-decoration: underline;\"><strong>Precio por unidad<\/strong><\/span><\/p>\n<p>&nbsp;<\/p>\n","protected":false},"excerpt":{"rendered":"<p>Gomas de v\u00e1lvulas adecuadas para Kubota V2203<\/p>\n<p>Por pieza.<\/p>\n","protected":false},"featured_media":11377,"comment_status":"open","ping_status":"closed","template":"","meta":[],"product_cat":[502],"product_tag":[3897,2862],"class_list":{"0":"post-81061","1":"product","2":"type-product","3":"status-publish","4":"has-post-thumbnail","6":"product_cat-gomas-de-valvula","7":"product_tag-snelparts-es","8":"product_tag-v2203-es","9":"pa_merk-bobcat-es","10":"pa_merk-bolens-es","11":"pa_merk-cub-cadet-es","12":"pa_merk-deutz-es","13":"pa_merk-iseki-es","14":"pa_merk-massey-ferguson-es","15":"pa_merk-mitsubishi-es","16":"pa_merk-satoh-es","17":"pa_motor-k3a-es","18":"pa_motor-k3b-es","19":"pa_motor-k3c-es","20":"pa_motor-k3d-es","21":"pa_motor-k3e-es","22":"pa_motor-k3f-es","23":"pa_motor-k4a-es","24":"pa_motor-k4b-es","25":"pa_motor-k4c-es","26":"pa_motor-k4d-es","27":"pa_motor-k4e-es","28":"pa_motor-k4f-es","29":"pa_motor-l2a-es","30":"pa_motor-l2b-es","31":"pa_motor-l2c-es","32":"pa_motor-l3a-es","33":"pa_motor-l3c-es","34":"pa_motor-l3e-es","35":"pa_motor-s3l-es","36":"pa_motor-s3l2-es","37":"pa_motor-s4l-es","38":"pa_motor-s4l2-es","40":"first","41":"instock","42":"sale","43":"taxable","44":"shipping-taxable","45":"purchasable","46":"product-type-simple","47":"col-xs-6 col-sm-4","48":"col-md-3 col-lg-3","49":"un-4-cols"},"_links":{"self":[{"href":"https:\/\/shop4trac.com\/es\/wp-json\/wp\/v2\/product\/81061","targetHints":{"allow":["GET"]}}],"collection":[{"href":"https:\/\/shop4trac.com\/es\/wp-json\/wp\/v2\/product"}],"about":[{"href":"https:\/\/shop4trac.com\/es\/wp-json\/wp\/v2\/types\/product"}],"replies":[{"embeddable":true,"href":"https:\/\/shop4trac.com\/es\/wp-json\/wp\/v2\/comments?post=81061"}],"wp:featuredmedia":[{"embeddable":true,"href":"https:\/\/shop4trac.com\/es\/wp-json\/wp\/v2\/media\/11377"}],"wp:attachment":[{"href":"https:\/\/shop4trac.com\/es\/wp-json\/wp\/v2\/media?parent=81061"}],"wp:term":[{"taxonomy":"product_cat","embeddable":true,"href":"https:\/\/shop4trac.com\/es\/wp-json\/wp\/v2\/product_cat?post=81061"},{"taxonomy":"product_tag","embeddable":true,"href":"https:\/\/shop4trac.com\/es\/wp-json\/wp\/v2\/product_tag?post=81061"}],"curies":[{"name":"wp","href":"https:\/\/api.w.org\/{rel}","templated":true}]}}