{"id":75426,"date":"2023-03-21T16:33:41","date_gmt":"2023-03-21T15:33:41","guid":{"rendered":"https:\/\/shop4trac.com\/?post_type=product&#038;p=75426"},"modified":"2025-08-16T17:03:21","modified_gmt":"2025-08-16T15:03:21","slug":"bomba-de-agua-yanmar-3tnv88-4tnv88-sin-tubos","status":"publish","type":"product","link":"https:\/\/shop4trac.com\/es\/refrigeracion-y-radiadores\/bombas-de-agua\/bomba-de-agua-yanmar-3tnv88-4tnv88-sin-tubos\/","title":{"rendered":"Bomba de agua Yanmar 3TNV88 | 4TNV88 | 3TNE84 \u2013 4TNE88"},"content":{"rendered":"<p class=\"p1\">\u2705 Bomba de agua Yanmar &amp; Takeuchi | Incluye junta<\/p>\n<p class=\"p1\">Bomba de agua adecuada para diversos motores Yanmar y m\u00e1quinas Takeuchi. Disponible en 2 versiones. La versi\u00f3n 2 est\u00e1 equipada con refrigeraci\u00f3n adicional para la bomba de combustible (ver im\u00e1genes).  <\/p>\n<p class=\"p1\">? Caracter\u00edsticas:<\/p>\n<p class=\"p1\">\u2714\ufe0f Se entrega completa con junta<\/p>\n<p class=\"p1\">\u2714\ufe0f Disponible en 2 versiones (con o sin refrigeraci\u00f3n adicional para la bomba de combustible)<\/p>\n<p class=\"p1\">\u2714\ufe0f Adecuada para motores Yanmar y excavadoras Takeuchi<\/p>\n<p class=\"p1\">\u2714\ufe0f N\u00fameros OEM como referencia para un ajuste correcto<\/p>\n<p class=\"p1\">? Datos t\u00e9cnicos:<\/p>\n<p><strong>Elecci\u00f3n entre 2 variantes:<\/strong><\/p>\n<p class=\"p1\">\u2013 Variante: versi\u00f3n est\u00e1ndar<\/p>\n<p class=\"p1\">\u2013 Variante: versi\u00f3n con refrigeraci\u00f3n adicional para la bomba de combustible<\/p>\n<p class=\"p1\">\u2013 Incluye junta<\/p>\n<hr>\n<p class=\"p4\"><b>Motores Yanmar<\/b><b><\/b><\/p>\n<ul>\n<li>\n<p class=\"p1\">3TNV88, 4TNV88<\/p>\n<\/li>\n<li>\n<p class=\"p1\">4TNV84, 4TNV84-GGE<\/p>\n<\/li>\n<li>\n<p class=\"p1\">3TNE88-G1A, 3TNE88-G2A, 4TNE88-G1A, 4TNE88-G2A<\/p>\n<\/li>\n<li>\n<p class=\"p1\">3TNE88-EG1A, 3TNE88-SA, 4TNE88-SA, 3TNE88-ESA, 4TNE88-ESA<\/p>\n<\/li>\n<li>\n<p class=\"p1\">3TNE84-SA, 3TNE84-G1A, 3TNE84-G2A, 4TNE84-SA, 4TNE84-G1A, 4TNE84-G2A<\/p>\n<\/li>\n<li>\n<p class=\"p1\">3TNE84C-G1A, 4TNE84C-G1A<\/p>\n<\/li>\n<li>\n<p class=\"p1\">4TNE84-EG1A, 4TNE84-ESA, 4TNE84-G2A01, 4TNE84-G1A01, 4TNE84-SA, 4D84-2<\/p>\n<\/li>\n<li>\n<p class=\"p1\">3TNV88-BDYE2, 3TNV88-BDYE2D, 3TNV88-BDYE2T<\/p>\n<\/li>\n<li>\n<p class=\"p1\">3TNE84*, 4TNE84* (*no todos los modelos)<\/p>\n<\/li>\n<\/ul>\n<p class=\"p4\"><b>Yanmar<\/b><b><\/b><\/p>\n<ul>\n<li>\n<p class=\"p1\">B50<\/p>\n<\/li>\n<\/ul>\n<p class=\"p4\"><b>Takeuchi<\/b><b><\/b><\/p>\n<ul>\n<li>\n<p class=\"p1\">TB135, TB145<\/p>\n<\/li>\n<\/ul>\n<p class=\"p4\"><b>OEM como referencia<\/b><b><\/b><\/p>\n<ul>\n<li>\n<p class=\"p1\">Bomba de agua : 129001-42002<\/p>\n<\/li>\n<li>\n<p class=\"p1\">Variante 2 (con refrigeraci\u00f3n adicional para la bomba de combustible): 129004-42001<\/p>\n<\/li>\n<li>\n<p class=\"p1\">Junta: 129100-42020<\/p>\n<\/li>\n<\/ul>\n","protected":false},"excerpt":{"rendered":"<p>\u2705 Bomba de agua Yanmar &amp; Takeuchi | Incluye junta Bomba de agua adecuada para diversos motores Yanmar y m\u00e1quinas Takeuchi. Disponible en 2 versiones. La versi\u00f3n 2 est\u00e1 equipada con refrigeraci\u00f3n adicional para la bomba de combustible (ver im\u00e1genes). ? Caracter\u00edsticas: \u2714\ufe0f Se entrega completa con junta \u2714\ufe0f Disponible en 2 versiones (con o&hellip;<\/p>\n","protected":false},"featured_media":75435,"comment_status":"open","ping_status":"open","template":"","meta":[],"product_cat":[483],"product_tag":[3897],"class_list":{"0":"post-75426","1":"product","2":"type-product","3":"status-publish","4":"has-post-thumbnail","6":"product_cat-bombas-de-agua","7":"product_tag-snelparts-es","8":"pa_merk-takeuchi-es","9":"pa_merk-yanmar-es","10":"pa_motor-3tnv88-es","11":"pa_motor-4tnv84-es","12":"pa_motor-4tnv88-es","14":"first","15":"instock","16":"sale","17":"taxable","18":"shipping-taxable","19":"purchasable","20":"product-type-variable","21":"col-xs-6 col-sm-4","22":"col-md-3 col-lg-3","23":"un-4-cols"},"_links":{"self":[{"href":"https:\/\/shop4trac.com\/es\/wp-json\/wp\/v2\/product\/75426","targetHints":{"allow":["GET"]}}],"collection":[{"href":"https:\/\/shop4trac.com\/es\/wp-json\/wp\/v2\/product"}],"about":[{"href":"https:\/\/shop4trac.com\/es\/wp-json\/wp\/v2\/types\/product"}],"replies":[{"embeddable":true,"href":"https:\/\/shop4trac.com\/es\/wp-json\/wp\/v2\/comments?post=75426"}],"wp:featuredmedia":[{"embeddable":true,"href":"https:\/\/shop4trac.com\/es\/wp-json\/wp\/v2\/media\/75435"}],"wp:attachment":[{"href":"https:\/\/shop4trac.com\/es\/wp-json\/wp\/v2\/media?parent=75426"}],"wp:term":[{"taxonomy":"product_cat","embeddable":true,"href":"https:\/\/shop4trac.com\/es\/wp-json\/wp\/v2\/product_cat?post=75426"},{"taxonomy":"product_tag","embeddable":true,"href":"https:\/\/shop4trac.com\/es\/wp-json\/wp\/v2\/product_tag?post=75426"}],"curies":[{"name":"wp","href":"https:\/\/api.w.org\/{rel}","templated":true}]}}