{"id":73855,"date":"2023-03-10T17:44:20","date_gmt":"2023-03-10T16:44:22","guid":{"rendered":"https:\/\/shop4trac.com\/?post_type=product&#038;p=73855"},"modified":"2025-08-01T17:38:02","modified_gmt":"2025-08-01T15:38:02","slug":"manual-lista-de-piezas-mitsubishi-s3l-s4l","status":"publish","type":"product","link":"https:\/\/shop4trac.com\/es\/otras-partes\/manuales\/manual-lista-de-piezas-mitsubishi-s3l-s4l\/","title":{"rendered":"Manual de servicio manual Mitsubishi S3L | S3L2 | S4L2 | S4L Vetus | Suela | Deutz | Atlas | Mahindra | Oruga"},"content":{"rendered":"<h3><b>? Manual de servicio de motores di\u00e9sel Mitsubishi Series S3 y S4<\/b><\/h3>\n<p class=\"p3\"><b>Para motores: S3L, S3L2, S4L, S4L2<\/b><b><\/b><\/p>\n<p class=\"p4\">Este <span class=\"s2\"><b>manual de servicio<\/b><\/span> es una obra de referencia indispensable para cualquier persona que trabaje con motores di\u00e9sel <span class=\"s2\"><b>de la serie SL<\/b><\/span> de Mitsubishi. El manual cubre los modelos <span class=\"s2\"><b>S3L, S3L2, S4L y S4L2<\/b><\/span> en detalle y proporciona instrucciones claras para el mantenimiento, la reparaci\u00f3n y el diagn\u00f3stico. <\/p>\n<h4><b>\u2705 Qu\u00e9 puedes esperar:<\/b><\/h4>\n<ul>\n<li>\n<p class=\"p1\"><b>Especificaciones t\u00e9cnicas completas<\/b> <span class=\"s1\">de los cuatro tipos de motor<\/span><\/p>\n<\/li>\n<li>\n<p class=\"p1\"><span class=\"s1\"><b>Instrucciones de mantenimiento paso a paso<\/b><\/span> incluyendo ajuste de v\u00e1lvulas, sincronizaci\u00f3n, sistema de inyecci\u00f3n, pares de apriete, etc.<\/p>\n<\/li>\n<li>\n<p class=\"p1\"><span class=\"s1\"><b>Programas de lubricaci\u00f3n y diagn\u00f3stico de aver\u00edas<\/b><\/span> para un trabajo r\u00e1pido y preciso<\/p>\n<\/li>\n<li>\n<p class=\"p1\"><span class=\"s1\"><b>Vistas despiezadas<\/b><\/span> claras y diagramas para una f\u00e1cil identificaci\u00f3n de las piezas<\/p>\n<\/li>\n<li>\n<p class=\"p1\"><span class=\"s1\">Adecuado tanto para<\/span> <b>mec\u00e1nicos profesionales<\/b> <span class=\"s1\">como<\/span> <b>para aficionados al bricolaje.<\/b><\/p>\n<\/li>\n<\/ul>\n<h4><b>?\ufe0f Apto para:<\/b><\/h4>\n<ul>\n<li>\n<p class=\"p1\">Maquinaria agr\u00edcola<\/p>\n<\/li>\n<li>\n<p class=\"p1\">Maquinaria para movimiento de tierras<\/p>\n<\/li>\n<li>\n<p class=\"p1\">Aplicaciones industriales<\/p>\n<\/li>\n<li>\n<p class=\"p1\">Agregados y bombas<\/p>\n<\/li>\n<\/ul>\n<p><b>mitsubishi<\/b><\/p>\n<ul>\n<li>GO26, GO28, GO30, GO32, GO34, GO260, GO261, GO280, GO281, GO300, GO301, GO320, GO321, GO340, GO341<\/li>\n<li>MT200, MT201, MT231, MT240, MT246, MT251, MT271, MT291, MT311, MT331, MT341<\/li>\n<li>Tractor MT265MFYS6<\/li>\n<li>MM35T, MM40CR, MM40SR<\/li>\n<li>GS182<\/li>\n<\/ul>\n<p><strong>TYM<\/strong><\/p>\n<ul>\n<li>T303 HST 2WD Mitsubishi S4L, T303 HST 4WD Mitsubishi S4L, T353 HST 2WD Mitsubishi S4L2, T353 HST 4WD Mitsubishi S4L2<\/li>\n<\/ul>\n<p><strong>motor mitsubishi<\/strong><\/p>\n<ul>\n<li>S3L2, S3L<\/li>\n<li>S3L2-61ES, S3L2-61SD, S3L2-61SDH, S3L2-61TG, S3L2-61WH, S3L2-63ES, S3L2-63KL-NP2, S3L2-64ES, S3L2-SD, S3L2-W463KL, S3L2-Y131NSB<\/li>\n<\/ul>\n<p><strong>mahindra<\/strong><\/p>\n<ul>\n<li>2015 4X4, 2015 HST, 2615 4X4, 2615 HST, 3015 HST<\/li>\n<\/ul>\n<p><strong>Mam\u00e1<\/strong><\/p>\n<ul>\n<li>GS160, GS180, GS200, GS210, GS230, GS250<\/li>\n<\/ul>\n<p><strong>Oruga<\/strong><\/p>\n<ul>\n<li>302.5C, 303CR, 303SR<\/li>\n<\/ul>\n<p><strong>Mitsubishi Transport Refridgeration:<\/strong><\/p>\n<ul>\n<li>TU73E, TU73EX, TU73D<\/li>\n<\/ul>\n<p><strong>AMI<\/strong>:<\/p>\n<ul>\n<li>GS 0009 M 32S<\/li>\n<\/ul>\n<p><strong>Atlas<\/strong>:<\/p>\n<ul>\n<li>AM29R, AM35R<\/li>\n<\/ul>\n<p><strong>Bredenoord<\/strong>:<\/p>\n<ul>\n<li>BRMI 10<\/li>\n<\/ul>\n<p><strong>Broadcrown:<\/strong><\/p>\n<ul>\n<li>Grupo electr\u00f3geno: BCM 8-50SP E2, BCM 11-50 E2, BCM 11-60SP T4, BCM 11-60SP, BCM 11-60<\/li>\n<\/ul>\n<p><strong>Deutz<\/strong><\/p>\n<ul>\n<li>Agrokid 30, Agrokid 40,Agrokid 50<\/li>\n<\/ul>\n<p><strong>Eisemann<\/strong>:<\/p>\n<ul>\n<li>Generador: P 11000 DE, P 11001 DE, T 11000 DE<\/li>\n<\/ul>\n<p><strong>Geko<\/strong>:<\/p>\n<ul>\n<li>Generador: DH\/S 10 MF, DH\/S 10<\/li>\n<\/ul>\n<p><strong>Giese<\/strong>:<\/p>\n<ul>\n<li>BHKW: HB 5-10, HB 7,5-15<\/li>\n<\/ul>\n<p><strong>Hanix<\/strong>:<\/p>\n<ul>\n<li>Excavadora: H22A, H24A, H26C, H36C, H36CR<\/li>\n<\/ul>\n<p><strong>Hyundai Heavy Industries (Excavadoras):<\/strong><\/p>\n<ul>\n<li>Miniexcavadora: R25Z-9A, R27Z-9<\/li>\n<li>Excavadora: Robex 28-7, Robex 35-7, Robex 36N-7, Robex 55-7<\/li>\n<\/ul>\n<p><strong>Pronar<\/strong><\/p>\n<ul>\n<li>320AM, 320AMK<\/li>\n<\/ul>\n<p><strong>Lamborghini<\/strong><\/p>\n<ul>\n<li>Tractor R1.30, R1.40, r R1.50<\/li>\n<\/ul>\n<p><strong>Mitsubishi<\/strong>:<\/p>\n<ul>\n<li>Miniexcavadora: MM30T<\/li>\n<li>Maquinaria de construcci\u00f3n Excavadora: MM25T, MM30CR, MM30CR2, MM30SR, MM30T<\/li>\n<\/ul>\n<p><strong>Nagano:<\/strong><\/p>\n<ul>\n<li>Plataforma a\u00e9rea: NA120A, NA90ZA<\/li>\n<li>Miniexcavadoras: NS35R-3, NB30, CX26-3, NS25-3, NUL120-3, NA90A, NUZ090D<\/li>\n<\/ul>\n<p><strong>Nueva Holanda<\/strong><\/p>\n<ul>\n<li>EC25, EC35<\/li>\n<\/ul>\n<p><strong>Nilfisk-Alto:<\/strong><\/p>\n<ul>\n<li>Hidrolimpiadora: Contratista Silencioso<\/li>\n<\/ul>\n<p><strong>Sol\u00e9 Diesel:<\/strong><\/p>\n<ul>\n<li>Armada: Mini 33, G-10T-15, G-10M-15<\/li>\n<li>Marine G-15M-15, Marine G-25T-3, Marine Mini 44, Marine G-25M-3, Marine G-15T-15, Marine Mini 55<\/li>\n<\/ul>\n<p><strong>Pel Job:<\/strong><\/p>\n<ul>\n<li>Excavadora: EB306, EB25.4, EB30.4, EB250<\/li>\n<\/ul>\n<p><strong>Optimess:<\/strong><\/p>\n<ul>\n<li>BHKW: Tigre 8\/16 PPN<\/li>\n<\/ul>\n<p><strong>volvo<\/strong> :<\/p>\n<ul>\n<li>Excavadora: EC30, EC25, EC35<\/li>\n<\/ul>\n<p><strong>Ingersoll Rand:<\/strong><\/p>\n<ul>\n<li>Generador: G11, G12<\/li>\n<\/ul>\n<p><strong>Generador Teksan:<\/strong><\/p>\n<ul>\n<li>Generador: TJ9MS, TJ11MS, TJ20MS<\/li>\n<\/ul>\n<p><strong>Toro<\/strong>:<\/p>\n<ul>\n<li>Segadora de calles: Reelmaster 5300-D<\/li>\n<\/ul>\n<p><strong>Weidemann<\/strong> :<\/p>\n<ul>\n<li>Cargadora de ruedas: 1050D\/M, 1504D\/M, 1055D\/M, 1070D\/M<\/li>\n<\/ul>\n<p><strong>Terex<\/strong>:<\/p>\n<ul>\n<li>TC25, HR14, TC29, TC35, TC37, HR3.7, HR16, HR16A<\/li>\n<\/ul>\n<p><strong>Tecn\u00f3geno<\/strong>:<\/p>\n<ul>\n<li>Generador: MI12 \/ 4SX, MI12T \/ 4SX<\/li>\n<\/ul>\n<p><strong>Schaeff Terex:<\/strong><\/p>\n<ul>\n<li>Excavadora: TC25<\/li>\n<\/ul>\n<p><strong>Terex-Schaeff:<\/strong><\/p>\n<ul>\n<li>Excavadora: TC25<\/li>\n<\/ul>\n<p class=\"p4\">Este manual contiene informaci\u00f3n detallada sobre:<\/p>\n<p class=\"p4\">\u2714\ufe0f Especificaciones t\u00e9cnicas<\/p>\n<p class=\"p4\">\u2714\ufe0f Desmontaje y montaje paso a paso<\/p>\n<p class=\"p4\">\u2714\ufe0f Programas de lubricaci\u00f3n y valores de torque<\/p>\n<p class=\"p4\">\u2714\ufe0f Diagramas el\u00e9ctricos<\/p>\n<p class=\"p4\">\u2714\ufe0f Intervalos de mantenimiento y resoluci\u00f3n de problemas<\/p>\n<p class=\"p4\">? <span class=\"s1\"><b>Idioma<\/b><\/span> : Ingl\u00e9s<\/p>\n<p class=\"p4\">? <span class=\"s1\"><b>Formato<\/b><\/span> : Descarga digital (PDF) o versi\u00f3n en papel<\/p>\n<p><strong>195 p\u00e1ginas<\/strong><\/p>\n<p><strong>En ingl\u00e9s<\/strong><\/p>\n","protected":false},"excerpt":{"rendered":"<p>? Manual de servicio de motores di\u00e9sel Mitsubishi Series S3 y S4 Para motores: S3L, S3L2, S4L, S4L2 Este manual de servicio es una obra de referencia indispensable para cualquier persona que trabaje con motores di\u00e9sel de la serie SL de Mitsubishi. El manual cubre los modelos S3L, S3L2, S4L y S4L2 en detalle y&hellip;<\/p>\n","protected":false},"featured_media":151279,"comment_status":"open","ping_status":"open","template":"","meta":[],"product_cat":[9014],"product_tag":[3897],"class_list":{"0":"post-73855","1":"product","2":"type-product","3":"status-publish","4":"has-post-thumbnail","6":"product_cat-manuales","7":"product_tag-snelparts-es","8":"pa_merk-atlas-es","9":"pa_merk-deutz-es","10":"pa_merk-hanix-es","11":"pa_merk-lamborghini-es","12":"pa_merk-mitsubishi-es","13":"pa_merk-peljob-es","14":"pa_merk-sole-diesel-es","15":"pa_merk-volvo-es","16":"pa_merk-weidemann-es","17":"pa_motor-z750-es","18":"pa_motor-z751-es","20":"first","21":"instock","22":"sale","23":"taxable","24":"shipping-taxable","25":"purchasable","26":"product-type-variable","27":"col-xs-6 col-sm-4","28":"col-md-3 col-lg-3","29":"un-4-cols"},"_links":{"self":[{"href":"https:\/\/shop4trac.com\/es\/wp-json\/wp\/v2\/product\/73855","targetHints":{"allow":["GET"]}}],"collection":[{"href":"https:\/\/shop4trac.com\/es\/wp-json\/wp\/v2\/product"}],"about":[{"href":"https:\/\/shop4trac.com\/es\/wp-json\/wp\/v2\/types\/product"}],"replies":[{"embeddable":true,"href":"https:\/\/shop4trac.com\/es\/wp-json\/wp\/v2\/comments?post=73855"}],"wp:featuredmedia":[{"embeddable":true,"href":"https:\/\/shop4trac.com\/es\/wp-json\/wp\/v2\/media\/151279"}],"wp:attachment":[{"href":"https:\/\/shop4trac.com\/es\/wp-json\/wp\/v2\/media?parent=73855"}],"wp:term":[{"taxonomy":"product_cat","embeddable":true,"href":"https:\/\/shop4trac.com\/es\/wp-json\/wp\/v2\/product_cat?post=73855"},{"taxonomy":"product_tag","embeddable":true,"href":"https:\/\/shop4trac.com\/es\/wp-json\/wp\/v2\/product_tag?post=73855"}],"curies":[{"name":"wp","href":"https:\/\/api.w.org\/{rel}","templated":true}]}}