{"id":72797,"date":"2023-02-28T17:36:41","date_gmt":"2023-02-28T16:36:41","guid":{"rendered":"https:\/\/shop4trac.com\/sin%20categor\u00eda\/tapon-de-aceite-general-hydraulics\/"},"modified":"2025-08-01T17:39:01","modified_gmt":"2025-08-01T15:39:01","slug":"tapon-de-aceite-general-hydraulics","status":"publish","type":"product","link":"https:\/\/shop4trac.com\/es\/otras-partes\/tapon-de-aceite-general-hydraulics\/","title":{"rendered":"Tap\u00f3n de aceite General Hydraulics"},"content":{"rendered":"<p>Tap\u00f3n hidr\u00e1ulico general adecuado para diversos tractores.<\/p>\n<ul>\n<li>Tama\u00f1o 32\/25 mm<\/li>\n<\/ul>\n<p>Junta de goma<\/p>\n","protected":false},"excerpt":{"rendered":"<p>Tap\u00f3n hidr\u00e1ulico general adecuado para diversos tractores. Tama\u00f1o 32\/25 mm Junta de goma<\/p>\n","protected":false},"featured_media":73467,"comment_status":"open","ping_status":"open","template":"","meta":[],"product_cat":[490],"product_tag":[3897],"class_list":{"0":"post-72797","1":"product","2":"type-product","3":"status-publish","4":"has-post-thumbnail","6":"product_cat-otras-partes","7":"product_tag-snelparts-es","9":"first","10":"instock","11":"taxable","12":"shipping-taxable","13":"purchasable","14":"product-type-simple","15":"col-xs-6 col-sm-4","16":"col-md-3 col-lg-3","17":"un-4-cols"},"_links":{"self":[{"href":"https:\/\/shop4trac.com\/es\/wp-json\/wp\/v2\/product\/72797","targetHints":{"allow":["GET"]}}],"collection":[{"href":"https:\/\/shop4trac.com\/es\/wp-json\/wp\/v2\/product"}],"about":[{"href":"https:\/\/shop4trac.com\/es\/wp-json\/wp\/v2\/types\/product"}],"replies":[{"embeddable":true,"href":"https:\/\/shop4trac.com\/es\/wp-json\/wp\/v2\/comments?post=72797"}],"wp:featuredmedia":[{"embeddable":true,"href":"https:\/\/shop4trac.com\/es\/wp-json\/wp\/v2\/media\/73467"}],"wp:attachment":[{"href":"https:\/\/shop4trac.com\/es\/wp-json\/wp\/v2\/media?parent=72797"}],"wp:term":[{"taxonomy":"product_cat","embeddable":true,"href":"https:\/\/shop4trac.com\/es\/wp-json\/wp\/v2\/product_cat?post=72797"},{"taxonomy":"product_tag","embeddable":true,"href":"https:\/\/shop4trac.com\/es\/wp-json\/wp\/v2\/product_tag?post=72797"}],"curies":[{"name":"wp","href":"https:\/\/api.w.org\/{rel}","templated":true}]}}