{"id":69335,"date":"2023-01-20T15:07:48","date_gmt":"2023-01-20T14:07:48","guid":{"rendered":"https:\/\/shop4trac.com\/?post_type=product&#038;p=69335"},"modified":"2025-10-08T23:51:53","modified_gmt":"2025-10-08T21:51:53","slug":"regulador-de-voltaje-kubota-yanmar-hinomoto-5-hilos","status":"publish","type":"product","link":"https:\/\/shop4trac.com\/es\/piezas-electricas\/regulador-de-tension\/regulador-de-voltaje-kubota-yanmar-hinomoto-5-hilos\/","title":{"rendered":"Spanningsregelaar Kubota | Yanmar | Hinomoto | 5 Cables"},"content":{"rendered":"<p class=\"p1\">Este Spanningsregelaar\/rectificador convierte la corriente alterna (AC) en una tensi\u00f3n continua estable de 12 V. Dise\u00f1ado para un uso prolongado y una eficiencia de carga \u00f3ptima de la bater\u00eda a diferentes velocidades. <\/p>\n<p><strong>Kubota<\/strong><\/p>\n<ul>\n<li>B1600, B1702, B1902<\/li>\n<\/ul>\n<p><strong>Yanmar<\/strong><\/p>\n<ul>\n<li>YM1510, YM1601, YM1610, YM1702, YM1720, YMG1800, YM1802, YM1810, YM1820, YMG2000, YM2001, YM2002, YM2010, YM2020<\/li>\n<li>YM122, YM126, YM140, YM140, YM142, YM146, YM147, YM180, YM186, YM187, YM220, YM226<\/li>\n<li>YM2202, YM2220, YM2301, YM2310, YM2402, YM2420<\/li>\n<li>F14, F15, F16<\/li>\n<\/ul>\n<p><strong>John Deere<\/strong><\/p>\n<ul>\n<li>4200<\/li>\n<\/ul>\n<p><strong>Hinomoto<\/strong><\/p>\n<ul>\n<li>C142, C144, C172, C174, E1802, E1804, E202, E204, E222, E224, E184<\/li>\n<\/ul>\n<p><strong>Gutbrod<\/strong><\/p>\n<ul>\n<li>4200, 4250<\/li>\n<\/ul>\n<p><strong>Massey Ferguson<\/strong><\/p>\n<ul>\n<li>1010<\/li>\n<\/ul>\n<p><strong>Allis Chalmers <\/strong><\/p>\n<ul>\n<li>5015<\/li>\n<\/ul>\n<p><strong>Deutz-Allis<\/strong><\/p>\n<ul>\n<li>5215<\/li>\n<\/ul>\n<p><strong>Simplicidad<\/strong><\/p>\n<ul>\n<li>9518<\/li>\n<\/ul>\n<p><strong>N\u00famero de referencia OEM para comparar:<\/strong><\/p>\n<ul>\n<li>15531-64603, 15531-64600,15503-64600<\/li>\n<li>07933-00090<\/li>\n<\/ul>\n","protected":false},"excerpt":{"rendered":"<p>Este Spanningsregelaar\/rectificador convierte la corriente alterna (AC) en una tensi\u00f3n continua estable de 12 V. Dise\u00f1ado para un uso prolongado y una eficiencia de carga \u00f3ptima de la bater\u00eda a diferentes velocidades. Kubota B1600, B1702, B1902 Yanmar YM1510, YM1601, YM1610, YM1702, YM1720, YMG1800, YM1802, YM1810, YM1820, YMG2000, YM2001, YM2002, YM2010, YM2020 YM122, YM126, YM140, YM140,&hellip;<\/p>\n","protected":false},"featured_media":98256,"comment_status":"open","ping_status":"closed","template":"","meta":[],"product_cat":[469],"product_tag":[3897],"class_list":{"0":"post-69335","1":"product","2":"type-product","3":"status-publish","4":"has-post-thumbnail","6":"product_cat-regulador-de-tension","7":"product_tag-snelparts-es","8":"pa_merk-hinomoto-es","9":"pa_merk-kubota-es","10":"pa_merk-yanmar-es","12":"first","13":"instock","14":"sale","15":"taxable","16":"shipping-taxable","17":"purchasable","18":"product-type-simple","19":"col-xs-6 col-sm-4","20":"col-md-3 col-lg-3","21":"un-4-cols"},"_links":{"self":[{"href":"https:\/\/shop4trac.com\/es\/wp-json\/wp\/v2\/product\/69335","targetHints":{"allow":["GET"]}}],"collection":[{"href":"https:\/\/shop4trac.com\/es\/wp-json\/wp\/v2\/product"}],"about":[{"href":"https:\/\/shop4trac.com\/es\/wp-json\/wp\/v2\/types\/product"}],"replies":[{"embeddable":true,"href":"https:\/\/shop4trac.com\/es\/wp-json\/wp\/v2\/comments?post=69335"}],"wp:featuredmedia":[{"embeddable":true,"href":"https:\/\/shop4trac.com\/es\/wp-json\/wp\/v2\/media\/98256"}],"wp:attachment":[{"href":"https:\/\/shop4trac.com\/es\/wp-json\/wp\/v2\/media?parent=69335"}],"wp:term":[{"taxonomy":"product_cat","embeddable":true,"href":"https:\/\/shop4trac.com\/es\/wp-json\/wp\/v2\/product_cat?post=69335"},{"taxonomy":"product_tag","embeddable":true,"href":"https:\/\/shop4trac.com\/es\/wp-json\/wp\/v2\/product_tag?post=69335"}],"curies":[{"name":"wp","href":"https:\/\/api.w.org\/{rel}","templated":true}]}}