{"id":68816,"date":"2023-01-17T16:24:56","date_gmt":"2023-01-17T15:24:56","guid":{"rendered":"https:\/\/shop4trac.com\/?post_type=product&#038;p=68816"},"modified":"2025-08-04T21:01:38","modified_gmt":"2025-08-04T19:01:38","slug":"culata-mitsubishi-motor-k3d","status":"publish","type":"product","link":"https:\/\/shop4trac.com\/es\/partes-de-motor\/culata-del-motor\/culata-mitsubishi-motor-k3d\/","title":{"rendered":"Culata Mitsubishi K3A | K3B | K3C | K3D | Sol\u00e9 diesel | Vetus | Toro \u2013 Culata indirecta"},"content":{"rendered":"<p>Se trata de una <span style=\"text-decoration: underline\">nueva<\/span> culata fabricada con material de alta calidad. Los asientos de v\u00e1lvula ya est\u00e1n montados y listos para usar. Los modelos compatibles que figuran a continuaci\u00f3n se han buscado con sumo cuidado en la culata.<\/p>\n<p>Culata adecuada para motores indirectos de la serie K3A | K3B | K3C | K3D para:<\/p>\n<p><strong>Tama\u00f1o de la v\u00e1lvula<\/strong><\/p>\n<ul>\n<li>Entrada: 27,1&#215;6,6&#215;114,6<\/li>\n<li>Escape: 25&#215;6,6&#215;114,6 mm<\/li>\n<\/ul>\n<p><b>Iseki<\/b><\/p>\n<ul>\n<li>TU150, TU150F<\/li>\n<li>TU160, TU170<\/li>\n<li>TU160F, TU165F, TU170F, TU175F, TU177F<\/li>\n<\/ul>\n<p><strong>motor mitsubishi<\/strong><\/p>\n<ul>\n<li>MTE1800, MT17, MT210<\/li>\n<\/ul>\n<ul>\n<li>K3C, K3D11G, K3D, K3D-61TG<\/li>\n<\/ul>\n<p><strong>Case<\/strong><\/p>\n<ul>\n<li>IH 245, IH 244<\/li>\n<\/ul>\n<p><strong>Iseki<\/strong><\/p>\n<ul>\n<li>TU160, TU165, TU170, TU175, TU177<\/li>\n<li>TU170F, TU160F, TU165F, TU175F, TU177F<\/li>\n<\/ul>\n<p><strong>Mitsubishi<\/strong><\/p>\n<ul>\n<li>MTE1800, MT17<\/li>\n<li>MT210, MT210D, MTE1800, MTE1800D<\/li>\n<li>MM15T<\/li>\n<\/ul>\n<p><strong>Sol\u00e9 Diesel Marine<\/strong><\/p>\n<ul>\n<li>Mini 23<\/li>\n<\/ul>\n<p><strong>Vetus Marine<\/strong><\/p>\n<ul>\n<li>M3.10<\/li>\n<\/ul>\n<p><strong>Cortac\u00e9sped Toro<\/strong><\/p>\n<ul>\n<li>GM 72, GM324D, GM325D<\/li>\n<li>324-D. 325-D <\/li>\n<\/ul>\n<p><strong>Weidemann<\/strong><\/p>\n<ul>\n<li>914D\/M, 912D\/M, 1002\/M<\/li>\n<\/ul>\n<p><strong>OEM como referencia<\/strong><\/p>\n<ul>\n<li>MM431074<\/li>\n<li>5650-043-107-40<\/li>\n<\/ul>\n<p>&nbsp;<\/p>\n","protected":false},"excerpt":{"rendered":"<p>Se trata de una nueva culata fabricada con material de alta calidad. Los asientos de v\u00e1lvula ya est\u00e1n montados y listos para usar. Los modelos compatibles que figuran a continuaci\u00f3n se han buscado con sumo cuidado en la culata. Culata adecuada para motores indirectos de la serie K3A | K3B | K3C | K3D para:&hellip;<\/p>\n","protected":false},"featured_media":76284,"comment_status":"open","ping_status":"closed","template":"","meta":[],"product_cat":[496],"product_tag":[3897],"class_list":{"0":"post-68816","1":"product","2":"type-product","3":"status-publish","4":"has-post-thumbnail","6":"product_cat-culata-del-motor","7":"product_tag-snelparts-es","8":"pa_merk-case-es","9":"pa_merk-iseki-es","10":"pa_merk-massey-ferguson-es","11":"pa_merk-mitsubishi-es","12":"pa_merk-sole-diesel-es","13":"pa_merk-vetus-es","14":"pa_merk-weidemann-es","15":"pa_motor-k3d-es","17":"first","18":"instock","19":"sale","20":"taxable","21":"shipping-taxable","22":"purchasable","23":"product-type-simple","24":"col-xs-6 col-sm-4","25":"col-md-3 col-lg-3","26":"un-4-cols"},"_links":{"self":[{"href":"https:\/\/shop4trac.com\/es\/wp-json\/wp\/v2\/product\/68816","targetHints":{"allow":["GET"]}}],"collection":[{"href":"https:\/\/shop4trac.com\/es\/wp-json\/wp\/v2\/product"}],"about":[{"href":"https:\/\/shop4trac.com\/es\/wp-json\/wp\/v2\/types\/product"}],"replies":[{"embeddable":true,"href":"https:\/\/shop4trac.com\/es\/wp-json\/wp\/v2\/comments?post=68816"}],"wp:featuredmedia":[{"embeddable":true,"href":"https:\/\/shop4trac.com\/es\/wp-json\/wp\/v2\/media\/76284"}],"wp:attachment":[{"href":"https:\/\/shop4trac.com\/es\/wp-json\/wp\/v2\/media?parent=68816"}],"wp:term":[{"taxonomy":"product_cat","embeddable":true,"href":"https:\/\/shop4trac.com\/es\/wp-json\/wp\/v2\/product_cat?post=68816"},{"taxonomy":"product_tag","embeddable":true,"href":"https:\/\/shop4trac.com\/es\/wp-json\/wp\/v2\/product_tag?post=68816"}],"curies":[{"name":"wp","href":"https:\/\/api.w.org\/{rel}","templated":true}]}}