{"id":68804,"date":"2023-01-17T16:08:15","date_gmt":"2023-01-17T15:08:15","guid":{"rendered":"https:\/\/shop4trac.com\/?post_type=product&#038;p=68804"},"modified":"2025-08-04T21:01:54","modified_gmt":"2025-08-04T19:01:54","slug":"culata-iseki-e3cd","status":"publish","type":"product","link":"https:\/\/shop4trac.com\/es\/partes-de-motor\/culata-del-motor\/culata-iseki-e3cd\/","title":{"rendered":"Culata Iseki E3CD | E3CD-T | E3CE | E3CF"},"content":{"rendered":"<h4><b>Variante 1. Culata completa con v\u00e1lvulas y muelles \u2013 lista para su montaje directo <\/b><\/h4>\n<p class=\"p3\">Esta nueva culata est\u00e1 fabricada con material de alta calidad y se entrega completa, incluyendo v\u00e1lvulas y muelles ya montados. Gracias al ensamblaje completo, no es necesario transferir ni ajustar piezas. <\/p>\n<p class=\"p3\">\u2705 Totalmente ensamblada<\/p>\n<p class=\"p3\">\u2705 Incluye v\u00e1lvulas y muelles<\/p>\n<p class=\"p3\">\u2705 No requiere ajustes adicionales<\/p>\n<p class=\"p3\">\u2705 Lista para su montaje directo<\/p>\n<p class=\"p3\">Una soluci\u00f3n lista para usar que ahorra tiempo en el taller y minimiza el riesgo de errores de montaje.<\/p>\n<p class=\"p3\">Esta culata se ha emparejado cuidadosamente con los siguientes modelos compatibles.<\/p>\n<hr>\n<h4><b>Variante 2. Culata desnuda \u2013 con asientos de v\u00e1lvula premontados <\/b><\/h4>\n<p class=\"p3\">Esta culata est\u00e1 fabricada con material de alta calidad y se suministra como una culata desnuda con los asientos de v\u00e1lvula ya montados. Por lo tanto, la culata est\u00e1 preparada para su posterior montaje con sus componentes existentes o nuevos. <\/p>\n<p class=\"p3\">\u2705 Nueva culata de m\u00e1xima calidad<\/p>\n<p class=\"p3\">\u2705 Asientos de v\u00e1lvula ya montados<\/p>\n<p class=\"p3\">\u2705 Lista para su posterior ensamblaje<\/p>\n<p class=\"p3\">\u2705 Adecuada para revisi\u00f3n o aplicaci\u00f3n a medida<\/p>\n<p class=\"p3\">Ideal para quienes desean mantener el control sobre el ensamblaje final o reutilizar piezas espec\u00edficas.<\/p>\n<p class=\"p3\">La culata es adecuada para los siguientes modelos:<\/p>\n<p><b>Iseki<\/b><\/p>\n<ul>\n<li>TK532, TK538<\/li>\n<li>5140T<\/li>\n<li>TG5390, TG6405, TG5330, TG6400, TG6400H, TG6400S<\/li>\n<li>TH4295FH, TH4295FS, TH4335FH, TH4335FS<\/li>\n<li>TF243<\/li>\n<li>TLE3400<\/li>\n<li>TM3267<\/li>\n<\/ul>\n<p><strong>Massey Ferguson<\/strong><\/p>\n<ul>\n<li>1529, 1230, 1235, 1250, 1433, 1440, 1529, 1532, 1533<\/li>\n<\/ul>\n<p><strong>Mitsubishi <\/strong><\/p>\n<ul>\n<li>GSK256, GSK24<\/li>\n<\/ul>\n<p><strong>Agco<\/strong><\/p>\n<ul>\n<li>ST35, ST35H, ST35X, ST40, ST40H, ST40X<\/li>\n<\/ul>\n<p><strong>Challenger<\/strong><\/p>\n<ul>\n<li>MT265, MT265 Hydro, MT265B, MT265H, MT275, MT275B, MT275H, MT285<\/li>\n<\/ul>\n<p><strong>Motor Iseki<\/strong><\/p>\n<ul>\n<li>E3CD, E3CD-T<\/li>\n<li>E3CE, E3CF<\/li>\n<\/ul>\n<p><strong>OEM como referencia<\/strong><\/p>\n<ul>\n<li>365404M91<\/li>\n<\/ul>\n","protected":false},"excerpt":{"rendered":"<p>Variante 1. Culata completa con v\u00e1lvulas y muelles \u2013 lista para su montaje directo Esta nueva culata est\u00e1 fabricada con material de alta calidad y se entrega completa, incluyendo v\u00e1lvulas y muelles ya montados. Gracias al ensamblaje completo, no es necesario transferir ni ajustar piezas. \u2705 Totalmente ensamblada \u2705 Incluye v\u00e1lvulas y muelles \u2705 No&hellip;<\/p>\n","protected":false},"featured_media":140411,"comment_status":"open","ping_status":"open","template":"","meta":[],"product_cat":[496],"product_tag":[3897],"class_list":{"0":"post-68804","1":"product","2":"type-product","3":"status-publish","4":"has-post-thumbnail","6":"product_cat-culata-del-motor","7":"product_tag-snelparts-es","8":"pa_merk-iseki-es","9":"pa_merk-massey-ferguson-es","10":"pa_merk-mitsubishi-es","11":"pa_motor-e3cd-es","12":"pa_motor-e3cdt-es","13":"pa_motor-e3cf-es","15":"first","16":"instock","17":"sale","18":"taxable","19":"shipping-taxable","20":"purchasable","21":"product-type-variable","22":"col-xs-6 col-sm-4","23":"col-md-3 col-lg-3","24":"un-4-cols"},"_links":{"self":[{"href":"https:\/\/shop4trac.com\/es\/wp-json\/wp\/v2\/product\/68804","targetHints":{"allow":["GET"]}}],"collection":[{"href":"https:\/\/shop4trac.com\/es\/wp-json\/wp\/v2\/product"}],"about":[{"href":"https:\/\/shop4trac.com\/es\/wp-json\/wp\/v2\/types\/product"}],"replies":[{"embeddable":true,"href":"https:\/\/shop4trac.com\/es\/wp-json\/wp\/v2\/comments?post=68804"}],"wp:featuredmedia":[{"embeddable":true,"href":"https:\/\/shop4trac.com\/es\/wp-json\/wp\/v2\/media\/140411"}],"wp:attachment":[{"href":"https:\/\/shop4trac.com\/es\/wp-json\/wp\/v2\/media?parent=68804"}],"wp:term":[{"taxonomy":"product_cat","embeddable":true,"href":"https:\/\/shop4trac.com\/es\/wp-json\/wp\/v2\/product_cat?post=68804"},{"taxonomy":"product_tag","embeddable":true,"href":"https:\/\/shop4trac.com\/es\/wp-json\/wp\/v2\/product_tag?post=68804"}],"curies":[{"name":"wp","href":"https:\/\/api.w.org\/{rel}","templated":true}]}}