{"id":59266,"date":"2022-09-09T13:14:34","date_gmt":"2022-09-09T12:14:34","guid":{"rendered":"https:\/\/shop4trac.com\/?post_type=product&#038;p=59266"},"modified":"2026-03-19T14:23:23","modified_gmt":"2026-03-19T13:23:23","slug":"boquilla-inyectora-hinomoto-n209-n239-n249","status":"publish","type":"product","link":"https:\/\/shop4trac.com\/es\/partes-de-motor\/boquilla-inyectora\/boquilla-inyectora-hinomoto-n209-n239-n249\/","title":{"rendered":"Tobera de inyector de combustible Hinomoto N209 | N239 | N249 | BD150 Toyosha"},"content":{"rendered":"<p data-path-to-node=\"3\"><b data-path-to-node=\"3\" data-index-in-node=\"2\">Tobera de inyector de combustible con kit de juntas incluido (DLLA155PN046)<\/b><\/p>\n<p data-path-to-node=\"4\">Exclusivo de nuestra propia l\u00ednea de producci\u00f3n: una tobera de inyector de combustible (punta) de alta calidad que cumple con las tolerancias m\u00e1s estrictas. Este inyector de combustible de varios orificios &#8216;Snelparts&#8217; se ha desarrollado como la alternativa superior a las piezas est\u00e1ndar de posventa y es el salvavidas absoluto para reconstruir tu inyector actual en los conocidos <b data-path-to-node=\"4\" data-index-in-node=\"325\">tractores Hinomoto<\/b> con motores di\u00e9sel <b data-path-to-node=\"4\" data-index-in-node=\"348\">Toyosha<\/b>. <\/p>\n<p data-path-to-node=\"5\">Como los recambios para motores Toyosha son cada vez m\u00e1s escasos, esta tobera es un art\u00edculo indispensable para el taller. Garantizamos una pulverizaci\u00f3n perfecta y un sellado exacto, lo que resulta en un motor que funciona de forma m\u00e1s suave y una combusti\u00f3n m\u00e1s limpia. \u00a1Se ha investigado a fondo para lograr una calidad OEM comparable a las marcas originales m\u00e1s conocidas del sector!<\/p>\n<p data-path-to-node=\"6\">\u2714\ufe0f Patr\u00f3n de pulverizaci\u00f3n perfecto (\u00e1ngulo de 155\u00b0 para inyecci\u00f3n directa)<\/p>\n<p data-path-to-node=\"6\">\u2714\ufe0f Fabricado seg\u00fan las tolerancias OEM m\u00e1s estrictas<\/p>\n<p data-path-to-node=\"6\">\u2714\ufe0f Devuelve la vida a tu motor Toyosha cl\u00e1sico sin formaci\u00f3n de holl\u00edn<\/p>\n<p data-path-to-node=\"7\"><b data-path-to-node=\"7\" data-index-in-node=\"0\">\u00a1Incluye kit de juntas completo para montaje directo!<\/b> Suministramos esta tobera de serie con todas las arandelas de cobre nuevas necesarias. As\u00ed podr\u00e1s volver a colocar el inyector de combustible en el bloque motor de forma segura y sin fugas inmediatamente despu\u00e9s del montaje. El kit incluido consta de: \u2022 Un nuevo <b data-path-to-node=\"7\" data-index-in-node=\"275\">heatshield<\/b> (arandela cortafuegos) contra el calor extremo y la formaci\u00f3n de holl\u00edn.   \u2022 Una <b data-path-to-node=\"7\" data-index-in-node=\"351\">junta de cobre para el inyector de combustible<\/b> para mantener la compresi\u00f3n al 100 %. \u2022 Una <b data-path-to-node=\"7\" data-index-in-node=\"415\">junta de la l\u00ednea de retorno<\/b> para evitar fugas de combustible.<\/p>\n<p><b>Hinomoto<\/b><\/p>\n<ul>\n<li>N209, N239, N249<\/li>\n<\/ul>\n<p><strong>Toyosha<\/strong><\/p>\n<ul>\n<li>Motor BD150<\/li>\n<\/ul>\n<p><strong>OEM como referencia:<\/strong><\/p>\n<ul>\n<li>DLLA155PN046 \u2022 NP-DLLA155PN046<\/li>\n<li>105017-0460 (referencia Zexel) \u2022 9432612477 \/ 9 432 612 477 (referencia Bosch)<\/li>\n<\/ul>\n","protected":false},"excerpt":{"rendered":"<p>Tobera de inyector de combustible con kit de juntas incluido (DLLA155PN046) Exclusivo de nuestra propia l\u00ednea de producci\u00f3n: una tobera de inyector de combustible (punta) de alta calidad que cumple con las tolerancias m\u00e1s estrictas. Este inyector de combustible de varios orificios &#8216;Snelparts&#8217; se ha desarrollado como la alternativa superior a las piezas est\u00e1ndar de&hellip;<\/p>\n","protected":false},"featured_media":195528,"comment_status":"open","ping_status":"closed","template":"","meta":[],"product_cat":[8112],"product_tag":[3897],"class_list":{"0":"post-59266","1":"product","2":"type-product","3":"status-publish","4":"has-post-thumbnail","6":"product_cat-boquilla-inyectora","7":"product_tag-snelparts-es","8":"pa_merk-iseki-es","9":"pa_merk-kubota-es","10":"pa_motor-d905-es","11":"pa_motor-e3cd-es","13":"first","14":"instock","15":"sale","16":"taxable","17":"shipping-taxable","18":"purchasable","19":"product-type-simple","20":"col-xs-6 col-sm-4","21":"col-md-3 col-lg-3","22":"un-4-cols"},"_links":{"self":[{"href":"https:\/\/shop4trac.com\/es\/wp-json\/wp\/v2\/product\/59266","targetHints":{"allow":["GET"]}}],"collection":[{"href":"https:\/\/shop4trac.com\/es\/wp-json\/wp\/v2\/product"}],"about":[{"href":"https:\/\/shop4trac.com\/es\/wp-json\/wp\/v2\/types\/product"}],"replies":[{"embeddable":true,"href":"https:\/\/shop4trac.com\/es\/wp-json\/wp\/v2\/comments?post=59266"}],"wp:featuredmedia":[{"embeddable":true,"href":"https:\/\/shop4trac.com\/es\/wp-json\/wp\/v2\/media\/195528"}],"wp:attachment":[{"href":"https:\/\/shop4trac.com\/es\/wp-json\/wp\/v2\/media?parent=59266"}],"wp:term":[{"taxonomy":"product_cat","embeddable":true,"href":"https:\/\/shop4trac.com\/es\/wp-json\/wp\/v2\/product_cat?post=59266"},{"taxonomy":"product_tag","embeddable":true,"href":"https:\/\/shop4trac.com\/es\/wp-json\/wp\/v2\/product_tag?post=59266"}],"curies":[{"name":"wp","href":"https:\/\/api.w.org\/{rel}","templated":true}]}}