{"id":58022,"date":"2022-08-05T11:00:38","date_gmt":"2022-08-05T10:00:38","guid":{"rendered":"https:\/\/shop4trac.com\/?post_type=product&#038;p=58022"},"modified":"2025-08-01T17:52:46","modified_gmt":"2025-08-01T15:52:46","slug":"rotula-de-direccion-yanmar-ym-fx-derecha","status":"publish","type":"product","link":"https:\/\/shop4trac.com\/es\/otras-partes\/rotula-de-direccion\/rotula-de-direccion-yanmar-ym-fx-derecha\/","title":{"rendered":"R\u00f3tula de direcci\u00f3n Yanmar YM | FX | Derecha"},"content":{"rendered":"<p>R\u00f3tula de direcci\u00f3n adecuada para:<\/p>\n<p><strong>Yanmar<\/strong><\/p>\n<ul>\n<li>YM195D, YM220, YM226, YM240, YM250, YM330<\/li>\n<li>YM1610, YM1700,YM1802, YM1810, YM1820, YM2000, YM2001, YM2002, YM2010, YM2200, YM2202, YM2210, YM2220, YM2301, YM2310, YM2402, YM2420, YM2500, YM2610, YM2700, YM3000, YM3110, YM3810, YM4300<\/li>\n<li>YMG1800, YMG2000<\/li>\n<li>F20, FX20, F24, FX24<\/li>\n<\/ul>\n<p><strong>OEM para referencia<\/strong><\/p>\n<ul>\n<li>194730-57120<\/li>\n<\/ul>\n<p><a href=\"https:\/\/shop4trac.com\/es\/otras-partes\/rotula-de-direccion\/rotula-de-direccion-yanmar-ym-fx\/\">Haga clic aqu\u00ed para la r\u00f3tula de direcci\u00f3n izquierda<\/a><\/p>\n","protected":false},"excerpt":{"rendered":"<p>R\u00f3tula de direcci\u00f3n adecuada para: Yanmar YM195D, YM220, YM226, YM240, YM250, YM330 YM1610, YM1700,YM1802, YM1810, YM1820, YM2000, YM2001, YM2002, YM2010, YM2200, YM2202, YM2210, YM2220, YM2301, YM2310, YM2402, YM2420, YM2500, YM2610, YM2700, YM3000, YM3110, YM3810, YM4300 YMG1800, YMG2000 F20, FX20, F24, FX24 OEM para referencia 194730-57120 Haga clic aqu\u00ed para la r\u00f3tula de direcci\u00f3n izquierda<\/p>\n","protected":false},"featured_media":10407,"comment_status":"open","ping_status":"closed","template":"","meta":[],"product_cat":[493],"product_tag":[3897],"class_list":{"0":"post-58022","1":"product","2":"type-product","3":"status-publish","4":"has-post-thumbnail","6":"product_cat-rotula-de-direccion","7":"product_tag-snelparts-es","8":"pa_merk-yanmar-es","10":"first","11":"instock","12":"taxable","13":"shipping-taxable","14":"purchasable","15":"product-type-simple","16":"col-xs-6 col-sm-4","17":"col-md-3 col-lg-3","18":"un-4-cols"},"_links":{"self":[{"href":"https:\/\/shop4trac.com\/es\/wp-json\/wp\/v2\/product\/58022","targetHints":{"allow":["GET"]}}],"collection":[{"href":"https:\/\/shop4trac.com\/es\/wp-json\/wp\/v2\/product"}],"about":[{"href":"https:\/\/shop4trac.com\/es\/wp-json\/wp\/v2\/types\/product"}],"replies":[{"embeddable":true,"href":"https:\/\/shop4trac.com\/es\/wp-json\/wp\/v2\/comments?post=58022"}],"wp:featuredmedia":[{"embeddable":true,"href":"https:\/\/shop4trac.com\/es\/wp-json\/wp\/v2\/media\/10407"}],"wp:attachment":[{"href":"https:\/\/shop4trac.com\/es\/wp-json\/wp\/v2\/media?parent=58022"}],"wp:term":[{"taxonomy":"product_cat","embeddable":true,"href":"https:\/\/shop4trac.com\/es\/wp-json\/wp\/v2\/product_cat?post=58022"},{"taxonomy":"product_tag","embeddable":true,"href":"https:\/\/shop4trac.com\/es\/wp-json\/wp\/v2\/product_tag?post=58022"}],"curies":[{"name":"wp","href":"https:\/\/api.w.org\/{rel}","templated":true}]}}