{"id":56897,"date":"2022-07-20T15:02:03","date_gmt":"2022-07-20T14:02:03","guid":{"rendered":"https:\/\/shop4trac.com\/?post_type=product&#038;p=56897"},"modified":"2026-02-27T20:08:09","modified_gmt":"2026-02-27T19:08:09","slug":"boquilla-inyectora-iseki-e393-tm15-tmg18-sgr19","status":"publish","type":"product","link":"https:\/\/shop4trac.com\/es\/partes-de-motor\/boquilla-inyectora\/boquilla-inyectora-iseki-e393-tm15-tmg18-sgr19\/","title":{"rendered":"Inyector de combustible nozzle Iseki E374 \u2013 E383 \u2013 E390 \u2013 E393 | E3CD-T | TM15 | TK538 | TH4260 | TF | TM215"},"content":{"rendered":"<p data-path-to-node=\"3\"><span style=\"text-decoration: underline;\">Exclusivo de nuestra propia l\u00ednea de producci\u00f3n<\/span>: un inyector de combustible nozzle de alta calidad que cumple con las tolerancias m\u00e1s estrictas. Esta punta de inyector de combustible \u2018<strong>Snelparts<\/strong>\u2018 se ha desarrollado como la alternativa superior a las piezas de repuesto est\u00e1ndar. <\/p>\n<p data-path-to-node=\"4\">Garantizamos una pulverizaci\u00f3n perfecta y un sellado exacto, lo que resulta en un motor que funciona de forma m\u00e1s suave y una combusti\u00f3n m\u00e1s limpia.<\/p>\n<p data-path-to-node=\"5\"><b data-path-to-node=\"5\" data-index-in-node=\"0\">Consejo por experiencia:<\/b> no elijas alternativas m\u00e1s baratas. Se ha investigado exhaustivamente la calidad OEM, como las marcas conocidas en esta industria.<\/p>\n<blockquote data-path-to-node=\"6\">\n<p data-path-to-node=\"6,0\">Para otros nozzles E3CD, E3CE o E3CF, \u00a1busque en la barra de b\u00fasqueda <b data-path-to-node=\"6,0\" data-index-in-node=\"63\">DN0PDN133<\/b> para la otra variante!<\/p>\n<\/blockquote>\n<p data-path-to-node=\"7\"><b data-path-to-node=\"7\" data-index-in-node=\"0\">Especificaciones t\u00e9cnicas<\/b><\/p>\n<ul data-path-to-node=\"8\">\n<li>\n<p data-path-to-node=\"8,0,0\"><b data-path-to-node=\"8,0,0\" data-index-in-node=\"0\">Presi\u00f3n de apertura (Nueva):<\/b> aprox. 150 \u2013 160 bar (14,7 \u2013 15,7 MPa)<\/p>\n<\/li>\n<li>\n<p data-path-to-node=\"8,1,0\"><b data-path-to-node=\"8,1,0\" data-index-in-node=\"0\">Par de apriete del inyector de combustible:<\/b> 40 \u2013 45 Nm<\/p>\n<\/li>\n<\/ul>\n<p data-path-to-node=\"11\"><b data-path-to-node=\"11\" data-index-in-node=\"0\">\u00a1Incluye kit de juntas completo para montaje directo!<\/b> Entregamos esta boquilla de serie con todas las arandelas de cobre nuevas necesarias. As\u00ed podr\u00e1s empezar a trabajar de inmediato de forma segura y sin fugas. El set incluido consta de:  <\/p>\n<ul data-path-to-node=\"12\">\n<li>\n<p data-path-to-node=\"12,0,0\">Un nuevo <b data-path-to-node=\"12,0,0\" data-index-in-node=\"10\">protector t\u00e9rmico<\/b> (arandela cortafuegos) contra el calor extremo y la formaci\u00f3n de holl\u00edn.<\/p>\n<\/li>\n<li>\n<p data-path-to-node=\"12,1,0\">Una <b data-path-to-node=\"12,1,0\" data-index-in-node=\"12\">junta de cobre para el inyector de combustible<\/b> para mantener el 100 % de la compresi\u00f3n.<\/p>\n<\/li>\n<li>\n<p data-path-to-node=\"12,2,0\">Una <b data-path-to-node=\"12,2,0\" data-index-in-node=\"4\">junta para el conducto de retorno<\/b> para evitar fugas de combustible.<\/p>\n<\/li>\n<\/ul>\n<p data-path-to-node=\"9\"><b data-path-to-node=\"9\" data-index-in-node=\"0\">Adecuado para los siguientes modelos:<\/b><\/p>\n<p><strong>Iseki<\/strong><\/p>\n<ul>\n<li>TU318, TM15, TMG18, SGR19<\/li>\n<li>TM3160, TM3265FH, M3265F<\/li>\n<li>TM215, TM217<\/li>\n<li>TF223, TF243<\/li>\n<li>SGR17, SGR19<\/li>\n<li>TK538<\/li>\n<li>TH4260, TH4290<\/li>\n<li>TG5390<\/li>\n<li>5140 Turbo<\/li>\n<\/ul>\n<p><strong>Massey ferguson<\/strong><\/p>\n<ul>\n<li>MF1528F\/FH, MF1525FH, MF1260F\/FP\/FH, MF1525<\/li>\n<\/ul>\n<p><strong>Motor<\/strong><\/p>\n<ul>\n<li>E374, E374G01, E383, E383G, E393, E393G, E393B03, E393B06, E393G02<\/li>\n<li>E3CE, E3CEVB11, E3CF, E3CFVB24<\/li>\n<li>E3CDB70, E3CDB71<\/li>\n<li>E3CD-TB05, E3CD-T<\/li>\n<li>E3CDVTB09<\/li>\n<\/ul>\n<p><strong>OEM como referencia:<\/strong><\/p>\n<div class=\"c_info_item\"><strong>Iseki<\/strong><\/div>\n<div><\/div>\n<ul>\n<li>62153110050, 62153110050, 6215-311-005-00, 62153000300, 6215-300-030-00<\/li>\n<li>6215-300-037-00<\/li>\n<\/ul>\n<p><strong>Boquilla<\/strong><\/p>\n<ul>\n<li>DN0PDN114<\/li>\n<\/ul>\n","protected":false},"excerpt":{"rendered":"<p>Exclusivo de nuestra propia l\u00ednea de producci\u00f3n: un inyector de combustible nozzle de alta calidad que cumple con las tolerancias m\u00e1s estrictas. Esta punta de inyector de combustible \u2018Snelparts\u2018 se ha desarrollado como la alternativa superior a las piezas de repuesto est\u00e1ndar. Garantizamos una pulverizaci\u00f3n perfecta y un sellado exacto, lo que resulta en un&hellip;<\/p>\n","protected":false},"featured_media":192593,"comment_status":"open","ping_status":"closed","template":"","meta":[],"product_cat":[8112],"product_tag":[3897],"class_list":{"0":"post-56897","1":"product","2":"type-product","3":"status-publish","4":"has-post-thumbnail","6":"product_cat-boquilla-inyectora","7":"product_tag-snelparts-es","8":"pa_merk-iseki-es","9":"pa_motor-e374-es","10":"pa_motor-e383-es","11":"pa_motor-e393-es","12":"pa_motor-e3cd-es","13":"pa_motor-e3ce-es","15":"first","16":"instock","17":"sale","18":"taxable","19":"shipping-taxable","20":"purchasable","21":"product-type-simple","22":"col-xs-6 col-sm-4","23":"col-md-3 col-lg-3","24":"un-4-cols"},"_links":{"self":[{"href":"https:\/\/shop4trac.com\/es\/wp-json\/wp\/v2\/product\/56897","targetHints":{"allow":["GET"]}}],"collection":[{"href":"https:\/\/shop4trac.com\/es\/wp-json\/wp\/v2\/product"}],"about":[{"href":"https:\/\/shop4trac.com\/es\/wp-json\/wp\/v2\/types\/product"}],"replies":[{"embeddable":true,"href":"https:\/\/shop4trac.com\/es\/wp-json\/wp\/v2\/comments?post=56897"}],"wp:featuredmedia":[{"embeddable":true,"href":"https:\/\/shop4trac.com\/es\/wp-json\/wp\/v2\/media\/192593"}],"wp:attachment":[{"href":"https:\/\/shop4trac.com\/es\/wp-json\/wp\/v2\/media?parent=56897"}],"wp:term":[{"taxonomy":"product_cat","embeddable":true,"href":"https:\/\/shop4trac.com\/es\/wp-json\/wp\/v2\/product_cat?post=56897"},{"taxonomy":"product_tag","embeddable":true,"href":"https:\/\/shop4trac.com\/es\/wp-json\/wp\/v2\/product_tag?post=56897"}],"curies":[{"name":"wp","href":"https:\/\/api.w.org\/{rel}","templated":true}]}}