{"id":56866,"date":"2022-07-20T14:17:32","date_gmt":"2022-07-20T13:17:32","guid":{"rendered":"https:\/\/shop4trac.com\/?post_type=product&#038;p=56866"},"modified":"2026-02-27T20:08:10","modified_gmt":"2026-02-27T19:08:10","slug":"boquilla-inyectora-iseki-e380-dn0pd49-sxg-tm-tg","status":"publish","type":"product","link":"https:\/\/shop4trac.com\/es\/partes-de-motor\/boquilla-inyectora\/boquilla-inyectora-iseki-e380-dn0pd49-sxg-tm-tg\/","title":{"rendered":"Inyector de combustible Iseki DN0PD49 | SXG | TM17 | TU315 |"},"content":{"rendered":"<h4 data-path-to-node=\"2\">Inyector de combustible DN0PD49 \u2013 Calidad Snelparts<\/h4>\n<p data-path-to-node=\"3\"><span style=\"text-decoration: underline\">Exclusivo de nuestra propia l\u00ednea de producci\u00f3n<\/span>: un inyector de combustible nozzle de alta calidad que cumple con las tolerancias m\u00e1s estrictas. Esta punta de inyector de combustible \u2018<strong>Snelparts<\/strong>\u2018 se ha desarrollado como la alternativa superior a las piezas de repuesto est\u00e1ndar. <\/p>\n<p data-path-to-node=\"4\">Garantizamos una pulverizaci\u00f3n perfecta y un sellado exacto, lo que resulta en un motor que funciona de forma m\u00e1s suave y una combusti\u00f3n m\u00e1s limpia.<\/p>\n<p data-path-to-node=\"5\"><b data-path-to-node=\"5\" data-index-in-node=\"0\">Consejo de experto:<\/b> no busques alternativas m\u00e1s baratas. Se ha investigado exhaustivamente la calidad OEM, como las marcas conocidas en esta industria.<\/p>\n<div>\n<p><strong>\u00a1Incluye kit de juntas completo para montaje directo!<\/strong> Suministramos esta boquilla de serie con todas las juntas de cobre nuevas necesarias. As\u00ed podr\u00e1s empezar a trabajar de inmediato de forma segura y sin fugas. El set incluye:  <\/p>\n<\/div>\n<ul>\n<li>Un nuevo <strong>protector t\u00e9rmico<\/strong> (arandela cortafuegos) contra el calor extremo y la formaci\u00f3n de holl\u00edn.<\/li>\n<li>Una <strong>junta de cobre para el inyector de combustible<\/strong> para mantener el 100 % de la compresi\u00f3n.<\/li>\n<li>Una <strong>junta para el conducto de retorno<\/strong> para evitar fugas de combustible.<\/li>\n<\/ul>\n<h5 data-path-to-node=\"6\">Especificaciones t\u00e9cnicas<\/h5>\n<p data-path-to-node=\"7\">Para un funcionamiento \u00f3ptimo, recomendamos los siguientes ajustes al montar:<\/p>\n<ul data-path-to-node=\"8\">\n<li>\n<p data-path-to-node=\"8,0,0\"><b data-path-to-node=\"8,0,0\" data-index-in-node=\"0\">Presi\u00f3n de apertura (Nuevo):<\/b> aprox. 120 \u2013 130 bares (dependiendo del tipo de motor espec\u00edfico)<\/p>\n<\/li>\n<li>\n<p data-path-to-node=\"8,1,0\"><b data-path-to-node=\"8,1,0\" data-index-in-node=\"0\">Par de apriete del soporte del inyector de combustible:<\/b> 35 \u2013 40 Nm<\/p>\n<\/li>\n<\/ul>\n<h5 data-path-to-node=\"10\">Adecuado para los siguientes modelos:<\/h5>\n<p data-path-to-node=\"11\"><b data-path-to-node=\"11\" data-index-in-node=\"0\">Iseki<\/b><\/p>\n<ul data-path-to-node=\"12\">\n<li>\n<p data-path-to-node=\"12,0,0\">TU315, TU315F<\/p>\n<\/li>\n<li>\n<p data-path-to-node=\"12,1,0\">TM17, TM17F<\/p>\n<\/li>\n<li>\n<p data-path-to-node=\"12,2,0\">E380, E380-B<\/p>\n<\/li>\n<\/ul>\n<p data-path-to-node=\"13\"><b data-path-to-node=\"13\" data-index-in-node=\"0\">Motor Iseki<\/b><\/p>\n<ul data-path-to-node=\"14\">\n<li>\n<p data-path-to-node=\"14,0,0\">E3100<\/p>\n<\/li>\n<li>\n<p data-path-to-node=\"14,1,0\">E3AD1<\/p>\n<\/li>\n<\/ul>\n<p><strong>Iseki<\/strong><\/p>\n<ul>\n<li>E380, E380-B<\/li>\n<li>TU315<\/li>\n<li>TM17<\/li>\n<\/ul>\n<p><strong>Motor Iseki<\/strong><\/p>\n<ul>\n<li>E3100<\/li>\n<\/ul>\n<p><strong>OEM como referencia:<\/strong><\/p>\n<ul>\n<li>6215-311-091-00, 093500-3930<\/li>\n<li>DN0PD49<\/li>\n<li>MD620189, ME723105, 8-97116136-0<\/li>\n<\/ul>\n","protected":false},"excerpt":{"rendered":"<p>Inyector de combustible DN0PD49 \u2013 Calidad Snelparts Exclusivo de nuestra propia l\u00ednea de producci\u00f3n: un inyector de combustible nozzle de alta calidad que cumple con las tolerancias m\u00e1s estrictas. Esta punta de inyector de combustible \u2018Snelparts\u2018 se ha desarrollado como la alternativa superior a las piezas de repuesto est\u00e1ndar. Garantizamos una pulverizaci\u00f3n perfecta y un&hellip;<\/p>\n","protected":false},"featured_media":192954,"comment_status":"open","ping_status":"closed","template":"","meta":[],"product_cat":[8112],"product_tag":[3897],"class_list":{"0":"post-56866","1":"product","2":"type-product","3":"status-publish","4":"has-post-thumbnail","6":"product_cat-boquilla-inyectora","7":"product_tag-snelparts-es","8":"pa_merk-iseki-es","9":"pa_motor-e380-es","11":"first","12":"instock","13":"sale","14":"taxable","15":"shipping-taxable","16":"purchasable","17":"product-type-simple","18":"col-xs-6 col-sm-4","19":"col-md-3 col-lg-3","20":"un-4-cols"},"_links":{"self":[{"href":"https:\/\/shop4trac.com\/es\/wp-json\/wp\/v2\/product\/56866","targetHints":{"allow":["GET"]}}],"collection":[{"href":"https:\/\/shop4trac.com\/es\/wp-json\/wp\/v2\/product"}],"about":[{"href":"https:\/\/shop4trac.com\/es\/wp-json\/wp\/v2\/types\/product"}],"replies":[{"embeddable":true,"href":"https:\/\/shop4trac.com\/es\/wp-json\/wp\/v2\/comments?post=56866"}],"wp:featuredmedia":[{"embeddable":true,"href":"https:\/\/shop4trac.com\/es\/wp-json\/wp\/v2\/media\/192954"}],"wp:attachment":[{"href":"https:\/\/shop4trac.com\/es\/wp-json\/wp\/v2\/media?parent=56866"}],"wp:term":[{"taxonomy":"product_cat","embeddable":true,"href":"https:\/\/shop4trac.com\/es\/wp-json\/wp\/v2\/product_cat?post=56866"},{"taxonomy":"product_tag","embeddable":true,"href":"https:\/\/shop4trac.com\/es\/wp-json\/wp\/v2\/product_tag?post=56866"}],"curies":[{"name":"wp","href":"https:\/\/api.w.org\/{rel}","templated":true}]}}