{"id":55485,"date":"2022-06-23T10:14:48","date_gmt":"2022-06-23T09:14:48","guid":{"rendered":"https:\/\/shop4trac.com\/?post_type=product&#038;p=55485"},"modified":"2025-08-04T21:04:52","modified_gmt":"2025-08-04T19:04:52","slug":"culata-cubota-v1505-motor","status":"publish","type":"product","link":"https:\/\/shop4trac.com\/es\/partes-de-motor\/culata-completa\/culata-cubota-v1505-motor\/","title":{"rendered":"Culata Completa Kubota V1505 | V1505-T | gato mont\u00e9s | Gigante | Sch\u00e4ffer"},"content":{"rendered":"<h4><b>1. Culata completa con v\u00e1lvulas y muelles \u2013 lista para su montaje directo<\/b><\/h4>\n<p class=\"p3\">Esta nueva culata est\u00e1 fabricada con material de alta calidad y se entrega completa, incluyendo v\u00e1lvulas y muelles ya montados. Gracias al ensamblaje completo, no es necesario transferir ni ajustar piezas. <\/p>\n<p class=\"p3\">\u2705 Totalmente ensamblada<\/p>\n<p class=\"p3\">\u2705 Incluye v\u00e1lvulas y muelles<\/p>\n<p class=\"p3\">\u2705 No requiere ajustes adicionales<\/p>\n<p class=\"p3\">\u2705 Lista para su montaje directo<\/p>\n<p class=\"p3\">Una soluci\u00f3n lista para usar que ahorra tiempo en el taller y minimiza el riesgo de errores de montaje.<\/p>\n<p class=\"p3\">Esta culata se ha emparejado cuidadosamente con los siguientes modelos compatibles.<\/p>\n<hr>\n<h4><b>2. Culata desnuda \u2013 con asientos de v\u00e1lvula premontados<\/b><\/h4>\n<p class=\"p3\">Esta culata est\u00e1 fabricada con material de alta calidad y se suministra como una culata desnuda con los asientos de v\u00e1lvula ya montados. Por lo tanto, la culata est\u00e1 preparada para su posterior montaje con sus componentes existentes o nuevos. <\/p>\n<p class=\"p3\">\u2705 Nueva culata de m\u00e1xima calidad<\/p>\n<p class=\"p3\">\u2705 Asientos de v\u00e1lvula ya montados<\/p>\n<p class=\"p3\">\u2705 Lista para su posterior ensamblaje<\/p>\n<p class=\"p3\">\u2705 Adecuada para revisi\u00f3n o aplicaci\u00f3n a medida<\/p>\n<p class=\"p3\">Ideal para quienes desean mantener el control sobre el ensamblaje final o reutilizar piezas espec\u00edficas.<\/p>\n<p class=\"p3\">La culata es adecuada para los siguientes modelos:<\/p>\n<p><strong>Motor Kubota:<\/strong><\/p>\n<ul>\n<li>V1505, V1505-T<\/li>\n<li>V1505D, V1505-E4-BH-2, V1505-E3-BH-2, V1505-E2-BH-2, V1505-EB, V1505 etapa V<\/li>\n<\/ul>\n<p><strong>Kubota<\/strong>:<\/p>\n<ul>\n<li>B2910HSD, B3000HSDCC, B3030HSD, B3150HSD, B3150HSDCC, B3150SUHSD, B3350HSD, B3350HSDC, B3350HSDCC, B3350SUHSD, B7800HSD, B2311<\/li>\n<li>GT-5, GT-8, ST-30<\/li>\n<li>KX027-4, KX030-4, KX61-3, KX71-2, KX71-2A, KX71-2G, KX71-3, KX71-3S, RT270, RT270D, RT280, RT280D<\/li>\n<li>F3890, F3680, F3990<\/li>\n<li>KX61, KX71, U35<\/li>\n<li>ZD1511<\/li>\n<\/ul>\n<p><strong>Aichi<\/strong><\/p>\n<ul>\n<li>FR300<\/li>\n<\/ul>\n<p><strong>Avant<\/strong><\/p>\n<ul>\n<li>R35, 635, 640<\/li>\n<\/ul>\n<p><strong>Bobcat<\/strong><\/p>\n<ul>\n<li>425, 428, S100, S100-BCZ<\/li>\n<\/ul>\n<p><strong>Eurotrac<\/strong><\/p>\n<ul>\n<li>W12 K36<\/li>\n<\/ul>\n<p><strong>Giant<\/strong><\/p>\n<ul>\n<li>V361 (S040), V361 (S068), V362, V45 Tele, V45 Tele-AS, V4501T, V4502T, V4502T Tele, V4502T X-tra, V451T ECO, V451T, V451T X-tra, V452T HD, V452T, V452T X-tra HD, V452T X-tra, 3648<\/li>\n<\/ul>\n<p><strong>Tendo<\/strong><\/p>\n<ul>\n<li>4548 Tendo<\/li>\n<\/ul>\n<p><strong>JCB<\/strong><\/p>\n<ul>\n<li>403<\/li>\n<\/ul>\n<p><strong>Sch\u00e4ffer<\/strong><\/p>\n<ul>\n<li>2336, 2336 SLT, 2345, 2345 SLT, 2436<\/li>\n<li>2436 SLT, 2445 SLT, 2445 T, 2445, 3036, 3036e, 3036 SLT, 3038, 3038e, 3038 SLT, 3045, 3045e, 3045 SLT<\/li>\n<li>4048, 4048e, 4050 Z, 4050 ZL, 4050 ZL T, 4050, 4050 T, 5050, 5050 T, 5060, 5060 T, 660 T, 668 T, 861 T, 963 T, 964 T.<\/li>\n<\/ul>\n<p><strong>N\u00fameros OEM<\/strong><\/p>\n<ul>\n<li>16060-03042, 16060-0304-2<\/li>\n<li>1G091-03044<\/li>\n<li>1G091-03043<\/li>\n<li>1G091-03042<\/li>\n<\/ul>\n","protected":false},"excerpt":{"rendered":"<p>1. Culata completa con v\u00e1lvulas y muelles \u2013 lista para su montaje directo Esta nueva culata est\u00e1 fabricada con material de alta calidad y se entrega completa, incluyendo v\u00e1lvulas y muelles ya montados. Gracias al ensamblaje completo, no es necesario transferir ni ajustar piezas. \u2705 Totalmente ensamblada \u2705 Incluye v\u00e1lvulas y muelles \u2705 No requiere&hellip;<\/p>\n","protected":false},"featured_media":142827,"comment_status":"open","ping_status":"closed","template":"","meta":[],"product_cat":[25465,496],"product_tag":[],"class_list":{"0":"post-55485","1":"product","2":"type-product","3":"status-publish","4":"has-post-thumbnail","6":"product_cat-culata-completa","7":"product_cat-culata-del-motor","8":"pa_merk-kubota-es","9":"pa_motor-v1505-es","11":"first","12":"instock","13":"sale","14":"taxable","15":"shipping-taxable","16":"purchasable","17":"product-type-variable","18":"col-xs-6 col-sm-4","19":"col-md-3 col-lg-3","20":"un-4-cols"},"_links":{"self":[{"href":"https:\/\/shop4trac.com\/es\/wp-json\/wp\/v2\/product\/55485","targetHints":{"allow":["GET"]}}],"collection":[{"href":"https:\/\/shop4trac.com\/es\/wp-json\/wp\/v2\/product"}],"about":[{"href":"https:\/\/shop4trac.com\/es\/wp-json\/wp\/v2\/types\/product"}],"replies":[{"embeddable":true,"href":"https:\/\/shop4trac.com\/es\/wp-json\/wp\/v2\/comments?post=55485"}],"wp:featuredmedia":[{"embeddable":true,"href":"https:\/\/shop4trac.com\/es\/wp-json\/wp\/v2\/media\/142827"}],"wp:attachment":[{"href":"https:\/\/shop4trac.com\/es\/wp-json\/wp\/v2\/media?parent=55485"}],"wp:term":[{"taxonomy":"product_cat","embeddable":true,"href":"https:\/\/shop4trac.com\/es\/wp-json\/wp\/v2\/product_cat?post=55485"},{"taxonomy":"product_tag","embeddable":true,"href":"https:\/\/shop4trac.com\/es\/wp-json\/wp\/v2\/product_tag?post=55485"}],"curies":[{"name":"wp","href":"https:\/\/api.w.org\/{rel}","templated":true}]}}