{"id":54767,"date":"2022-06-01T14:54:57","date_gmt":"2022-06-01T13:54:57","guid":{"rendered":"https:\/\/shop4trac.com\/?post_type=product&#038;p=54767"},"modified":"2026-01-12T09:06:04","modified_gmt":"2026-01-12T08:06:04","slug":"regulador-de-voltaje-kubota-b1200-b7100","status":"publish","type":"product","link":"https:\/\/shop4trac.com\/es\/piezas-electricas\/regulador-de-tension\/regulador-de-voltaje-kubota-b1200-b7100\/","title":{"rendered":"Spanningsregelaar Kubota B1200-B7100 | Zen-Noh ZB1200-ZB7001"},"content":{"rendered":"<p class=\"p1\">Este Spanningsregelaar \/ rectificador es adecuado para <span class=\"s1\"><br \/>\n  <b>tractores compactos Kubota anteriores con dinamo de im\u00e1n permanente<\/b><br \/>\n<\/span>. Equipado con una <span class=\"s1\"><br \/>\n  <b>conexi\u00f3n de 4 hilos<\/b><br \/>\n<\/span>, como se mont\u00f3 originalmente. <\/p>\n<p><strong>Kubota<\/strong><\/p>\n<ul>\n<li>B1200, B1400, B1402, B1500, B1502, B4200,<\/li>\n<li>B5000, B5001, B5100, B6000, B6001, B7000, B7001, B7100<\/li>\n<\/ul>\n<p><strong>Zen-Noh <\/strong><\/p>\n<ul>\n<li>ZB1200, ZB1400, ZB1402,ZB1500, ZB1502, ZB5000, ZB5001, ZB6000, ZB6001, ZB7000, ZB7001<\/li>\n<\/ul>\n<p class=\"p1\"><strong>Referencias OEM para comparar<\/strong><\/p>\n<ul>\n<li class=\"p1\">32130-32800, 32130-3280-0, 3213032800,32130-32802, 32130-3280-2, 3213032802, 14685-64850, 14685-6485-0<\/li>\n<li class=\"p1\">468564850, 54911-41520, 54911-4152-0, 5491141520, 67211-55230, 67211-5523-0, 6721155230, 66611-55250<\/li>\n<li class=\"p1\">66611-5525-0, 6661155250, 66611-55251, 66611-5525-1, 6661155251, 66611-55252, 66611-5525-2, 6661155252, H6620-55200, H6620-5520-0, H662055200,H6720-55200, H6720-5520-0, H672055200,RS1104, J5000, 234409, 1900-0555<\/li>\n<\/ul>\n","protected":false},"excerpt":{"rendered":"<p>Este Spanningsregelaar \/ rectificador es adecuado para tractores compactos Kubota anteriores con dinamo de im\u00e1n permanente . Equipado con una conexi\u00f3n de 4 hilos , como se mont\u00f3 originalmente. Kubota B1200, B1400, B1402, B1500, B1502, B4200, B5000, B5001, B5100, B6000, B6001, B7000, B7001, B7100 Zen-Noh ZB1200, ZB1400, ZB1402,ZB1500, ZB1502, ZB5000, ZB5001, ZB6000, ZB6001, ZB7000, ZB7001&hellip;<\/p>\n","protected":false},"featured_media":54801,"comment_status":"open","ping_status":"closed","template":"","meta":[],"product_cat":[469],"product_tag":[3897],"class_list":{"0":"post-54767","1":"product","2":"type-product","3":"status-publish","4":"has-post-thumbnail","6":"product_cat-regulador-de-tension","7":"product_tag-snelparts-es","8":"pa_merk-kubota-es","10":"first","11":"instock","12":"sale","13":"taxable","14":"shipping-taxable","15":"purchasable","16":"product-type-simple","17":"col-xs-6 col-sm-4","18":"col-md-3 col-lg-3","19":"un-4-cols"},"_links":{"self":[{"href":"https:\/\/shop4trac.com\/es\/wp-json\/wp\/v2\/product\/54767","targetHints":{"allow":["GET"]}}],"collection":[{"href":"https:\/\/shop4trac.com\/es\/wp-json\/wp\/v2\/product"}],"about":[{"href":"https:\/\/shop4trac.com\/es\/wp-json\/wp\/v2\/types\/product"}],"replies":[{"embeddable":true,"href":"https:\/\/shop4trac.com\/es\/wp-json\/wp\/v2\/comments?post=54767"}],"wp:featuredmedia":[{"embeddable":true,"href":"https:\/\/shop4trac.com\/es\/wp-json\/wp\/v2\/media\/54801"}],"wp:attachment":[{"href":"https:\/\/shop4trac.com\/es\/wp-json\/wp\/v2\/media?parent=54767"}],"wp:term":[{"taxonomy":"product_cat","embeddable":true,"href":"https:\/\/shop4trac.com\/es\/wp-json\/wp\/v2\/product_cat?post=54767"},{"taxonomy":"product_tag","embeddable":true,"href":"https:\/\/shop4trac.com\/es\/wp-json\/wp\/v2\/product_tag?post=54767"}],"curies":[{"name":"wp","href":"https:\/\/api.w.org\/{rel}","templated":true}]}}