{"id":52737,"date":"2021-08-03T18:17:55","date_gmt":"2021-08-03T17:17:55","guid":{"rendered":"https:\/\/shop4trac.com\/sin%20categor\u00eda\/culata-z402-kubota\/"},"modified":"2025-08-04T21:03:52","modified_gmt":"2025-08-04T19:03:52","slug":"culata-z402-kubota","status":"publish","type":"product","link":"https:\/\/shop4trac.com\/es\/partes-de-motor\/culata-del-motor\/culata-z402-kubota\/","title":{"rendered":"Culata Completa Z402 Kubota | Aixam 400"},"content":{"rendered":"<h4><b>Variante 1. Culata completa con v\u00e1lvulas y muelles \u2013 lista para su montaje directo <\/b><\/h4>\n<p class=\"p3\">Esta nueva culata est\u00e1 fabricada con material de alta calidad y se entrega completa, incluyendo v\u00e1lvulas y muelles ya montados. Gracias al ensamblaje completo, no es necesario transferir ni ajustar piezas. <\/p>\n<p class=\"p3\">\u2705 Totalmente ensamblada<\/p>\n<p class=\"p3\">\u2705 Incluye v\u00e1lvulas y muelles<\/p>\n<p class=\"p3\">\u2705 No requiere ajustes adicionales<\/p>\n<p class=\"p3\">\u2705 Lista para su montaje directo<\/p>\n<p class=\"p3\">Una soluci\u00f3n lista para usar que ahorra tiempo en el taller y minimiza el riesgo de errores de montaje.<\/p>\n<p class=\"p3\">Esta culata se ha emparejado cuidadosamente con los siguientes modelos compatibles.<\/p>\n<hr>\n<h4><b>Variante <\/b><b>2. Culata desnuda \u2013 con asientos de v\u00e1lvula premontados<\/b><\/h4>\n<p class=\"p3\">Esta culata est\u00e1 fabricada con material de alta calidad y se suministra como una culata desnuda con los asientos de v\u00e1lvula ya montados. Por lo tanto, la culata est\u00e1 preparada para su posterior montaje con sus componentes existentes o nuevos. <\/p>\n<p class=\"p3\">\u2705 Nueva culata de m\u00e1xima calidad<\/p>\n<p class=\"p3\">\u2705 Asientos de v\u00e1lvula ya montados<\/p>\n<p class=\"p3\">\u2705 Lista para su posterior ensamblaje<\/p>\n<p class=\"p3\">\u2705 Adecuada para revisi\u00f3n o aplicaci\u00f3n a medida<\/p>\n<p class=\"p3\">Ideal para quienes desean mantener el control sobre el ensamblaje final o reutilizar piezas espec\u00edficas.<\/p>\n<p class=\"p3\">La culata es adecuada para los siguientes modelos:<\/p>\n<p><strong>Motor Kubota<\/strong><\/p>\n<ul>\n<li>Z402<\/li>\n<li>Z402-EB, Z402-EB-ONAN-1, Z402B, Z402-B, Z402-B-AIXAM-1, Z402-E2B-WDDE-1<\/li>\n<\/ul>\n<p><strong>Aixam<\/strong><\/p>\n<ul>\n<li>400 (1997-2004), 400.4 (1997-2004), 400 Evolution (1997-2004), 500.4 (1997-2004), 500.4 Minivan (1997-2004), 500.4 Pick-Up (1997-2004)<\/li>\n<li>721 (2005-2008), 741 (2005-2008), Scouty 2005-2008, Crossline 2005-2008, City 2008-2010, Roadline 2008-2010<\/li>\n<li>Crossline 2008-2010, Scouty 2008-2010, City 2010-2013, Crossline 2010-2013, Crossover 2010-2013<\/li>\n<li>GTO 2010-2013, Coupe 2010-2013, City 2013-2016, Coupe 2013-2016, Crossline 2013-2016<\/li>\n<li>Crossover 2013-2016, MEGA 1, MEGA 2, Pro D-Truck<\/li>\n<\/ul>\n<p><strong>OEM como referencia<\/strong><\/p>\n<ul>\n<li>15821-03040<\/li>\n<li>15821-03045, 1582103045<\/li>\n<\/ul>\n","protected":false},"excerpt":{"rendered":"<p>Variante 1. Culata completa con v\u00e1lvulas y muelles \u2013 lista para su montaje directo Esta nueva culata est\u00e1 fabricada con material de alta calidad y se entrega completa, incluyendo v\u00e1lvulas y muelles ya montados. Gracias al ensamblaje completo, no es necesario transferir ni ajustar piezas. \u2705 Totalmente ensamblada \u2705 Incluye v\u00e1lvulas y muelles \u2705 No&hellip;<\/p>\n","protected":false},"featured_media":140806,"comment_status":"open","ping_status":"closed","template":"","meta":[],"product_cat":[496],"product_tag":[3897],"class_list":{"0":"post-52737","1":"product","2":"type-product","3":"status-publish","4":"has-post-thumbnail","6":"product_cat-culata-del-motor","7":"product_tag-snelparts-es","8":"pa_merk-aixam-es","9":"pa_merk-kubota-es","10":"pa_motor-z402-es","12":"first","13":"instock","14":"sale","15":"taxable","16":"shipping-taxable","17":"purchasable","18":"product-type-variable","19":"col-xs-6 col-sm-4","20":"col-md-3 col-lg-3","21":"un-4-cols"},"_links":{"self":[{"href":"https:\/\/shop4trac.com\/es\/wp-json\/wp\/v2\/product\/52737","targetHints":{"allow":["GET"]}}],"collection":[{"href":"https:\/\/shop4trac.com\/es\/wp-json\/wp\/v2\/product"}],"about":[{"href":"https:\/\/shop4trac.com\/es\/wp-json\/wp\/v2\/types\/product"}],"replies":[{"embeddable":true,"href":"https:\/\/shop4trac.com\/es\/wp-json\/wp\/v2\/comments?post=52737"}],"wp:featuredmedia":[{"embeddable":true,"href":"https:\/\/shop4trac.com\/es\/wp-json\/wp\/v2\/media\/140806"}],"wp:attachment":[{"href":"https:\/\/shop4trac.com\/es\/wp-json\/wp\/v2\/media?parent=52737"}],"wp:term":[{"taxonomy":"product_cat","embeddable":true,"href":"https:\/\/shop4trac.com\/es\/wp-json\/wp\/v2\/product_cat?post=52737"},{"taxonomy":"product_tag","embeddable":true,"href":"https:\/\/shop4trac.com\/es\/wp-json\/wp\/v2\/product_tag?post=52737"}],"curies":[{"name":"wp","href":"https:\/\/api.w.org\/{rel}","templated":true}]}}