{"id":46777,"date":"2022-02-02T15:54:56","date_gmt":"2022-02-02T14:54:56","guid":{"rendered":"https:\/\/shop4trac.com\/sin%20categor\u00eda\/tapon-de-llenado-de-aceite-hidraulico-bobcat\/"},"modified":"2025-08-01T18:02:21","modified_gmt":"2025-08-01T16:02:21","slug":"tapon-de-llenado-de-aceite-hidraulico-bobcat","status":"publish","type":"product","link":"https:\/\/shop4trac.com\/es\/otras-partes\/tapon-de-llenado-de-aceite-hidraulico-bobcat\/","title":{"rendered":"Tap\u00f3n de llenado de aceite hidr\u00e1ulico Bobcat"},"content":{"rendered":"<p>Tap\u00f3n de ventilaci\u00f3n de aceite hidr\u00e1ulico adecuado para:<\/p>\n<p><strong>Bobcat<\/strong><\/p>\n<ul>\n<li>Excavadoras: 418, E08, E10<\/li>\n<li>Cargadores:: 540, 542, 543, 553, 642, 643, 645, 653, 751, 753, 763, 773, 7753, 843, 863, 863, 864, 873, 883, 943, 953, 963, A300, A770, MT50, S100, S130, S16, S18, S220, S250, S300, S330, S450, S510, S530, S550, S570, S590, S595, S630, S650, S740, S750, S770, S850, T110, T140, T200, T250, T30, T320, T450, T550, T590, T595, T630, T650, T740, T750, T770, T870<\/li>\n<li>Manipuladores telesc\u00f3picos:: T35.105, T35.105L, T35.130, T35.130SLP, T35.140, T35105, T35105L, T35130, T35130SL, T35140, T36.120SL, T36120SL, T40.180SLP, T40140, T40180, T41.140SLP, TL26.60, TL30.60, TL30.70, TL34.65HF, TL35.70, TL358, TL360, TL470, TL470HF<\/li>\n<li>Versahandlers: V519, V72<\/li>\n<\/ul>\n<p>Referencia Oem: 6727475<\/p>\n","protected":false},"excerpt":{"rendered":"<p>Tap\u00f3n de ventilaci\u00f3n de aceite hidr\u00e1ulico adecuado para: Bobcat Excavadoras: 418, E08, E10 Cargadores:: 540, 542, 543, 553, 642, 643, 645, 653, 751, 753, 763, 773, 7753, 843, 863, 863, 864, 873, 883, 943, 953, 963, A300, A770, MT50, S100, S130, S16, S18, S220, S250, S300, S330, S450, S510, S530, S550, S570, S590, S595, S630,&hellip;<\/p>\n","protected":false},"featured_media":46739,"comment_status":"open","ping_status":"closed","template":"","meta":[],"product_cat":[490],"product_tag":[3897],"class_list":{"0":"post-46777","1":"product","2":"type-product","3":"status-publish","4":"has-post-thumbnail","6":"product_cat-otras-partes","7":"product_tag-snelparts-es","8":"pa_merk-bobcat-es","10":"first","11":"instock","12":"taxable","13":"shipping-taxable","14":"purchasable","15":"product-type-simple","16":"col-xs-6 col-sm-4","17":"col-md-3 col-lg-3","18":"un-4-cols"},"_links":{"self":[{"href":"https:\/\/shop4trac.com\/es\/wp-json\/wp\/v2\/product\/46777","targetHints":{"allow":["GET"]}}],"collection":[{"href":"https:\/\/shop4trac.com\/es\/wp-json\/wp\/v2\/product"}],"about":[{"href":"https:\/\/shop4trac.com\/es\/wp-json\/wp\/v2\/types\/product"}],"replies":[{"embeddable":true,"href":"https:\/\/shop4trac.com\/es\/wp-json\/wp\/v2\/comments?post=46777"}],"wp:featuredmedia":[{"embeddable":true,"href":"https:\/\/shop4trac.com\/es\/wp-json\/wp\/v2\/media\/46739"}],"wp:attachment":[{"href":"https:\/\/shop4trac.com\/es\/wp-json\/wp\/v2\/media?parent=46777"}],"wp:term":[{"taxonomy":"product_cat","embeddable":true,"href":"https:\/\/shop4trac.com\/es\/wp-json\/wp\/v2\/product_cat?post=46777"},{"taxonomy":"product_tag","embeddable":true,"href":"https:\/\/shop4trac.com\/es\/wp-json\/wp\/v2\/product_tag?post=46777"}],"curies":[{"name":"wp","href":"https:\/\/api.w.org\/{rel}","templated":true}]}}