{"id":46772,"date":"2022-02-02T13:26:14","date_gmt":"2022-02-02T11:26:14","guid":{"rendered":"https:\/\/shop4trac.com\/sin%20categor\u00eda\/kit-de-juntas-kubota-d905\/"},"modified":"2025-08-01T18:02:27","modified_gmt":"2025-08-01T16:02:27","slug":"juego-de-juntas-kubota-d905","status":"publish","type":"product","link":"https:\/\/shop4trac.com\/es\/partes-de-motor\/juego-de-juntas\/juego-de-juntas-kubota-d905\/","title":{"rendered":"Juego de juntas Kubota D905 | 3D72| D905E| D905B"},"content":{"rendered":"<p>\u00a1Esta junta de culata con juego de juntas es de alta calidad y los modelos compatibles se han seleccionado con mucho cuidado!<\/p>\n<p>Paquete completo con juntas para; <strong>junta de cabeza (juego)<\/strong> , <strong>sello de cig\u00fce\u00f1al delantero y trasero<\/strong> , <strong>sellos de v\u00e1stago de v\u00e1lvula<\/strong> , <strong>juntas de escape<\/strong> , <strong>juntas de admisi\u00f3n<\/strong> , <strong>sellos<\/strong> y otras <strong>juntas<\/strong> como en la foto.<\/p>\n<p><strong>Motor Kubota<\/strong><\/p>\n<ul>\n<li>D905, 3D72, D905E, D905B<\/li>\n<li>D905-E2B\/E2BG<\/li>\n<\/ul>\n<p><strong>Kubota  <\/strong><\/p>\n<ul>\n<li>A15, A155<\/li>\n<li>B20, B72, B1700, B1710, B1830<\/li>\n<li>BX22, BX23, BX2200<\/li>\n<li>GB15, GB16, GB150, GB155, GB160<\/li>\n<li>F2100<\/li>\n<li>B1700D, B1700HSD, B1710D, BX2200<\/li>\n<\/ul>\n<p><strong>Genius<\/strong><\/p>\n<ul>\n<li>&gt; Z-34\/22 IC (100 -&gt;), Z-34\/22 IC (&gt; \u2013 3241), Z-34\/22 IC (3242 -&gt; 3334), Z-34\/22 IC (3335 -&gt; 4799), Z-34\/22 IC (Z3406-4800 \u2013 )<\/li>\n<li>GS-2668 RT (Tier 2, 43886 \u2013 44770) (-2007), GS-2668 RT (101 \u2013 41999) (-2007), GS-2668 RT (42000 \u2013 43885) (-2007), GS-3268 RT (Tier 2, 43886 \u2013 44770) (-2007), GS-3268 RT (Tier 2, 44771 -) (2008 y posteriores), GS-3268 RT (101 \u2013 41999) (-2007), GS-3268 RT (42000 \u2013 43885) (-2007)<\/li>\n<li>AL-4000D1 (FKF-13923 -&gt;), RL-4000D1 (FOF-15979 -&gt;)<\/li>\n<\/ul>\n<p><strong>Gigante<\/strong><\/p>\n<ul>\n<li>D241S<\/li>\n<\/ul>\n<p><strong>JCB<\/strong><\/p>\n<ul>\n<li>1T-HT<\/li>\n<\/ul>\n<p><strong>JLG<\/strong><\/p>\n<ul>\n<li>260MRT<\/li>\n<\/ul>\n<p><strong>Sch\u00e4ffer<\/strong><\/p>\n<ul>\n<li>2022<\/li>\n<\/ul>\n<p><strong>Tubo de respiraci\u00f3n<\/strong><\/p>\n<ul>\n<li>AB-46 I\/C (Kubota D905 S\/N 1000 -&gt;), AB46E I\/C (Kubota D905E), BOOM 46 (Kubota D905)<\/li>\n<li>SL26RT (Kubota D905), SL30RT (Kubota D905), X27RT (Kubota D905, N\/S 10131 -&gt;), X33RT (Kubota D905, N\/S 10131 -&gt;), X40RT (Kubota D905), X40RT (Kubota D905)<\/li>\n<\/ul>\n<p><strong>Hinomoto<\/strong><\/p>\n<ul>\n<li>CX19, NX18<\/li>\n<\/ul>\n<p><strong>Steiner<\/strong><\/p>\n<ul>\n<li>525<\/li>\n<\/ul>\n<p><strong>OEM de referencia:<\/strong><\/p>\n<ul>\n<li>16221-03310<\/li>\n<li>16261-14524<\/li>\n<\/ul>\n<p><strong>aburrir<\/strong> :<\/p>\n<ul>\n<li>72mm<\/li>\n<\/ul>\n","protected":false},"excerpt":{"rendered":"<p>\u00a1Esta junta de culata con juego de juntas es de alta calidad y los modelos compatibles se han seleccionado con mucho cuidado! Paquete completo con juntas para; junta de cabeza (juego) , sello de cig\u00fce\u00f1al delantero y trasero , sellos de v\u00e1stago de v\u00e1lvula , juntas de escape , juntas de admisi\u00f3n , sellos y&hellip;<\/p>\n","protected":false},"featured_media":46760,"comment_status":"open","ping_status":"open","template":"","meta":[],"product_cat":[505],"product_tag":[3897],"class_list":{"0":"post-46772","1":"product","2":"type-product","3":"status-publish","4":"has-post-thumbnail","6":"product_cat-juego-de-juntas","7":"product_tag-snelparts-es","8":"pa_merk-kubota-es","9":"pa_motor-d905-es","11":"first","12":"instock","13":"sale","14":"taxable","15":"shipping-taxable","16":"purchasable","17":"product-type-simple","18":"col-xs-6 col-sm-4","19":"col-md-3 col-lg-3","20":"un-4-cols"},"_links":{"self":[{"href":"https:\/\/shop4trac.com\/es\/wp-json\/wp\/v2\/product\/46772","targetHints":{"allow":["GET"]}}],"collection":[{"href":"https:\/\/shop4trac.com\/es\/wp-json\/wp\/v2\/product"}],"about":[{"href":"https:\/\/shop4trac.com\/es\/wp-json\/wp\/v2\/types\/product"}],"replies":[{"embeddable":true,"href":"https:\/\/shop4trac.com\/es\/wp-json\/wp\/v2\/comments?post=46772"}],"wp:featuredmedia":[{"embeddable":true,"href":"https:\/\/shop4trac.com\/es\/wp-json\/wp\/v2\/media\/46760"}],"wp:attachment":[{"href":"https:\/\/shop4trac.com\/es\/wp-json\/wp\/v2\/media?parent=46772"}],"wp:term":[{"taxonomy":"product_cat","embeddable":true,"href":"https:\/\/shop4trac.com\/es\/wp-json\/wp\/v2\/product_cat?post=46772"},{"taxonomy":"product_tag","embeddable":true,"href":"https:\/\/shop4trac.com\/es\/wp-json\/wp\/v2\/product_tag?post=46772"}],"curies":[{"name":"wp","href":"https:\/\/api.w.org\/{rel}","templated":true}]}}