{"id":46237,"date":"2022-01-26T16:40:34","date_gmt":"2022-01-26T15:40:34","guid":{"rendered":"https:\/\/shop4trac.com\/?post_type=product&#038;p=46237"},"modified":"2025-08-01T18:02:54","modified_gmt":"2025-08-01T16:02:54","slug":"valvula-de-admision-kubota-z650-z750-z751-z851","status":"publish","type":"product","link":"https:\/\/shop4trac.com\/es\/partes-de-motor\/valvulas\/valvula-de-admision-kubota-z650-z750-z751-z851\/","title":{"rendered":"V\u00e1lvula de admisi\u00f3n Kubota Z650 Z750 Z751 Z851"},"content":{"rendered":"<p>V\u00e1lvula de admisi\u00f3n adecuada para:<\/p>\n<p><strong>Kubota<\/strong><\/p>\n<ul>\n<li>Z650, Z750, Z751, Z851<\/li>\n<li>D1100, DH1101, D1301, D1302, D1402<\/li>\n<li>V1500, V1501, V1502, V1702, V1902<\/li>\n<\/ul>\n<p><strong>Dimensiones:<\/strong> 33 mm x 101 mm x 8 mm<\/p>\n<p><strong>OEM como referencia:<\/strong><\/p>\n<ul>\n<li>15221-13110, 15221-13112, 15221-13114<\/li>\n<\/ul>\n","protected":false},"excerpt":{"rendered":"<p>V\u00e1lvula de admisi\u00f3n adecuada para: Kubota Z650, Z750, Z751, Z851 D1100, DH1101, D1301, D1302, D1402 V1500, V1501, V1502, V1702, V1902 Dimensiones: 33 mm x 101 mm x 8 mm OEM como referencia: 15221-13110, 15221-13112, 15221-13114<\/p>\n","protected":false},"featured_media":191094,"comment_status":"open","ping_status":"closed","template":"","meta":[],"product_cat":[3649],"product_tag":[3897],"class_list":{"0":"post-46237","1":"product","2":"type-product","3":"status-publish","4":"has-post-thumbnail","6":"product_cat-valvulas","7":"product_tag-snelparts-es","8":"pa_merk-kubota-es","9":"pa_motor-z650-es","10":"pa_motor-z750-es","11":"pa_motor-z751-es","12":"pa_motor-z851-es","14":"first","15":"instock","16":"taxable","17":"shipping-taxable","18":"purchasable","19":"product-type-simple","20":"col-xs-6 col-sm-4","21":"col-md-3 col-lg-3","22":"un-4-cols"},"_links":{"self":[{"href":"https:\/\/shop4trac.com\/es\/wp-json\/wp\/v2\/product\/46237","targetHints":{"allow":["GET"]}}],"collection":[{"href":"https:\/\/shop4trac.com\/es\/wp-json\/wp\/v2\/product"}],"about":[{"href":"https:\/\/shop4trac.com\/es\/wp-json\/wp\/v2\/types\/product"}],"replies":[{"embeddable":true,"href":"https:\/\/shop4trac.com\/es\/wp-json\/wp\/v2\/comments?post=46237"}],"wp:featuredmedia":[{"embeddable":true,"href":"https:\/\/shop4trac.com\/es\/wp-json\/wp\/v2\/media\/191094"}],"wp:attachment":[{"href":"https:\/\/shop4trac.com\/es\/wp-json\/wp\/v2\/media?parent=46237"}],"wp:term":[{"taxonomy":"product_cat","embeddable":true,"href":"https:\/\/shop4trac.com\/es\/wp-json\/wp\/v2\/product_cat?post=46237"},{"taxonomy":"product_tag","embeddable":true,"href":"https:\/\/shop4trac.com\/es\/wp-json\/wp\/v2\/product_tag?post=46237"}],"curies":[{"name":"wp","href":"https:\/\/api.w.org\/{rel}","templated":true}]}}