{"id":45820,"date":"2022-01-17T16:56:25","date_gmt":"2022-01-17T14:56:25","guid":{"rendered":"https:\/\/shop4trac.com\/sin%20categor\u00eda\/filtro-de-aceite-kubota-b1550-b2410-serie-b2530-b9200\/"},"modified":"2026-03-27T18:54:27","modified_gmt":"2026-03-27T17:54:27","slug":"filtro-de-aceite-kubota-serie-bx","status":"publish","type":"product","link":"https:\/\/shop4trac.com\/es\/filtros\/filtros-de-aceite-de-motor\/filtro-de-aceite-kubota-serie-bx\/","title":{"rendered":"Filtro de aceite de motor Kubota b | f | RTV \u2013 iseki TX | TU \u2013 yanmar YM | f \u2013 Mitsubishi MT | d"},"content":{"rendered":"<p>Solo trabajamos con <strong>filtros de aceite de alta calidad<\/strong> de <strong>proveedores alemanes<\/strong> u otros <strong>europeos<\/strong>.<\/p>\n<p><strong>Rosca<\/strong>: M20x1.5<\/p>\n<p><strong>Di\u00e1metro<\/strong>: 80,0 mm<\/p>\n<p><strong>Altura:<\/strong> 80 mm<\/p>\n<p>A continuaci\u00f3n, se muestra la lista que hemos seleccionado <strong>meticulosamente<\/strong> de nuestros proveedores. Si la m\u00e1quina aparece en la lista a continuaci\u00f3n, encaja al 100%. <\/p>\n<p><strong>Kubota<\/strong><\/p>\n<ul>\n<li>A-15, A-155, A-17, A-175, A-19, A-195<\/li>\n<li>B1200, B1400, B1402, B1500, B1502, B1600, B1702<\/li>\n<li>B1-14, B1-15, B1-16, B1-17<\/li>\n<li>B1750, B1550D, B1550DHST, B1550E, B1550EHST, B1610, B1700D\/HD, B1700DHST, B1700DT, B1700E, B1702, B1750D, B1750DHST, B1750E, B1750EHST, B1830D, B20, B21, B2100DT<\/li>\n<li>B2100HST-DB, B2110DHST, B2150D\/HD, B2150DT, B2150E, B2150HSD, B2150HST, B2201, B2201D, B2210DHST, B2230D, B2320, B2350, B2400D\/HD, B2400DHST, B2400EHST, B 2410D, B2410HSD, B2410HSDB<\/li>\n<li>B2410HSE, B2420, B2530HSD, B26, B2620HSD, B2630HSD, B2650HST, B4200, B5000, B5100E, B6000, B6100HST, B6200HST, B7000, B7001, B7100HST\/D\/HSD, B7200HST, B8200HST, B9200HST<\/li>\n<li>BX22, BX2200, BX2200D, BX2230D, BX23LB-B, BX23LB-T<\/li>\n<li>F2000, F2000II, F2000II, F2100, F2100, F2100E, F2100E, F2260R, F2400, F2560, F2560E-R, F2560R, F2680E, F2880, F2880, F2880E, F2890E, F3090<\/li>\n<li>FZ2100, FZ2400, G26, G2HST, GL4500S, GL5500S, GL6500S, GL6500TS, K015-1, KC120, KC121<\/li>\n<li>KH024, KH05, KH08, KH08-2, KH30, KH31, KH35, KH35, KH36, KH41, KH50, KH51, KH55, KH61, KH71, KTH4815, KX012, KX36<\/li>\n<li>L2550DTGST, L2650DTGST, L2850DTGST, L2950DTGST, L3650DTGST, L3700, M4N-071, RT210, T1400H<\/li>\n<li>T1600, T1600H, T2400, U20, U20-3, U20-3ALPHA, U25-3, U25-3ALPHA, U25-3ET, U25S, U27-4, U27-4, U35, U56-5<\/li>\n<li>ZD28, ZD326, ZD326S, ZD331.<\/li>\n<\/ul>\n<p><strong>Zen-noh<\/strong><\/p>\n<ul>\n<li>ZB6001, ZB7000, ZB7001<\/li>\n<\/ul>\n<p><strong>Iseki<\/strong><\/p>\n<ul>\n<li>TU1400, TU1401, TU1500, TU1501, TU1600, TU1601<\/li>\n<li>TX145, TX155,TX1300, TX1500, TX1210, TX1410, TX1510, TX2140, TX2160<\/li>\n<li>Landhope TU120, TU130, TU140, TU150, TU160, TU170<\/li>\n<li>Landhope TU125, TU135, TU145, TU155, TU165, TU175<\/li>\n<li>Landhope TU127, TU137, TU147, TU157, TU167, TU177<\/li>\n<\/ul>\n<p><strong>Mitsubishi<\/strong><\/p>\n<ul>\n<li>D1100, D1300, D1500, D1350, D1450, D1550<\/li>\n<li>D1600,D1800,D2000, MTE1800,MTE2000<\/li>\n<li>D1650, D1850, D2050, D2350<\/li>\n<li>MT1301,MT1401,MT1601<\/li>\n<li>MT14, MT16, MT17, MT18, MT20<\/li>\n<li>MT1801, MT2001, MT2201, MT2501<\/li>\n<\/ul>\n<p><strong>Motor Mitsubishi<\/strong><\/p>\n<ul>\n<li>K3A, K3B, K3C, K3D, K3E, K3F, K4A, K4B, K4C, K4D, K4E<\/li>\n<li>L2A, L2B, L2C, L2E, L3A, L3E<\/li>\n<li>K3B, K3C, K3D-61DM\/SS, K3E, K3F, K4C, K4C-61SS, K4D-61SS, K4E, K4E-61DM, K4E-61DML<\/li>\n<li>L2A-61, L2A-61SS, L2A-62DM, L2C-61, L2C-61DM, L2C-62, L2C-62DM, L2E, L2E-61DM, L2E-61DM\/SS, L2E-62DM, L2E-62DM\/SS, L3E-61DM, L3E-61DM\/SS, L3E-62DM, L3E-62DM\/SS<\/li>\n<\/ul>\n<p><strong>Noda<\/strong><\/p>\n<ul>\n<li>Noda NR1301, NR1501<\/li>\n<\/ul>\n<p><strong>Satoh  <\/strong><\/p>\n<ul>\n<li>ST1300, ST1420, ST1440 ST1510, ST1520, ST1540<\/li>\n<li>ST1620, ST1640, ST1820, ST1840, ST2020, ST2040, ST2340<\/li>\n<\/ul>\n<p><strong>Yanmar<\/strong><\/p>\n<ul>\n<li>Yanmar F18, F20, F22, F24, F26, F28, F32, F37, F42, F215, F235, F255<\/li>\n<li>Yanmar FX18, FX20, FX22, FX24, FX26, FX32, FX38, FX42, FX215, FX235, FX255<\/li>\n<li>FX28, FX28D, FX32, FX32D, FX42, FX42D, FX285, FX285D, FX305, FX305D, FX335<\/li>\n<li>YM1500, YM1500D, YM160, YM1700, YM1900, YM2000, YM2500, YM3000<\/li>\n<li>B06U, B07-5A, B08, B08, B08RV, B12, B14, B17, B22, B22-2, B22-2A, B25V, B25V, B25VCR\/VPR, B27, B27-2, B27-2A, B30V, B30VCR, B37, B37-2, B37-2A, B37V, B37VCR, B5<\/li>\n<li>B50, B50-2, B50-2A, B50V\/VCR, B50W, B50W, B55W-1, B55W-2, B55WCR\/W1K, B55WE, B75W, B7-6BCOMPACT, B7-6S, B7SIGMA<\/li>\n<li>C20R, C25W, C30R, C30R-1, C30R-2, C30R-2B, C30R-3TV, C30R-A<\/li>\n<li>EF227H, EF230, EF235, EF235H, F15D, F16D, F22D, GE350, SV100-1, SV100-2A, SV100VCR, SV26, SV60-6B<\/li>\n<li>TL70, V1, V100, V3, V3.1, V3.2, V3.3, V3.5, V3-5A\/5B<\/li>\n<li>V4, V4.1, V4.2, V4.3, V4.5, V4-5A, V4-5D, V7, V70S, V8, V80, VIO12-2A, VIO27-2, VIO27-3, VIO27-5, VIO30, VIO30, VIO30, VIO30-2, VIO30-3, VIO30V, VIO33-6, VIO33U, VIO35, VIO35<\/li>\n<li>VIO35-2, VIO35-3, VIO35-5, VIO35VCR, VIO38, VIO38-6, VIO40, VIO40-2, VIO40V, VIO45, VIO45, VIO45, VIO50, VIO50-6A, VIO50-6A, VIO50-6A, VIO50- 6B, VIO50-U, VIO50V, VIO50VCR, VIO55<\/li>\n<li>VIO55C\/CR\/P\/PR, VIO57-6A, VIO57-6A, VIO57-6A, VIO57 6B, VIO57-6BCR, VIO57U, VIO70CR, VIO75-A, VIO75-C, VIO75CR, VIO75CR\/VCR<\/li>\n<li>VIO80, VIO80, VIO80-1A, VIO80-1A, VIO80ACR, VIO82-1<\/li>\n<li>YB121, YB151, YB22, YB301, YB351, YB351-2, YB401W, YB451, YB501, YB551X<\/li>\n<li>YM155, YM186, YM240, YM336, YSR1310H, YSR2720, YSR2730, YT235, YT347, YT359.<\/li>\n<li>3TNV88, 4TNV88<\/li>\n<\/ul>\n<p><strong>Motor<\/strong> :<\/p>\n<ul>\n<li>V800B, Z400B, Z430, Z600B, Z600C, ZB600C\/E\/GLS<\/li>\n<li>D600B, D622BH, D650, D750B, D782E, D850\/B\/BH, D905E, D950B, D950B, D950BH<\/li>\n<li>D722, D782, D905, Z650, Z500<\/li>\n<li>3D72-F2, 3D74E-N3, 3D78AE, 3D82AE, 4D94E-1HC, 4D98E-1FB,<\/li>\n<\/ul>\n<p><strong>OEM para referencia:<\/strong><\/p>\n<ul>\n<li>w21ESO1530<\/li>\n<li>15241-32090, 15841-32432, 16271-3209-2, 16271-32092<\/li>\n<li>HH15232432<\/li>\n<li>129150-35151<\/li>\n<li>K9665400 \u2013 5650-040-936-50<\/li>\n<li>MM409365, MD031805, MD017440<\/li>\n<li>119660-35150<\/li>\n<\/ul>\n<p><strong>Altura<\/strong> : 80 mm<\/p>\n<p><strong>Otras m\u00e1quinas:<\/strong><\/p>\n<p><strong>AIRMAN<\/strong><\/p>\n<ul>\n<li>AX 29 U, AX 32 U, AX 36 U, AX 40 U, \u200b\u200bAX 50 U, AX 58 MU<\/li>\n<\/ul>\n<p><strong>AUSA<\/strong><\/p>\n<ul>\n<li>200 RH, 200 RHG, 200 RHP, 250 AH\/AHG, 250 RHG, 300 AH\/AHG, 300 RH, 300 RHG, 300 RHG, 300 RMG, 350 AH\/AHG, 400 AH\/AHG, BD 250 H, CE 11 , CE 16, CE 20, CH 130, CH 150 X4, CH 200 X4, DV 17, M 250 M<\/li>\n<\/ul>\n<p><strong>AVANT TECNO<\/strong><\/p>\n<ul>\n<li>AVANT 216<\/li>\n<\/ul>\n<p><strong>Bobcat<\/strong><\/p>\n<ul>\n<li>220, 313, 320, 343, 425EG\/ZTS, 428EG, 453, 543B, 56<\/li>\n<li>B100, B100T, B200, B250B, BCA14, BCA16, CT120, CT122<\/li>\n<li>E25, E26, E27, E27Z, E55W, E60, E62, E63, E80, E85, L23, L28, S100, S70.<\/li>\n<\/ul>\n<p><strong>Carraro<\/strong><\/p>\n<ul>\n<li>4400HST<\/li>\n<\/ul>\n<p><strong>Caso<\/strong><\/p>\n<ul>\n<li>1818, 1825, 1825B, CK08, CK13, CK15, CX20B, CX22B-ZTS, CX26B-ZTS, CX26SERIES2<\/li>\n<li>CX27B-ZTS, CX30B, CX31, CX31B, CX35B, CX35BZTS, CX36, CX36B, CX39BS2, CX40B, CX47, CX50B, CX50BZTS, CX55B, CX85D, CX90D<\/li>\n<\/ul>\n<p><strong>FERRARI AGRI<\/strong><\/p>\n<ul>\n<li>18, 18, 20, 20, 22, 22, 22-3 W, 3 W, 3 W, 66 D, 66 D<\/li>\n<\/ul>\n<p><strong>FIELDTRAC<\/strong><\/p>\n<ul>\n<li>180D, 224D, 270D, 927VST<\/li>\n<\/ul>\n<p><strong>Hako<\/strong><\/p>\n<ul>\n<li>1650D\/DA, 3100DA, 3500DA, CITYMASTER 1200, CITYMASTER 1250, CITYMASTER 1250, CITYMASTER 600, JONAS 1100.<\/li>\n<\/ul>\n<p><strong>Hitachi<\/strong><\/p>\n<ul>\n<li>EX 8-2 B, ZX 27 U-2 ZAXIS, ZX 27 U-3 ZAXIS, ZX 30 ZAXIS, ZX 35 ZAXIS<\/li>\n<li>EX 17-2 B, EX 29 U, EX 30 U, EX 32 U, EX 36 U, EX 40 U, \u200b\u200bEX 50 U, EX 55 UR-3, UE 04, UE 04, UE 10, UE 12, UE 15 , UE 20, UE 30, UE 40, ZX 50 U ZAXIS, ZX 75 US-3 ZAXIS, ZX 75 US-A ZAXIS<\/li>\n<li>ZX 75 USK-3 ZAXIS, ZX 80 SB ZAXIS, ZX 80 ZAXIS, ZX 85 US-3 LC ZAXIS, ZX 85 US-3 ZAXIS, ZX 85 USB-3 ZAXIS, ZX 85 USB-5A ZAXIS, ZX 85 USB-6 , ZX 85 USBLC-3 ZAXIS, ZX 85 USBLCN-3 ZAXIS, ZX 85 US ZAXIS<\/li>\n<\/ul>\n<p><strong>KIOTI<\/strong><\/p>\n<ul>\n<li>CK 20, CK 20 HST, CK 22, CK 22 HST, CS 2220, CS 2510 H, CS 2610 H, K9 2400 UTV, K9 2440 UTV, LB 1714, LB 1914, MEC 2200<\/li>\n<li>MEC 2210, MECHRON, MECHRON 2200 PS, MECHRON 2200 SA, MECHRON 2200 ST, MECHRON 2200 SW, MECHRON 2240<\/li>\n<\/ul>\n<p><strong>Soporte<\/strong><\/p>\n<ul>\n<li>C20, C30, C330, C340<\/li>\n<\/ul>\n<p><strong>JCB<\/strong><\/p>\n<ul>\n<li>G13X, G17QX, G20RX, G22QX, G22X, G33QX, G40RX, G40RX, G8QX, G8X.<\/li>\n<\/ul>\n<p><strong>JINMA<\/strong><\/p>\n<ul>\n<li>224<\/li>\n<\/ul>\n<p><strong>John Deere<\/strong><\/p>\n<ul>\n<li>1070, 1445, 1505, 1515, 1545, 1565, 1565 SERIES II 4WD, 1570 TERRAIN CUT, 1580, 1600, 1600 TURBO, 1620, 184 G, 2027 R HST, 2036 R, 204 G, 204 L<\/li>\n<li>2500 A, 2520, 2653 A, 2720, 3015 D, 3028 EN, 3032 E, 3033 R, 3036 E, 3036 EN, 3038 E, 3038 R, 3045 R, 304 G, 304 L, 312 GR, 314 G, 316 GR, 317 G, 318 E, 318 G, 319 E, 320 E, 320 G, 3225 B, 3235 C, 3235 C FAIRWAY<\/li>\n<li>3235 FAIRWAY, 323 E, 323 G, 3245 C, 324 E, 324 G, 330 D, 3320, 3325, 3325, 332 D, 3365, 3365, 349 H<\/li>\n<li>3520, 3653 A, 3720, 4049 M, 4049 R, 4066 R, 4115 HST, 4200, 4200, 4300, 4310, 4310, 4400, 4400, 4410, 4410, 4600, 4600, 4610, 4610, 4700, 4710, 655, 7200 PRECISION CUT<\/li>\n<li>7400 A, 7500 FAIRWAY, 755, 7700 FAIRWAY, 7700 PRECISION CUT, 8500 E, 8700 PRECISION CUT, 8800 A, 8800 PRECISION CUT<\/li>\n<li>8900 A PRECISION CUT, 9009 A PRECISON CUT, 915, 955, 997, JOHN DEERE 1600 TURBO 2, PRO GATOR 2040\/A<\/li>\n<\/ul>\n<p><strong>Kobelco fiat<\/strong><\/p>\n<ul>\n<li>. <span style=\"font-size: 14px\">E 20.2 SR, E 22.2 SR, E 27.2 SR, E 30 SR, E 35.2 SR, E 35 SR, E 45 SR, E 50.2 SR<\/span><\/li>\n<\/ul>\n<p><strong>Komatsu<\/strong><\/p>\n<ul>\n<li>  CK20-1, CK25, CK30-1, CK35-1, CT60-1, FD20T-14, FD20T-16R, FD25-16, FD25-17, FD25T12, FD25T-16R, FD25T-1E1, FD30T-14, FD30T-16R, FD30T-17, FG25HT-16R, PC05-1,<\/li>\n<li>PC05-5, PC05-6, PC05-7, PC05-7, PC07-2, PC10-5, PC10-6, PC10-7, PC14R, PC14R2, PC14R3\/-HS, PC15-1, PC15-2, PC16MR-3, PC16R-2, PC16R-3\/-HS, PC16RHS,<\/li>\n<li>PC18MR, PC18MR-2, PC18MR-3, PC20-8, PC20MRX-1, PC20R, PC20R-8, PC27MR-2, PC27MR-3, PC27R, PC27R-8, PC27R-8, PC28UU-2, PC30-7, PC30MR-2, PC30MR-3<\/li>\n<li>PC30MR-5, PC30MXR, PC35MR-2, PC35MR-3, PC35MR-3, PC35MR-5, PC35R, PC35R-8, PC38, PC40MXR\/MR, PC45-1, PC45-8, PC45MR-3, PC45MR-5, PC45R, PC45R-8, PC45R-8, PC50MR-2, PC55MR3<\/li>\n<li>PC55MR3, PC55MR5, PC55MR-5, PC55MR-5E0, PC58MR5, PC75, PC75-1, PC75R-2, PC75R-2HD, PC80MR-3, PC80MR-5, PC80MR-5E0<\/li>\n<li>PC80MR-5S0, PW75, PW75-1, PW75R-2, PW75R-2, S4D98E-2NFE, SK05, SK05J, SK07J, SK09J, SK1020, SK510, SK714-5, SK714-5<\/li>\n<li>SK815, SK818, SK820-5, WA115-3, WA65-3, WA70M-8, WA75, WA75-3, WA80M-8E0, WA85-3, WA90-3, WA95-3, WB70A.<\/li>\n<\/ul>\n<p><strong>Manitou<\/strong><\/p>\n<ul>\n<li>280TJST5S1, 850R, MI15D, MI15D, MI15DS1-E3, MI18D, MI18D, MI18DS1-E3, MI20D, MI20D, MI20DS2-E3, MI25D, MI25D<\/li>\n<li>MI25DS2-E3, MI30D, MI30D, MI30DS2-E3, MI30DSERIEYE3S3, MI35D, MI35D, MI35DS2-E3, ULM412H<\/li>\n<li>ULM412H36YST5S1, ULM415H, ULM415H, ULM415H36YST5S1<\/li>\n<\/ul>\n<p><strong>MAHINDRA<\/strong><\/p>\n<ul>\n<li>2310, 2310 HST, 2810, 2810, 2810 HST, 3510, 3510, 3510, 3510 HST, 4110, 4110, 4110, 4510 C<\/li>\n<\/ul>\n<p><strong>Weidemann<\/strong><\/p>\n<ul>\n<li>1245, 1390, 4512 C, T4512 CC 35, T4512 CC 35, T4512 CC 35, T4512 CC 40, T4512 CC 40, T4512 CC 40, T4512 CC 45<\/li>\n<li>1002 D\/M, 1702 D\/M, 1802 D\/M, 2002 D\/M, 811, 911 D\/M, 912, 912 D\/M, 914, 916 D\/M, 917 D\/M<\/li>\n<\/ul>\n<p><strong>Motor Yanmar<\/strong><\/p>\n<ul>\n<li>3TNA68, 3TNA68-USR, 3TN66E-S\/G2, 3TN75E-S\/G1\/G2, 3TN82E-S\/G1\/G2, 3TN82TE-G1, 3TN82TE-G2, 3TN82TE-S, 3TN84E-G1, 3TN84E-G2, 3TN84E- S, 3TNA72E-S\/G2, 3TNC78E-S\/G1\/G2, 3TNE78A-G2A, 3TNE78A-SA\/G1A, 3TNE82A-SA\/G1A, 3TNE84-G1A<\/li>\n<li>3TNE84-G1A, 3TNE84-SA, 3TNE84T, 3TNE84T-SA\/G1A, 3TNE86, 3TNE88-G1A, 3TNE88L, 3TNE88-SA, 3TNV82A, 3TNV82A-B, 3TNV84, 3TNV84T, 3TNV84T-Z, 3TNV 86CHT, 3TNV88, 3TNV88-B<\/li>\n<li>3TNV88-U, 4JH, 4NNKAC, 4TN82E-G1\/G2, 4TN82E-S, 4TN82TE-G1, 4TN82TE-S, 4TN84E-G1, 4TN84E-G2, 4TN84E-S, 4TN84TE-G1, 4TN84TE-S\/G2, 4TNC88, 4TNE84-G1A, 4TNE84-G2A, 4TNE84-SA<\/li>\n<li>4TNE84T-G1A, 4TNE84T-SA, 4TNE88, 4TNE88-G1A, 4TNE88-SA, 4TNE94E-SA\/G1A, 4TNE98E-SA\/G1A, 4TNSAC, 4TNV82A, 4TNV84, 4TNV84T, 4TNV84T-Z, 4TNV88, 4TNV88-B, 4TNV88BDCR, 4TNV88-U, 4TNV94L<\/li>\n<li>4TNV94L, 4TNV98, 4TNV98CT-NYI2, 4TNV98CT-VBV, 4TNV98-E, 4TNV98L-WBV1, 4TNV98NSA, 4TNV98-Z<\/li>\n<\/ul>\n<p><strong>Yanmar Navy<\/strong><\/p>\n<ul>\n<li>1GM10B, 1GM10C, 1GM10L, 1GM10VE, 2GM20B, 2GM20C, 2GM20F, 2GM20FVE, 2GM20VE, 2QM15, 3GM30, 3GM30B, 3GM30C<\/li>\n<li>3GM30EU, 3GM30F, 3GM30F-EU, 3GM30FVE, 3GM30VE, 4JH-110CR, 4JH2-DTE, 4JH2-E, 4JH2-HTE, 4JH2-TE, 4JH2-UTE<\/li>\n<li>4JH2-UTEB, 4JH3, 4JH3-CE, 4JH3-CE1, 4JH3-DTE, 4JH3-E, 4JH3-HTE, 4JH3-TCE, 4JH3-TE, 4JH-45CR, 4JH4-AE, 4JH4-E, 4JH4-HTE, 4JH4-TE<\/li>\n<li>4JH-57CR, 4JH5-E, 4JH-80CR, 4JH-DTE, 4JH-E, 4JH-HT, 4JH-HTE, 4JH-T, 4JH-TE, D19A\/AXLE, D27A\/AXLE, D27A\/AXLE, D36A\/ AXLE, D36A\/AXLE.<\/li>\n<\/ul>\n","protected":false},"excerpt":{"rendered":"<p>Solo trabajamos con filtros de aceite de alta calidad de proveedores alemanes u otros europeos. Rosca: M20x1.5 Di\u00e1metro: 80,0 mm Altura: 80 mm A continuaci\u00f3n, se muestra la lista que hemos seleccionado meticulosamente de nuestros proveedores. Si la m\u00e1quina aparece en la lista a continuaci\u00f3n, encaja al 100%. Kubota A-15, A-155, A-17, A-175, A-19, A-195&hellip;<\/p>\n","protected":false},"featured_media":45959,"comment_status":"open","ping_status":"closed","template":"","meta":[],"product_cat":[477],"product_tag":[3897],"class_list":{"0":"post-45820","1":"product","2":"type-product","3":"status-publish","4":"has-post-thumbnail","6":"product_cat-filtros-de-aceite-de-motor","7":"product_tag-snelparts-es","8":"pa_merk-bobcat-es","9":"pa_merk-hako-es","10":"pa_merk-iseki-es","11":"pa_merk-jcb-es","12":"pa_merk-kobelco-es","13":"pa_merk-komatsu-es","14":"pa_merk-kubota-es","15":"pa_merk-noda-es","16":"pa_merk-satoh-es","17":"pa_merk-shibaura-es","18":"pa_merk-weidemann-es","19":"pa_merk-yanmar-es","20":"pa_merk-zen-noh-es","21":"pa_motor-d722-es","22":"pa_motor-d782-es","23":"pa_motor-d905-es","24":"pa_motor-k3a-es","25":"pa_motor-k3b-es","26":"pa_motor-k3c-es","27":"pa_motor-k3d-es","28":"pa_motor-k3e-es","29":"pa_motor-k3f-es","30":"pa_motor-l3a-es","31":"pa_motor-l3e-es","32":"pa_motor-z500-es","33":"pa_motor-z650-es","35":"first","36":"instock","37":"taxable","38":"shipping-taxable","39":"purchasable","40":"product-type-simple","41":"col-xs-6 col-sm-4","42":"col-md-3 col-lg-3","43":"un-4-cols"},"_links":{"self":[{"href":"https:\/\/shop4trac.com\/es\/wp-json\/wp\/v2\/product\/45820","targetHints":{"allow":["GET"]}}],"collection":[{"href":"https:\/\/shop4trac.com\/es\/wp-json\/wp\/v2\/product"}],"about":[{"href":"https:\/\/shop4trac.com\/es\/wp-json\/wp\/v2\/types\/product"}],"replies":[{"embeddable":true,"href":"https:\/\/shop4trac.com\/es\/wp-json\/wp\/v2\/comments?post=45820"}],"wp:featuredmedia":[{"embeddable":true,"href":"https:\/\/shop4trac.com\/es\/wp-json\/wp\/v2\/media\/45959"}],"wp:attachment":[{"href":"https:\/\/shop4trac.com\/es\/wp-json\/wp\/v2\/media?parent=45820"}],"wp:term":[{"taxonomy":"product_cat","embeddable":true,"href":"https:\/\/shop4trac.com\/es\/wp-json\/wp\/v2\/product_cat?post=45820"},{"taxonomy":"product_tag","embeddable":true,"href":"https:\/\/shop4trac.com\/es\/wp-json\/wp\/v2\/product_tag?post=45820"}],"curies":[{"name":"wp","href":"https:\/\/api.w.org\/{rel}","templated":true}]}}