{"id":38891,"date":"2021-09-27T16:51:49","date_gmt":"2021-09-27T15:51:49","guid":{"rendered":"https:\/\/shop4trac.com\/sin%20categor\u00eda\/culata-yanmar-3tnv70\/"},"modified":"2025-08-04T21:03:32","modified_gmt":"2025-08-04T19:03:32","slug":"culata-yanmar-3tnv70","status":"publish","type":"product","link":"https:\/\/shop4trac.com\/es\/partes-de-motor\/culata-del-motor\/culata-yanmar-3tnv70\/","title":{"rendered":"Culata completo Yanmar 3TNV70 | 3D70E | Takeushi | Goldoni | Fuchs | Hitachi"},"content":{"rendered":"<h4><b>1. Culata completa con v\u00e1lvulas y muelles \u2013 lista para su montaje directo<\/b><\/h4>\n<p class=\"p3\">Esta nueva culata est\u00e1 fabricada con material de alta calidad y se entrega completa, incluyendo v\u00e1lvulas y muelles ya montados. Gracias al ensamblaje completo, no es necesario transferir ni ajustar piezas. <\/p>\n<p class=\"p3\">\u2705 Totalmente ensamblada<\/p>\n<p class=\"p3\">\u2705 Incluye v\u00e1lvulas y muelles<\/p>\n<p class=\"p3\">\u2705 No requiere ajustes adicionales<\/p>\n<p class=\"p3\">\u2705 Lista para su montaje directo<\/p>\n<p class=\"p3\">Una soluci\u00f3n lista para usar que ahorra tiempo en el taller y minimiza el riesgo de errores de montaje.<\/p>\n<p class=\"p3\">Esta culata se ha emparejado cuidadosamente con los siguientes modelos compatibles.<\/p>\n<hr>\n<h4><b>2. Culata desnuda \u2013 con asientos de v\u00e1lvula premontados<\/b><\/h4>\n<p class=\"p3\">Esta culata est\u00e1 fabricada con material de alta calidad y se suministra como una culata desnuda con los asientos de v\u00e1lvula ya montados. Por lo tanto, la culata est\u00e1 preparada para su posterior montaje con sus componentes existentes o nuevos. <\/p>\n<p class=\"p3\">\u2705 Nueva culata de m\u00e1xima calidad<\/p>\n<p class=\"p3\">\u2705 Asientos de v\u00e1lvula ya montados<\/p>\n<p class=\"p3\">\u2705 Lista para su posterior ensamblaje<\/p>\n<p class=\"p3\">\u2705 Adecuada para revisi\u00f3n o aplicaci\u00f3n a medida<\/p>\n<p class=\"p3\">Ideal para quienes desean mantener el control sobre el ensamblaje final o reutilizar piezas espec\u00edficas.<\/p>\n<p class=\"p3\">La culata es adecuada para los siguientes modelos:<\/p>\n<p><strong>Yanmar  <\/strong><\/p>\n<ul>\n<li>SV15, SV17, SV18<\/li>\n<li>ViO15, ViO10-2A<\/li>\n<\/ul>\n<p><strong>John Deere  <\/strong><\/p>\n<ul>\n<li>20C, HPX81E Gator<\/li>\n<\/ul>\n<p><b>Goldoni<\/b><\/p>\n<ul>\n<li>Boxster 20<\/li>\n<\/ul>\n<p><strong>Fuchs<\/strong><\/p>\n<ul>\n<li>F850<\/li>\n<\/ul>\n<p class=\"p1\"><b>Eurocomach<\/b><\/p>\n<ul>\n<li class=\"p1\">ES15SR, ES18ZT<\/li>\n<\/ul>\n<p><strong>Takeushi<\/strong><\/p>\n<ul>\n<li>TB219<\/li>\n<\/ul>\n<p><b>Hitachi  <\/b><\/p>\n<ul>\n<li>ZX 17-U5A, ZX19-U5A, ZX19-6<\/li>\n<\/ul>\n<p><strong>Mase<\/strong><\/p>\n<ul>\n<li>IS 13.2<\/li>\n<\/ul>\n<p><strong>Menzi Muck IHI<\/strong><\/p>\n<ul>\n<li>17vxe &amp; 19vxt<\/li>\n<\/ul>\n<p><strong>motor yanmar<\/strong><\/p>\n<ul>\n<li>3TNV70, 3TNV72, 3TNV72-YUKS<\/li>\n<li>3TNV70-NBK<\/li>\n<li>3TNV70-ACB, 3TNV70-AMP, 3TNV70-ASA, 3TNV70-ASA3, 3TNV70-ASA3T, 3TNV70-ASAT, 3TNV70-DPE, 3TNV70-DTS, 3TNV70-DWL, 3TNV70-FDW, 3TNV70-GACC, 3TNV70-GGE, 3T NV70 -GGEA<\/li>\n<li>3TNV70-GGEC, 3TNV70-GGET, 3TNV70-GMA, 3TNV70-GMG, 3TNV70-GNP, 3TNV70-HGB2B, 3TNV70-HGB2BT, 3TNV70-HGB2C, 3TNV70-HGB2CT, 3TNV70-HGE, 3TNV70-HGEP, 70-HGET, 3TNV70 -HMF<\/li>\n<li>3TNV70-HMG, 3TNV70-HPGE, 3TNV70-KBR, 3TNV70-KGD, 3TNV70-KUSS, 3TNV70-MKAH, 3TNV70-NBK, 3TNV70-NPR, 3TNV70-NTB, 3TNV70-PFN, 3TNV70-PHB, 3TNV70-PHBB, TNV70 \u2013 PSJ, 3TNV70-PTB1, 3TNV70-PTB1C<\/li>\n<li>3TNV70-PTB1R, 3TNV70-PTB1RC, 3TNV70-QIK, 3TNV70-QIK1, 3TNV70-QIKX, 3TNV70-SCF, 3TNV70-SDB, 3TNV70-SSU, 3TNV70-SSU1, 3TNV70-SSY, 3TNV70-STB, -STBT, 3TNV70- ESTILO, 3TNV70-SYB<\/li>\n<li>3TNV70-VBVA2, 3TNV70-VHB, 3TNV70-VNS, 3TNV70-VNSV, 3TNV70-WBV, 3TNV70-WBVB, 3TNV70-XBV, 3TNV70-XBVA2, 3TNV70-XHB, 3TNV70-XHBT, 3TNV70-XHT, 0-XKIST, 3TNV70- XMHS, 3TNV70-XPLW, 3TNV70-XZN<\/li>\n<\/ul>\n<p><strong>OEM como referencia<\/strong><\/p>\n<ul>\n<li>119515-11740<\/li>\n<li>119515-11100, 119515-11110<\/li>\n<\/ul>\n","protected":false},"excerpt":{"rendered":"<p>1. Culata completa con v\u00e1lvulas y muelles \u2013 lista para su montaje directo Esta nueva culata est\u00e1 fabricada con material de alta calidad y se entrega completa, incluyendo v\u00e1lvulas y muelles ya montados. Gracias al ensamblaje completo, no es necesario transferir ni ajustar piezas. \u2705 Totalmente ensamblada \u2705 Incluye v\u00e1lvulas y muelles \u2705 No requiere&hellip;<\/p>\n","protected":false},"featured_media":140825,"comment_status":"open","ping_status":"open","template":"","meta":[],"product_cat":[496],"product_tag":[3897],"class_list":{"0":"post-38891","1":"product","2":"type-product","3":"status-publish","4":"has-post-thumbnail","6":"product_cat-culata-del-motor","7":"product_tag-snelparts-es","8":"pa_merk-eurocomach-es","9":"pa_merk-goldoni-es","10":"pa_merk-hitachi-es","11":"pa_merk-john-deere-es","12":"pa_merk-takeushi-es","13":"pa_merk-yanmar-es","14":"pa_motor-3tnv70-es","16":"first","17":"instock","18":"sale","19":"taxable","20":"shipping-taxable","21":"purchasable","22":"product-type-variable","23":"col-xs-6 col-sm-4","24":"col-md-3 col-lg-3","25":"un-4-cols"},"_links":{"self":[{"href":"https:\/\/shop4trac.com\/es\/wp-json\/wp\/v2\/product\/38891","targetHints":{"allow":["GET"]}}],"collection":[{"href":"https:\/\/shop4trac.com\/es\/wp-json\/wp\/v2\/product"}],"about":[{"href":"https:\/\/shop4trac.com\/es\/wp-json\/wp\/v2\/types\/product"}],"replies":[{"embeddable":true,"href":"https:\/\/shop4trac.com\/es\/wp-json\/wp\/v2\/comments?post=38891"}],"wp:featuredmedia":[{"embeddable":true,"href":"https:\/\/shop4trac.com\/es\/wp-json\/wp\/v2\/media\/140825"}],"wp:attachment":[{"href":"https:\/\/shop4trac.com\/es\/wp-json\/wp\/v2\/media?parent=38891"}],"wp:term":[{"taxonomy":"product_cat","embeddable":true,"href":"https:\/\/shop4trac.com\/es\/wp-json\/wp\/v2\/product_cat?post=38891"},{"taxonomy":"product_tag","embeddable":true,"href":"https:\/\/shop4trac.com\/es\/wp-json\/wp\/v2\/product_tag?post=38891"}],"curies":[{"name":"wp","href":"https:\/\/api.w.org\/{rel}","templated":true}]}}