{"id":35495,"date":"2021-05-20T15:39:44","date_gmt":"2021-05-20T14:39:44","guid":{"rendered":"https:\/\/shop4trac.com\/?post_type=product&#038;p=35495"},"modified":"2025-09-15T23:00:02","modified_gmt":"2025-09-15T21:00:02","slug":"piston-k3d-k4d-mitsubishi-iseki-tu160-tu177","status":"publish","type":"product","link":"https:\/\/shop4trac.com\/es\/partes-de-motor\/pistones\/piston-k3d-k4d-mitsubishi-iseki-tu160-tu177\/","title":{"rendered":"Pist\u00f3n K3D | K4D Mitsubishi | Iseki TU160-TU177"},"content":{"rendered":"<p>Pist\u00f3n para:<\/p>\n<p><strong>Mitsubishi<\/strong><\/p>\n<ul>\n<li>K3D motor<\/li>\n<li>K4D motor<\/li>\n<li>MTE1800, MT17, MT210<\/li>\n<\/ul>\n<p><strong>Iseki<\/strong><\/p>\n<ul>\n<li>TU160, TU165, TU170, TU175, TU177<\/li>\n<\/ul>\n<p><strong>Tama\u00f1o:<br \/>\n<\/strong><\/p>\n<ul>\n<li>73mm<\/li>\n<\/ul>\n<p>&nbsp;<\/p>\n<p>Adecuado para la inyecci\u00f3n <span style=\"text-decoration: underline\">indirecta<\/span>.<\/p>\n","protected":false},"excerpt":{"rendered":"<p>Pist\u00f3n para: Mitsubishi K3D motor K4D motor MTE1800, MT17, MT210 Iseki TU160, TU165, TU170, TU175, TU177 Tama\u00f1o: 73mm &nbsp; Adecuado para la inyecci\u00f3n indirecta.<\/p>\n","protected":false},"featured_media":189795,"comment_status":"open","ping_status":"closed","template":"","meta":[],"product_cat":[509],"product_tag":[3897],"class_list":{"0":"post-35495","1":"product","2":"type-product","3":"status-publish","4":"has-post-thumbnail","6":"product_cat-pistones","7":"product_tag-snelparts-es","8":"pa_merk-iseki-es","9":"pa_merk-mitsubishi-es","10":"pa_model-mt210-es","11":"pa_model-mte1800-es","12":"pa_model-tu160-es","13":"pa_model-tu165-es","14":"pa_model-tu170-es","15":"pa_model-tu175-es","16":"pa_model-tu177-es","17":"pa_motor-k3d-es","18":"pa_motor-k4d-es","20":"first","21":"instock","22":"taxable","23":"shipping-taxable","24":"purchasable","25":"product-type-simple","26":"col-xs-6 col-sm-4","27":"col-md-3 col-lg-3","28":"un-4-cols"},"_links":{"self":[{"href":"https:\/\/shop4trac.com\/es\/wp-json\/wp\/v2\/product\/35495","targetHints":{"allow":["GET"]}}],"collection":[{"href":"https:\/\/shop4trac.com\/es\/wp-json\/wp\/v2\/product"}],"about":[{"href":"https:\/\/shop4trac.com\/es\/wp-json\/wp\/v2\/types\/product"}],"replies":[{"embeddable":true,"href":"https:\/\/shop4trac.com\/es\/wp-json\/wp\/v2\/comments?post=35495"}],"wp:featuredmedia":[{"embeddable":true,"href":"https:\/\/shop4trac.com\/es\/wp-json\/wp\/v2\/media\/189795"}],"wp:attachment":[{"href":"https:\/\/shop4trac.com\/es\/wp-json\/wp\/v2\/media?parent=35495"}],"wp:term":[{"taxonomy":"product_cat","embeddable":true,"href":"https:\/\/shop4trac.com\/es\/wp-json\/wp\/v2\/product_cat?post=35495"},{"taxonomy":"product_tag","embeddable":true,"href":"https:\/\/shop4trac.com\/es\/wp-json\/wp\/v2\/product_tag?post=35495"}],"curies":[{"name":"wp","href":"https:\/\/api.w.org\/{rel}","templated":true}]}}