{"id":33912,"date":"2021-03-19T21:58:24","date_gmt":"2021-03-19T20:58:24","guid":{"rendered":"https:\/\/shop4trac.com\/?post_type=product&#038;p=33912"},"modified":"2025-08-01T18:12:08","modified_gmt":"2025-08-01T16:12:08","slug":"juego-de-juntas-kubota-z482-kubota-kj11","status":"publish","type":"product","link":"https:\/\/shop4trac.com\/es\/partes-de-motor\/juego-de-juntas\/juego-de-juntas-kubota-z482-kubota-kj11\/","title":{"rendered":"Juego de juntas Kubota Z482 | Avant | Mariner"},"content":{"rendered":"<p>\u00a1Esta junta de culata con juego de juntas es de alta calidad y los modelos compatibles se han seleccionado con mucho cuidado!<\/p>\n<p>Paquete completo con juntas para; <strong>junta de cabeza (juego)<\/strong> , <strong>sello de cig\u00fce\u00f1al delantero y trasero<\/strong> , <strong>sellos de v\u00e1stago de v\u00e1lvula<\/strong> , <strong>juntas de escape<\/strong> , <strong>juntas de admisi\u00f3n<\/strong> , <strong>sellos<\/strong> y otras <strong>juntas<\/strong> como en la foto.<\/p>\n<p><strong>Motor Kubota<\/strong><\/p>\n<ul>\n<li>Z482-E2-GX, Z482-E, Z482-D25, Z482-B-SEC, Z482 \u2013 60 Hz<\/li>\n<\/ul>\n<p><strong>Kubota<\/strong><\/p>\n<ul>\n<li>B1121, B1220, GB110, GB115<\/li>\n<li>GR1600EC2, GL6000-STD, GL7000-AUS, GL7000-STD, GL7000-USA, GL7000-USA-TM, J106-AUS, J106-STD, J107-SA, J107-STD<\/li>\n<li>T1600H<\/li>\n<li>JB11, JB11X<\/li>\n<\/ul>\n<p><strong>Avant<\/strong><\/p>\n<ul>\n<li>314, 314S, 514<\/li>\n<\/ul>\n<p><strong>Mariner<\/strong><\/p>\n<ul>\n<li>560 (B), Mariner 710 (B), IS 7.1,<\/li>\n<\/ul>\n<p><strong>Di\u00e1metro<\/strong>:<\/p>\n<ul>\n<li>67 mm<\/li>\n<\/ul>\n<p><strong>OEM para referencia<\/strong><\/p>\n<ul>\n<li>1J090-03310<\/li>\n<\/ul>\n<p>[wpdatatable id=\"11&#8243; table_view=\"regular\"]<\/p>\n","protected":false},"excerpt":{"rendered":"<p>\u00a1Esta junta de culata con juego de juntas es de alta calidad y los modelos compatibles se han seleccionado con mucho cuidado! Paquete completo con juntas para; junta de cabeza (juego) , sello de cig\u00fce\u00f1al delantero y trasero , sellos de v\u00e1stago de v\u00e1lvula , juntas de escape , juntas de admisi\u00f3n , sellos y&hellip;<\/p>\n","protected":false},"featured_media":165834,"comment_status":"open","ping_status":"closed","template":"","meta":[],"product_cat":[505],"product_tag":[3897,2878],"class_list":{"0":"post-33912","1":"product","2":"type-product","3":"status-publish","4":"has-post-thumbnail","6":"product_cat-juego-de-juntas","7":"product_tag-snelparts-es","8":"product_tag-z482-es","9":"pa_merk-avant-es","10":"pa_merk-kubota-es","11":"pa_motor-z482-es","13":"first","14":"instock","15":"taxable","16":"shipping-taxable","17":"purchasable","18":"product-type-simple","19":"col-xs-6 col-sm-4","20":"col-md-3 col-lg-3","21":"un-4-cols"},"_links":{"self":[{"href":"https:\/\/shop4trac.com\/es\/wp-json\/wp\/v2\/product\/33912","targetHints":{"allow":["GET"]}}],"collection":[{"href":"https:\/\/shop4trac.com\/es\/wp-json\/wp\/v2\/product"}],"about":[{"href":"https:\/\/shop4trac.com\/es\/wp-json\/wp\/v2\/types\/product"}],"replies":[{"embeddable":true,"href":"https:\/\/shop4trac.com\/es\/wp-json\/wp\/v2\/comments?post=33912"}],"wp:featuredmedia":[{"embeddable":true,"href":"https:\/\/shop4trac.com\/es\/wp-json\/wp\/v2\/media\/165834"}],"wp:attachment":[{"href":"https:\/\/shop4trac.com\/es\/wp-json\/wp\/v2\/media?parent=33912"}],"wp:term":[{"taxonomy":"product_cat","embeddable":true,"href":"https:\/\/shop4trac.com\/es\/wp-json\/wp\/v2\/product_cat?post=33912"},{"taxonomy":"product_tag","embeddable":true,"href":"https:\/\/shop4trac.com\/es\/wp-json\/wp\/v2\/product_tag?post=33912"}],"curies":[{"name":"wp","href":"https:\/\/api.w.org\/{rel}","templated":true}]}}