{"id":30524,"date":"2021-01-19T11:34:18","date_gmt":"2021-01-19T10:34:18","guid":{"rendered":"https:\/\/shop4trac.com\/?post_type=product&#038;p=30524"},"modified":"2025-12-13T21:12:59","modified_gmt":"2025-12-13T19:12:59","slug":"junta-de-culata-motor-l2e","status":"publish","type":"product","link":"https:\/\/shop4trac.com\/es\/partes-de-motor\/junta-de-culata\/junta-de-culata-motor-l2e\/","title":{"rendered":"Junta de culata Mitsubishi L2E \u2013 L2E-61 Casalini | Sol\u00e9 | Vetus"},"content":{"rendered":"<p>\u00a1Esta junta de culata es de <strong>alta<\/strong> calidad y los modelos compatibles han sido seleccionados con mucho cuidado!<\/p>\n<p><strong> Motor Mitsubishi<\/strong><\/p>\n<ul>\n<li>L2E-31MR, L2E-61ES, L2E-61SDH, L2E-61WH, L2E<\/li>\n<\/ul>\n<p><strong>Grupo electr\u00f3geno AMI<\/strong><\/p>\n<ul>\n<li>GS 0007 M 32S<\/li>\n<\/ul>\n<p><strong>Gato mont\u00e9s<\/strong><\/p>\n<ul>\n<li>X119<\/li>\n<\/ul>\n<p><strong>Casalini<\/strong><\/p>\n<ul>\n<li>M10<\/li>\n<\/ul>\n<p><strong>Giese BHKW<\/strong><\/p>\n<ul>\n<li>HB 3-5<\/li>\n<\/ul>\n<p><strong>Sol\u00e9 Diesel<\/strong><\/p>\n<ul>\n<li>G5-28V, Grupo electr\u00f3geno marino, Marine Mini 17, Marine G-8T-3, Marine Mini 11\/E, Marine G-8M-3, Aplicaci\u00f3n marina<\/li>\n<\/ul>\n<p><strong>Power Fab<\/strong><\/p>\n<ul>\n<li>Mini<\/li>\n<\/ul>\n<p><strong>Optimess BHKW<\/strong><\/p>\n<ul>\n<li>Tigre 4\/8 PPN<\/li>\n<\/ul>\n<p><strong>Mitsubishi Transport Refridgeration<\/strong><\/p>\n<ul>\n<li>TNW4E, TNW5EA, TU42DX, TNW4EA, TU42D, TNW5E<\/li>\n<\/ul>\n<p><strong>Ref-Trans<\/strong><\/p>\n<ul>\n<li>Ref-Unit, Unidad de refrigeraci\u00f3n<\/li>\n<\/ul>\n<p><strong>Ingersoll-Rand<\/strong><\/p>\n<ul>\n<li>FX 130, G8<\/li>\n<\/ul>\n<p><strong>Pel trabajo<\/strong><\/p>\n<ul>\n<li>EB10, ED750<\/li>\n<\/ul>\n<p><strong>Generador Teksan<\/strong><\/p>\n<ul>\n<li>TJ10MS<\/li>\n<\/ul>\n<p><strong>Cargadora sobre ruedas Weidemann<\/strong><\/p>\n<ul>\n<li>811D\/M, 1010D\/M, 911D\/M<\/li>\n<\/ul>\n<p><strong>Vetus<\/strong><\/p>\n<ul>\n<li>M2.06<\/li>\n<\/ul>\n<p><strong>Perforaci\u00f3n<\/strong><\/p>\n<ul>\n<li>76,5 mm<\/li>\n<\/ul>\n<p><strong>OEM para referencia<\/strong><\/p>\n<ul>\n<li>MM43246201<\/li>\n<\/ul>\n","protected":false},"excerpt":{"rendered":"<p>\u00a1Esta junta de culata es de alta calidad y los modelos compatibles han sido seleccionados con mucho cuidado! Motor Mitsubishi L2E-31MR, L2E-61ES, L2E-61SDH, L2E-61WH, L2E Grupo electr\u00f3geno AMI GS 0007 M 32S Gato mont\u00e9s X119 Casalini M10 Giese BHKW HB 3-5 Sol\u00e9 Diesel G5-28V, Grupo electr\u00f3geno marino, Marine Mini 17, Marine G-8T-3, Marine Mini 11\/E,&hellip;<\/p>\n","protected":false},"featured_media":86865,"comment_status":"open","ping_status":"closed","template":"","meta":[],"product_cat":[503],"product_tag":[3897],"class_list":{"0":"post-30524","1":"product","2":"type-product","3":"status-publish","4":"has-post-thumbnail","6":"product_cat-junta-de-culata","7":"product_tag-snelparts-es","8":"pa_merk-bobcat-es","9":"pa_merk-casalini-es","10":"pa_merk-kumiai-es","11":"pa_merk-mitsubishi-es","12":"pa_merk-vetus-es","13":"pa_merk-weidemann-es","14":"pa_motor-l2e-es","16":"first","17":"instock","18":"taxable","19":"shipping-taxable","20":"purchasable","21":"product-type-simple","22":"col-xs-6 col-sm-4","23":"col-md-3 col-lg-3","24":"un-4-cols"},"_links":{"self":[{"href":"https:\/\/shop4trac.com\/es\/wp-json\/wp\/v2\/product\/30524","targetHints":{"allow":["GET"]}}],"collection":[{"href":"https:\/\/shop4trac.com\/es\/wp-json\/wp\/v2\/product"}],"about":[{"href":"https:\/\/shop4trac.com\/es\/wp-json\/wp\/v2\/types\/product"}],"replies":[{"embeddable":true,"href":"https:\/\/shop4trac.com\/es\/wp-json\/wp\/v2\/comments?post=30524"}],"wp:featuredmedia":[{"embeddable":true,"href":"https:\/\/shop4trac.com\/es\/wp-json\/wp\/v2\/media\/86865"}],"wp:attachment":[{"href":"https:\/\/shop4trac.com\/es\/wp-json\/wp\/v2\/media?parent=30524"}],"wp:term":[{"taxonomy":"product_cat","embeddable":true,"href":"https:\/\/shop4trac.com\/es\/wp-json\/wp\/v2\/product_cat?post=30524"},{"taxonomy":"product_tag","embeddable":true,"href":"https:\/\/shop4trac.com\/es\/wp-json\/wp\/v2\/product_tag?post=30524"}],"curies":[{"name":"wp","href":"https:\/\/api.w.org\/{rel}","templated":true}]}}