{"id":30056,"date":"2021-01-10T16:41:17","date_gmt":"2021-01-10T15:41:17","guid":{"rendered":"https:\/\/shop4trac.com\/?post_type=product&#038;p=30056"},"modified":"2025-08-01T18:14:32","modified_gmt":"2025-08-01T16:14:32","slug":"iseki-silla-apta-para-diferentes-modelos","status":"publish","type":"product","link":"https:\/\/shop4trac.com\/es\/otras-partes\/asiento-mini-tractores\/iseki-silla-apta-para-diferentes-modelos\/","title":{"rendered":"Asiento Iseki TS | TL | TX1000 \u2013 TX2160"},"content":{"rendered":"<p>Asiento Iseki apto para varios modelos. La silla est\u00e1 hecha de un material suave, por lo que tiene un asiento c\u00f3modo. Es muy agradable trabajar con \u00e9l durante largos periodos de tiempo. En los modelos siguientes, la silla se ajusta al 100%.<\/p>\n<p><strong>Iseki<\/strong><\/p>\n<ul>\n<li>TX1000, TX1210, TX1300, TX1410, TX145, TX1500, TX1510, TX155, TX2140, TX2160<\/li>\n<li>TX1210F, TX1300F, TX1410F, TX145F, TX1500F, TX1510F, TX155F, TX2140F, TX2160F<\/li>\n<li>TS1610, TS1910, TS2200, TS2202, TS2205, TS2210, TS2220, TS2400, TS2500<\/li>\n<li>TL1700, TL1900, TL2100, TL2300, TL2500, TL2700<\/li>\n<\/ul>\n<p>Tambi\u00e9n es adecuado para otros modelos, pero es necesario recortar ligeramente la parte inferior.<\/p>\n","protected":false},"excerpt":{"rendered":"<p>Asiento Iseki apto para varios modelos. La silla est\u00e1 hecha de un material suave, por lo que tiene un asiento c\u00f3modo. Es muy agradable trabajar con \u00e9l durante largos periodos de tiempo. En los modelos siguientes, la silla se ajusta al 100%. Iseki TX1000, TX1210, TX1300, TX1410, TX145, TX1500, TX1510, TX155, TX2140, TX2160 TX1210F, TX1300F,&hellip;<\/p>\n","protected":false},"featured_media":30052,"comment_status":"open","ping_status":"closed","template":"","meta":[],"product_cat":[492],"product_tag":[3897],"class_list":{"0":"post-30056","1":"product","2":"type-product","3":"status-publish","4":"has-post-thumbnail","6":"product_cat-asiento-mini-tractores","7":"product_tag-snelparts-es","8":"pa_merk-bolens-es","9":"pa_merk-iseki-es","11":"first","12":"instock","13":"sale","14":"taxable","15":"shipping-taxable","16":"product-type-simple","17":"col-xs-6 col-sm-4","18":"col-md-3 col-lg-3","19":"un-4-cols"},"_links":{"self":[{"href":"https:\/\/shop4trac.com\/es\/wp-json\/wp\/v2\/product\/30056","targetHints":{"allow":["GET"]}}],"collection":[{"href":"https:\/\/shop4trac.com\/es\/wp-json\/wp\/v2\/product"}],"about":[{"href":"https:\/\/shop4trac.com\/es\/wp-json\/wp\/v2\/types\/product"}],"replies":[{"embeddable":true,"href":"https:\/\/shop4trac.com\/es\/wp-json\/wp\/v2\/comments?post=30056"}],"wp:featuredmedia":[{"embeddable":true,"href":"https:\/\/shop4trac.com\/es\/wp-json\/wp\/v2\/media\/30052"}],"wp:attachment":[{"href":"https:\/\/shop4trac.com\/es\/wp-json\/wp\/v2\/media?parent=30056"}],"wp:term":[{"taxonomy":"product_cat","embeddable":true,"href":"https:\/\/shop4trac.com\/es\/wp-json\/wp\/v2\/product_cat?post=30056"},{"taxonomy":"product_tag","embeddable":true,"href":"https:\/\/shop4trac.com\/es\/wp-json\/wp\/v2\/product_tag?post=30056"}],"curies":[{"name":"wp","href":"https:\/\/api.w.org\/{rel}","templated":true}]}}