{"id":28384,"date":"2020-12-17T17:26:03","date_gmt":"2020-12-17T16:26:03","guid":{"rendered":"https:\/\/shop4trac.com\/sin%20categor\u00eda\/culata-mitsubishi-s4l\/"},"modified":"2025-10-19T21:52:21","modified_gmt":"2025-10-19T19:52:21","slug":"culata-mitsubishi-s4l","status":"publish","type":"product","link":"https:\/\/shop4trac.com\/es\/partes-de-motor\/culata-del-motor\/culata-mitsubishi-s4l\/","title":{"rendered":"Culata Completa Mitsubishi S4L | S4L2 | Vetus | Suela | Deutz | Atlas"},"content":{"rendered":"<p>Se trata de una <span style=\"text-decoration: underline;\">nueva<\/span> culata fabricada con material de alta calidad. Los asientos de v\u00e1lvula ya est\u00e1n montados y listos para usar. Los modelos compatibles que figuran a continuaci\u00f3n se han buscado con sumo cuidado en la culata.<\/p>\n<p><span style=\"text-decoration: underline;\"><strong>1. Variaci\u00f3n: Culata completa<\/strong><\/span><\/p>\n<p class=\"p1\"><b>Culata completa con v\u00e1lvulas y muelles \u2013 lista para montar directamente<\/b><b><\/b><\/p>\n<p class=\"p2\">Esta culata se entrega como una pieza completamente montada, incluyendo v\u00e1lvulas y muelles. Esto significa que no tiene que dedicar tiempo a transferir o ajustar componentes internos. <\/p>\n<p class=\"p2\">\u2705 Totalmente ensamblada<\/p>\n<p class=\"p2\">\u2705 Incluye v\u00e1lvulas y muelles<\/p>\n<p class=\"p2\">\u2705 No requiere ajustes adicionales<\/p>\n<p class=\"p2\">\u2705 Lista para su montaje directo<\/p>\n<p class=\"p2\">Esta versi\u00f3n es ideal para aquellos que quieren volver a la carretera r\u00e1pidamente sin horas de taller adicionales o el riesgo de un montaje incorrecto.<\/p>\n<p><span style=\"text-decoration: underline;\"><strong>culata completa con v\u00e1lvulas y muelles.<\/strong><\/span><\/p>\n<p><strong>2. Variaci\u00f3n: Culata desnuda<\/strong><\/p>\n<p>\u2705Los asientos de las v\u00e1lvulas ya est\u00e1n montados y listos para usar<\/p>\n<p>La culata es adecuada para los siguientes modelos<\/p>\n<p><strong>Motores Mitsubishi<\/strong><\/p>\n<ul>\n<li>S4L, S4L2, S4L-61KL, S4L-Y162KL, S4L-Y262KL<\/li>\n<\/ul>\n<p><strong>Mitsubishi<\/strong><\/p>\n<ul>\n<li>MT246<\/li>\n<\/ul>\n<p>Aqu\u00ed est\u00e1n los listados por marca:<\/p>\n<p><strong>Atlas<\/strong>:<\/p>\n<ul>\n<li>Miniexcavadora AM29R<\/li>\n<li>Miniexcavadora AM35R<\/li>\n<\/ul>\n<p><strong>Deutz-Fahr<\/strong><\/p>\n<ul>\n<li>Mini tractor Agrokid 30<\/li>\n<li>Mini tractor Agrokid 40<\/li>\n<li>Mini tractor Agrokid 50<\/li>\n<\/ul>\n<p><strong>Lamborghini<\/strong><\/p>\n<ul>\n<li>Tractor 1,30 R$<\/li>\n<li>Tractor 1,40 R$<\/li>\n<li>Tractor 1,50 R$<\/li>\n<\/ul>\n<p><strong>Mitsubish<\/strong><\/p>\n<ul>\n<li>Tractor MT265MFYS6<\/li>\n<li>Excavadora MM35T<\/li>\n<li>Excavadora MM40CR<\/li>\n<li>Miniexcavadora MM40SR<\/li>\n<\/ul>\n<p><strong>Mismo<\/strong><\/p>\n<ul>\n<li>Tractor Solaris 40<\/li>\n<li>Tractor Solaris 30<\/li>\n<li>Tractor Solaris 50<\/li>\n<\/ul>\n<p><strong>zepel\u00edn<\/strong><\/p>\n<ul>\n<li>Excavadora ZR25<\/li>\n<li>Excavadora ZR35<\/li>\n<\/ul>\n<p><strong>O&amp;K<\/strong><\/p>\n<ul>\n<li>Miniexcavadora RH 1.29<\/li>\n<li>Miniexcavadora RH 1.35<\/li>\n<\/ul>\n<p><strong>Vetus<\/strong><\/p>\n<ul>\n<li>Marina M4.15<\/li>\n<li>Marina M4.17<\/li>\n<\/ul>\n<p><strong>Montana<\/strong><\/p>\n<ul>\n<li>Tractor compacto 3040<\/li>\n<li>Tractor compacto 3940<\/li>\n<li>Tractor compacto 3840<\/li>\n<\/ul>\n<p><strong>Schaeff Terex<\/strong><\/p>\n<ul>\n<li>Excavadora HR14<\/li>\n<li>Excavadora TC29<\/li>\n<li>Excavadora TC35<\/li>\n<li>Excavadora TC37<\/li>\n<li>Excavadora HR3.7<\/li>\n<li>Excavadora HR16<\/li>\n<li>Excavadora HR16A<\/li>\n<\/ul>\n<p><strong>Terex-Schaeff<\/strong><\/p>\n<ul>\n<li>Excavadora HR14<\/li>\n<li>Excavadora HR16<\/li>\n<li>Excavadora TC29<\/li>\n<li>Excavadora TC35<\/li>\n<li>Excavadora HR16A<\/li>\n<li>Excavadora TC37<\/li>\n<li>Excavadora HR3.7<\/li>\n<\/ul>\n<p><strong>New Holland<\/strong> Kobelco Construction Machinery S.p.A.:<\/p>\n<ul>\n<li>Excavadora EC25<\/li>\n<li>Excavadora EC35<\/li>\n<\/ul>\n<p><strong>AMI<\/strong>:<\/p>\n<ul>\n<li>Grupo electr\u00f3geno GS 0013 M 32S<\/li>\n<li>Grupo electr\u00f3geno GS 0025 M 32S<\/li>\n<\/ul>\n<p><strong>Broadcrown<\/strong>:<\/p>\n<ul>\n<li>Grupo electr\u00f3geno BCM 12-50SP E2<\/li>\n<li>Grupo electr\u00f3geno BCM 16-50 E2<\/li>\n<li>Grupo electr\u00f3geno BCM 15-60SP iT4<\/li>\n<li>Grupo electr\u00f3geno BCM 15-60SP<\/li>\n<li>Grupo electr\u00f3geno BCM 15-60<\/li>\n<\/ul>\n<p><strong>Eisemann<\/strong>:<\/p>\n<ul>\n<li>Generador P 15000 DE<\/li>\n<li>Generador P 15001 DE<\/li>\n<li>Generador T 15000 DE<\/li>\n<\/ul>\n<p><strong>Geko<\/strong>:<\/p>\n<ul>\n<li>Generador DH\/S 15 MF<\/li>\n<li>Generador DH\/S 15<\/li>\n<\/ul>\n<p><strong>Magnum<\/strong>:<\/p>\n<ul>\n<li>Generador de luz Magnum MLG15<\/li>\n<li>Torre de iluminaci\u00f3n Magnum MLT5150<\/li>\n<li>Torre de iluminaci\u00f3n Magnum MLT4150<\/li>\n<\/ul>\n<p><strong>Nilfisk-Alto:<\/strong><\/p>\n<ul>\n<li>Barredora\/fregadora ATS 46<\/li>\n<li>Barredora\/fregadora ATS 53<\/li>\n<\/ul>\n<p><strong>Pronar<\/strong>:<\/p>\n<ul>\n<li>Tractor 320 AMK<\/li>\n<li>Tractor 320<\/li>\n<li>Tractor 320 AM<\/li>\n<\/ul>\n<p><strong>Sol\u00e9 Diesel:<\/strong><\/p>\n<ul>\n<li>Marine G-15M-15<\/li>\n<li>Marina G-25T-3<\/li>\n<li>Mini 44 azul marino<\/li>\n<li>Marina G-25M-3<\/li>\n<li>Marina G-15T-15<\/li>\n<li>Marina Mini 55<\/li>\n<\/ul>\n<p><strong>Teksan Generator<\/strong><\/p>\n<ul>\n<li>Generador TJ16MS<\/li>\n<li>Generador TJ27MS<\/li>\n<\/ul>\n<p><strong>Ingersoll Rand<\/strong><\/p>\n<ul>\n<li>Generador G16<\/li>\n<li>Generador G17<\/li>\n<li>Generador G23<\/li>\n<\/ul>\n<p><strong>Weidemann<\/strong><\/p>\n<ul>\n<li>Cargadora de ruedas 1070D\/M<\/li>\n<\/ul>\n<p><strong>Technogen<\/strong><\/p>\n<ul>\n<li>Generador MI17T \/ 4SX<\/li>\n<li>Generador MI17 \/ 4SX<\/li>\n<\/ul>\n<p><strong>Volvo<\/strong><\/p>\n<ul>\n<li>Excavadora EC35<\/li>\n<\/ul>\n<p><strong>OEM como referencia<\/strong><\/p>\n<ul>\n<li>31A01-33300<\/li>\n<\/ul>\n","protected":false},"excerpt":{"rendered":"<p>Se trata de una nueva culata fabricada con material de alta calidad. Los asientos de v\u00e1lvula ya est\u00e1n montados y listos para usar. Los modelos compatibles que figuran a continuaci\u00f3n se han buscado con sumo cuidado en la culata. 1. Variaci\u00f3n: Culata completa Culata completa con v\u00e1lvulas y muelles \u2013 lista para montar directamente Esta&hellip;<\/p>\n","protected":false},"featured_media":153389,"comment_status":"open","ping_status":"closed","template":"","meta":[],"product_cat":[496],"product_tag":[2795,3897],"class_list":{"0":"post-28384","1":"product","2":"type-product","3":"status-publish","4":"has-post-thumbnail","6":"product_cat-culata-del-motor","7":"product_tag-s4l-es","8":"product_tag-snelparts-es","9":"pa_merk-atlas-es","10":"pa_merk-deutz-es","11":"pa_merk-mahindra-es","12":"pa_merk-mitsubishi-es","13":"pa_merk-new-holland-es","14":"pa_merk-sole-diesel-es","15":"pa_merk-vetus-es","16":"pa_merk-volvo-es","17":"pa_motor-s4l-es","18":"pa_motor-s4l2-es","20":"first","21":"instock","22":"sale","23":"taxable","24":"shipping-taxable","25":"purchasable","26":"product-type-variable","27":"col-xs-6 col-sm-4","28":"col-md-3 col-lg-3","29":"un-4-cols"},"_links":{"self":[{"href":"https:\/\/shop4trac.com\/es\/wp-json\/wp\/v2\/product\/28384","targetHints":{"allow":["GET"]}}],"collection":[{"href":"https:\/\/shop4trac.com\/es\/wp-json\/wp\/v2\/product"}],"about":[{"href":"https:\/\/shop4trac.com\/es\/wp-json\/wp\/v2\/types\/product"}],"replies":[{"embeddable":true,"href":"https:\/\/shop4trac.com\/es\/wp-json\/wp\/v2\/comments?post=28384"}],"wp:featuredmedia":[{"embeddable":true,"href":"https:\/\/shop4trac.com\/es\/wp-json\/wp\/v2\/media\/153389"}],"wp:attachment":[{"href":"https:\/\/shop4trac.com\/es\/wp-json\/wp\/v2\/media?parent=28384"}],"wp:term":[{"taxonomy":"product_cat","embeddable":true,"href":"https:\/\/shop4trac.com\/es\/wp-json\/wp\/v2\/product_cat?post=28384"},{"taxonomy":"product_tag","embeddable":true,"href":"https:\/\/shop4trac.com\/es\/wp-json\/wp\/v2\/product_tag?post=28384"}],"curies":[{"name":"wp","href":"https:\/\/api.w.org\/{rel}","templated":true}]}}