{"id":24939,"date":"2020-07-16T10:36:23","date_gmt":"2020-07-16T09:36:23","guid":{"rendered":"https:\/\/shop4trac.com\/sin%20categor\u00eda\/piston-kubota-z600\/"},"modified":"2025-08-01T18:16:25","modified_gmt":"2025-08-01T16:16:25","slug":"piston-kubota-z600","status":"publish","type":"product","link":"https:\/\/shop4trac.com\/es\/partes-de-motor\/pistones\/piston-kubota-z600\/","title":{"rendered":"Motor de Pist\u00f3n Kubota Z600 | V1100"},"content":{"rendered":"<p>Pist\u00f3n adecuado para motores Kubota Z600:<\/p>\n<ul>\n<li>Z600, ZB600, ZH600<\/li>\n<li>V1100<\/li>\n<\/ul>\n<p>Di\u00e1metro: 72 mm<\/p>\n<p>Utilizado en gr\u00faas Kubota KH-05, entre otras.<\/p>\n<p><strong>Kubota<\/strong><\/p>\n<ul>\n<li>B4200, GL5500, GL6500<\/li>\n<\/ul>\n<p><strong>OEM para referencia<\/strong><\/p>\n<ul>\n<li>15549-2111-0, 1554921110, 15549-21110, 1554921910<\/li>\n<\/ul>\n<p><strong>Sch\u00e4ffer<\/strong><\/p>\n<ul>\n<li>214<\/li>\n<\/ul>\n","protected":false},"excerpt":{"rendered":"<p>Pist\u00f3n adecuado para motores Kubota Z600: Z600, ZB600, ZH600 V1100 Di\u00e1metro: 72 mm Utilizado en gr\u00faas Kubota KH-05, entre otras. Kubota B4200, GL5500, GL6500 OEM para referencia 15549-2111-0, 1554921110, 15549-21110, 1554921910 Sch\u00e4ffer 214<\/p>\n","protected":false},"featured_media":188970,"comment_status":"open","ping_status":"closed","template":"","meta":[],"product_cat":[509],"product_tag":[3897],"class_list":{"0":"post-24939","1":"product","2":"type-product","3":"status-publish","4":"has-post-thumbnail","6":"product_cat-pistones","7":"product_tag-snelparts-es","8":"pa_merk-kubota-es","9":"pa_model-b4200-es","10":"pa_model-gl5500-es","11":"pa_model-gl6500-es","12":"pa_motor-z600-es","14":"first","15":"instock","16":"taxable","17":"shipping-taxable","18":"purchasable","19":"product-type-simple","20":"col-xs-6 col-sm-4","21":"col-md-3 col-lg-3","22":"un-4-cols"},"_links":{"self":[{"href":"https:\/\/shop4trac.com\/es\/wp-json\/wp\/v2\/product\/24939","targetHints":{"allow":["GET"]}}],"collection":[{"href":"https:\/\/shop4trac.com\/es\/wp-json\/wp\/v2\/product"}],"about":[{"href":"https:\/\/shop4trac.com\/es\/wp-json\/wp\/v2\/types\/product"}],"replies":[{"embeddable":true,"href":"https:\/\/shop4trac.com\/es\/wp-json\/wp\/v2\/comments?post=24939"}],"wp:featuredmedia":[{"embeddable":true,"href":"https:\/\/shop4trac.com\/es\/wp-json\/wp\/v2\/media\/188970"}],"wp:attachment":[{"href":"https:\/\/shop4trac.com\/es\/wp-json\/wp\/v2\/media?parent=24939"}],"wp:term":[{"taxonomy":"product_cat","embeddable":true,"href":"https:\/\/shop4trac.com\/es\/wp-json\/wp\/v2\/product_cat?post=24939"},{"taxonomy":"product_tag","embeddable":true,"href":"https:\/\/shop4trac.com\/es\/wp-json\/wp\/v2\/product_tag?post=24939"}],"curies":[{"name":"wp","href":"https:\/\/api.w.org\/{rel}","templated":true}]}}