{"id":24454,"date":"2020-06-23T11:37:50","date_gmt":"2020-06-23T10:37:50","guid":{"rendered":"https:\/\/shop4trac.com\/sin%20categor\u00eda\/juego-de-juntas-mitsubishi-k4f-motor\/"},"modified":"2026-02-17T10:24:56","modified_gmt":"2026-02-17T09:24:56","slug":"juego-completo-de-juntas-motor-k4f-mitsubishi","status":"publish","type":"product","link":"https:\/\/shop4trac.com\/es\/partes-de-motor\/juego-de-juntas\/juego-completo-de-juntas-motor-k4f-mitsubishi\/","title":{"rendered":"Juego completo de juntas Mitsubishi K4F | Deutz | Same"},"content":{"rendered":"<p>\u00a1Esta junta de culata con juego de juntas es de alta calidad y los modelos compatibles se han seleccionado con mucho cuidado!<\/p>\n<p>Paquete completo con juntas para; <strong>junta de cabeza (juego)<\/strong> , <strong>sello de cig\u00fce\u00f1al delantero y trasero<\/strong> , <strong>sellos de v\u00e1stago de v\u00e1lvula<\/strong> , <strong>juntas de escape<\/strong> , <strong>juntas de admisi\u00f3n<\/strong> , <strong>sellos<\/strong> y otras <strong>juntas<\/strong> como en la foto.<\/p>\n<p><strong>mitsubishi<\/strong><\/p>\n<ul>\n<li>K4F-D31DS, K4F-DT, K4F-DT51WS, K4F-E1, K4F-E1T<\/li>\n<li>K4F, K4F Indirecto, K4F Directo<\/li>\n<\/ul>\n<p><strong>mitsubishi<\/strong><\/p>\n<ul>\n<li>MT25, MT26, MT27, MT30, MT33<\/li>\n<\/ul>\n<p><strong>Deutz-Fahr<\/strong><\/p>\n<ul>\n<li>Agrokid 35 A, Agrokid 45 A,<\/li>\n<\/ul>\n<p><strong>Lamborghini<\/strong><\/p>\n<ul>\n<li>Runner 350, Runner 450,<\/li>\n<\/ul>\n<p><strong>Mismo<\/strong><\/p>\n<ul>\n<li>Solaris 35,<\/li>\n<\/ul>\n<p><strong>Motoniveladora Mitsubishi<\/strong><\/p>\n<ul>\n<li>WS200A-II, WS300A-II, WS200A, WS410, WS 704, WS 705, WS 706,<\/li>\n<\/ul>\n<p><strong>Hanix<\/strong><\/p>\n<ul>\n<li>S&amp;B15W, S&amp;BX1.<\/li>\n<\/ul>\n<p><strong>OEM para referencia<\/strong><\/p>\n<ul>\n<li>MM436-941, MM430-980<\/li>\n<li>MM408-502<\/li>\n<li>MM408-322<\/li>\n<li>MM408-235<\/li>\n<li>MM408-226<\/li>\n<li>MM408-580<\/li>\n<li>MM408-577<\/li>\n<li>MM408-552<\/li>\n<li>MM408-566<\/li>\n<li>MM407-422 ,<\/li>\n<li>MD000-551<\/li>\n<li>MD016-490<\/li>\n<li>MD008-762<\/li>\n<li>MM40-242<\/li>\n<li>MM406-228<\/li>\n<li>\n<\/li>\n<\/ul>\n","protected":false},"excerpt":{"rendered":"<p>\u00a1Esta junta de culata con juego de juntas es de alta calidad y los modelos compatibles se han seleccionado con mucho cuidado! Paquete completo con juntas para; junta de cabeza (juego) , sello de cig\u00fce\u00f1al delantero y trasero , sellos de v\u00e1stago de v\u00e1lvula , juntas de escape , juntas de admisi\u00f3n , sellos y&hellip;<\/p>\n","protected":false},"featured_media":70932,"comment_status":"open","ping_status":"closed","template":"","meta":[],"product_cat":[505],"product_tag":[2762,3897],"class_list":{"0":"post-24454","1":"product","2":"type-product","3":"status-publish","4":"has-post-thumbnail","6":"product_cat-juego-de-juntas","7":"product_tag-k4f-es","8":"product_tag-snelparts-es","9":"pa_merk-deutz-es","10":"pa_merk-hanix-es","11":"pa_merk-mitsubishi-es","12":"pa_motor-k4f-es","14":"first","15":"instock","16":"sale","17":"taxable","18":"shipping-taxable","19":"purchasable","20":"product-type-simple","21":"col-xs-6 col-sm-4","22":"col-md-3 col-lg-3","23":"un-4-cols"},"_links":{"self":[{"href":"https:\/\/shop4trac.com\/es\/wp-json\/wp\/v2\/product\/24454","targetHints":{"allow":["GET"]}}],"collection":[{"href":"https:\/\/shop4trac.com\/es\/wp-json\/wp\/v2\/product"}],"about":[{"href":"https:\/\/shop4trac.com\/es\/wp-json\/wp\/v2\/types\/product"}],"replies":[{"embeddable":true,"href":"https:\/\/shop4trac.com\/es\/wp-json\/wp\/v2\/comments?post=24454"}],"wp:featuredmedia":[{"embeddable":true,"href":"https:\/\/shop4trac.com\/es\/wp-json\/wp\/v2\/media\/70932"}],"wp:attachment":[{"href":"https:\/\/shop4trac.com\/es\/wp-json\/wp\/v2\/media?parent=24454"}],"wp:term":[{"taxonomy":"product_cat","embeddable":true,"href":"https:\/\/shop4trac.com\/es\/wp-json\/wp\/v2\/product_cat?post=24454"},{"taxonomy":"product_tag","embeddable":true,"href":"https:\/\/shop4trac.com\/es\/wp-json\/wp\/v2\/product_tag?post=24454"}],"curies":[{"name":"wp","href":"https:\/\/api.w.org\/{rel}","templated":true}]}}