{"id":24320,"date":"2020-06-18T11:15:58","date_gmt":"2020-06-18T10:15:58","guid":{"rendered":"https:\/\/shop4trac.com\/sin%20categor\u00eda\/juego-de-juntas-iseki-k3c\/"},"modified":"2025-08-01T18:18:30","modified_gmt":"2025-08-01T16:18:30","slug":"juego-de-juntas-iseki-kc3-completo","status":"publish","type":"product","link":"https:\/\/shop4trac.com\/es\/partes-de-motor\/juego-de-juntas\/juego-de-juntas-iseki-kc3-completo\/","title":{"rendered":"Juego de juntas Iseki | Mitsubishi K3C completo"},"content":{"rendered":"<p>\u00a1Esta junta de culata con juego de juntas es de alta calidad y los modelos compatibles se han seleccionado con mucho cuidado!<\/p>\n<p>Paquete completo con juntas para; <strong>junta de culata(juego)<\/strong>, <strong>juntas de cig\u00fce\u00f1al delanteras y traseras<\/strong>, <strong>juntas de v\u00e1stago de v\u00e1lvula<\/strong>, <strong>junta de c\u00e1rter<\/strong>, <strong>juntas de escape<\/strong>, <strong>juntas de admisi\u00f3n<\/strong>, <strong>juntas<\/strong> y otras <strong>juntas como<\/strong>en la foto.<\/p>\n<p><strong>Motor Mitsubishi<\/strong><\/p>\n<ul>\n<li>K3C<\/li>\n<\/ul>\n<p><strong>Iseki<\/strong><\/p>\n<ul>\n<li>TU150, TU155, TU157, TU1600<\/li>\n<\/ul>\n<p><strong>Mitsubishi<\/strong><\/p>\n<ul>\n<li>MT180, MT1601, MT1601D<\/li>\n<\/ul>\n<p><strong>Eurotrac<\/strong><\/p>\n<ul>\n<li>VST180D<\/li>\n<\/ul>\n<p><strong>OEM de referencia<\/strong><\/p>\n<ul>\n<li>MM408-447, MM408-321, MM408-501<\/li>\n<\/ul>\n","protected":false},"excerpt":{"rendered":"<p>\u00a1Esta junta de culata con juego de juntas es de alta calidad y los modelos compatibles se han seleccionado con mucho cuidado! Paquete completo con juntas para; junta de culata(juego), juntas de cig\u00fce\u00f1al delanteras y traseras, juntas de v\u00e1stago de v\u00e1lvula, junta de c\u00e1rter, juntas de escape, juntas de admisi\u00f3n, juntas y otras juntas comoen&hellip;<\/p>\n","protected":false},"featured_media":102381,"comment_status":"open","ping_status":"closed","template":"","meta":[],"product_cat":[505],"product_tag":[2743,3897],"class_list":{"0":"post-24320","1":"product","2":"type-product","3":"status-publish","4":"has-post-thumbnail","6":"product_cat-juego-de-juntas","7":"product_tag-k3c-es","8":"product_tag-snelparts-es","9":"pa_merk-iseki-es","10":"pa_merk-mitsubishi-es","11":"pa_motor-k3c-es","13":"first","14":"instock","15":"sale","16":"taxable","17":"shipping-taxable","18":"purchasable","19":"product-type-simple","20":"col-xs-6 col-sm-4","21":"col-md-3 col-lg-3","22":"un-4-cols"},"_links":{"self":[{"href":"https:\/\/shop4trac.com\/es\/wp-json\/wp\/v2\/product\/24320","targetHints":{"allow":["GET"]}}],"collection":[{"href":"https:\/\/shop4trac.com\/es\/wp-json\/wp\/v2\/product"}],"about":[{"href":"https:\/\/shop4trac.com\/es\/wp-json\/wp\/v2\/types\/product"}],"replies":[{"embeddable":true,"href":"https:\/\/shop4trac.com\/es\/wp-json\/wp\/v2\/comments?post=24320"}],"wp:featuredmedia":[{"embeddable":true,"href":"https:\/\/shop4trac.com\/es\/wp-json\/wp\/v2\/media\/102381"}],"wp:attachment":[{"href":"https:\/\/shop4trac.com\/es\/wp-json\/wp\/v2\/media?parent=24320"}],"wp:term":[{"taxonomy":"product_cat","embeddable":true,"href":"https:\/\/shop4trac.com\/es\/wp-json\/wp\/v2\/product_cat?post=24320"},{"taxonomy":"product_tag","embeddable":true,"href":"https:\/\/shop4trac.com\/es\/wp-json\/wp\/v2\/product_tag?post=24320"}],"curies":[{"name":"wp","href":"https:\/\/api.w.org\/{rel}","templated":true}]}}