{"id":24237,"date":"2020-06-12T11:14:52","date_gmt":"2020-06-12T10:14:52","guid":{"rendered":"https:\/\/shop4trac.com\/sin%20categor\u00eda\/prensa-de-embrague-hinomoto-type-1\/"},"modified":"2025-08-01T18:21:05","modified_gmt":"2025-08-01T16:21:05","slug":"prensa-de-embrague-hinomoto-type-1","status":"publish","type":"product","link":"https:\/\/shop4trac.com\/es\/embrague-transmision\/prensa-de-embrague\/prensa-de-embrague-hinomoto-type-1\/","title":{"rendered":"Mecanismo de embrague Hinomoto C142 \u2013 C174 | E14 \u2013 E154 | Gutbrod 4000 \u2013 4200 | 4250"},"content":{"rendered":"<h3><b>Mecanismo de embrague \u2013 Alta calidad<\/b><\/h3>\n<p class=\"p3\">Fiable y duradero <span class=\"s2\"><b>Mecanismo de embrague<\/b><\/span> Apto para varios minitractores. Fabricado con materiales resistentes al desgaste para una \u00f3ptima transmisi\u00f3n de potencia y una larga vida \u00fatil. <\/p>\n<p class=\"p3\">\u2705 Resistente a cargas elevadas<\/p>\n<p class=\"p3\">\u2705 Directamente listo para el montaje<\/p>\n<p class=\"p3\">Ideal como recambio en caso de desgaste o aver\u00eda del embrague.<\/p>\n<p><strong>Datos t\u00e9cnicos<\/strong><\/p>\n<ul>\n<li>Di\u00e1metro: 7,25\u2033, 185 mm<\/li>\n<\/ul>\n<p><strong>Hinomoto<\/strong><\/p>\n<ul>\n<li>C142, C144, C172, C174<\/li>\n<li>CX13, CX14, CX16, CX18, CX19, CX130, CX140, CX150<\/li>\n<li>\n<div>\n<p>E14, E15, E16, E150, E154<\/p>\n<\/div>\n<\/li>\n<\/ul>\n<p><strong>Massey Ferguson<\/strong><\/p>\n<ul>\n<li>1010<\/li>\n<\/ul>\n<p><strong>Allis Chalmers <\/strong><\/p>\n<ul>\n<li>5015<\/li>\n<\/ul>\n<p><strong>Deutz-Allis<\/strong><\/p>\n<ul>\n<li>5215<\/li>\n<\/ul>\n<p><strong>Simplicidad<\/strong><\/p>\n<ul>\n<li>9518<\/li>\n<\/ul>\n<p><strong>Gutbrod<\/strong><\/p>\n<ul>\n<li>4000, 4200, 4250<\/li>\n<li>4200H, 4250H<\/li>\n<\/ul>\n<p><strong>Suzue<\/strong><\/p>\n<ul>\n<li>150, 170, M1503, M1803, M2001<\/li>\n<\/ul>\n<p><strong>OEM para referencia<\/strong><\/p>\n<ul>\n<li>6192-6120-00-1, 2402-3200-00, 3002-3201-00, 6072-6120-00-1, 3002-3110-00, 6192-6110-00-1, 2402-3100-00, 2402-3305-00, 3281108M1, 72100765, 40TKD01, 0050-6002-04-0<\/li>\n<\/ul>\n","protected":false},"excerpt":{"rendered":"<p>Mecanismo de embrague \u2013 Alta calidad Fiable y duradero Mecanismo de embrague Apto para varios minitractores. Fabricado con materiales resistentes al desgaste para una \u00f3ptima transmisi\u00f3n de potencia y una larga vida \u00fatil. \u2705 Resistente a cargas elevadas \u2705 Directamente listo para el montaje Ideal como recambio en caso de desgaste o aver\u00eda del embrague.&hellip;<\/p>\n","protected":false},"featured_media":74691,"comment_status":"open","ping_status":"open","template":"","meta":[],"product_cat":[2025],"product_tag":[3897],"class_list":{"0":"post-24237","1":"product","2":"type-product","3":"status-publish","4":"has-post-thumbnail","6":"product_cat-prensa-de-embrague","7":"product_tag-snelparts-es","8":"pa_merk-allis-chalmers-es","9":"pa_merk-deutz-allis-es","10":"pa_merk-gutbrod-es","11":"pa_merk-hinomoto-es","12":"pa_merk-massey-ferguson-es","13":"pa_merk-simplicity-es","14":"pa_merk-suzue-es","16":"first","17":"instock","18":"sale","19":"taxable","20":"shipping-taxable","21":"purchasable","22":"product-type-simple","23":"col-xs-6 col-sm-4","24":"col-md-3 col-lg-3","25":"un-4-cols"},"_links":{"self":[{"href":"https:\/\/shop4trac.com\/es\/wp-json\/wp\/v2\/product\/24237","targetHints":{"allow":["GET"]}}],"collection":[{"href":"https:\/\/shop4trac.com\/es\/wp-json\/wp\/v2\/product"}],"about":[{"href":"https:\/\/shop4trac.com\/es\/wp-json\/wp\/v2\/types\/product"}],"replies":[{"embeddable":true,"href":"https:\/\/shop4trac.com\/es\/wp-json\/wp\/v2\/comments?post=24237"}],"wp:featuredmedia":[{"embeddable":true,"href":"https:\/\/shop4trac.com\/es\/wp-json\/wp\/v2\/media\/74691"}],"wp:attachment":[{"href":"https:\/\/shop4trac.com\/es\/wp-json\/wp\/v2\/media?parent=24237"}],"wp:term":[{"taxonomy":"product_cat","embeddable":true,"href":"https:\/\/shop4trac.com\/es\/wp-json\/wp\/v2\/product_cat?post=24237"},{"taxonomy":"product_tag","embeddable":true,"href":"https:\/\/shop4trac.com\/es\/wp-json\/wp\/v2\/product_tag?post=24237"}],"curies":[{"name":"wp","href":"https:\/\/api.w.org\/{rel}","templated":true}]}}