{"id":24231,"date":"2020-06-12T13:14:03","date_gmt":"2020-06-12T12:14:03","guid":{"rendered":"https:\/\/shop4trac.com\/sin%20categor\u00eda\/prensa-de-embrague-iseki-type-3\/"},"modified":"2025-08-01T18:20:33","modified_gmt":"2025-08-01T16:20:33","slug":"grupo-de-presion-iseki-tipo-3","status":"publish","type":"product","link":"https:\/\/shop4trac.com\/es\/embrague-transmision\/prensa-de-embrague\/grupo-de-presion-iseki-tipo-3\/","title":{"rendered":"Mecanismo de embrague Iseki TU120 \u2013 TU1600 | SIAL | Kubota Ast\u00e9 | Vado | Shibaura | Caso"},"content":{"rendered":"<h3><b>Mecanismo de embrague \u2013 Alta calidad<\/b><\/h3>\n<p class=\"p3\">Fiable y duradero <span class=\"s2\"><b>Mecanismo de embrague<\/b><\/span> Apto para varios minitractores. Fabricado con materiales resistentes al desgaste para una \u00f3ptima transmisi\u00f3n de potencia y una larga vida \u00fatil. <\/p>\n<p class=\"p3\">\u2705 Resistente a cargas elevadas<\/p>\n<p class=\"p3\">\u2705 Directamente listo para el montaje<\/p>\n<p class=\"p3\">Ideal como recambio en caso de desgaste o aver\u00eda del embrague.<\/p>\n<p><strong>Datos t\u00e9cnicos<\/strong><\/p>\n<ul>\n<li>Di\u00e1metro: 7,25\u2033, 185 mm<\/li>\n<\/ul>\n<p><strong>Iseki<\/strong><\/p>\n<ul>\n<li>Landhope TU120, TU130, TU135, TU137, TU140, TU147, TU145, TU150, TU155, TU157, TU160, TU167, TU165, TU170, TU175, TU177<\/li>\n<li>TU1400, TU1400F TU1500, TU1500F TU1600, TU1600F TU1401, TU1501, TU1601<\/li>\n<li>Sial 3, TF3, Sial 5, TF5, Sial15, TF15, Sial 20, TF20,<\/li>\n<li>TM17, TM215, TM217<\/li>\n<li>Sial 3, Sial 5, Sial 153, Sial 173, Sial 193<\/li>\n<li>TF321, TF317, TF317FH, TF321FH \u2013 \u00a1Embrague principal!<\/li>\n<\/ul>\n<p><strong>Kubota<\/strong><\/p>\n<ul>\n<li>A13, A14<\/li>\n<li>B1-14, B1-15<\/li>\n<li>L1501, L1511<\/li>\n<li>B1200, B1400, B1402, B1500, B1502<\/li>\n<li>B1550D, B1550E, B1550HSTD, B1550HSTE, B1750D, B1750E, B1750HSTD, B1750HSTE<\/li>\n<li>B5200D, B5200E, B6200D, B6200HSDE, B6200HSTD, B7200D, B7200HSTD, L185DT, L1501<\/li>\n<li>XB-1<\/li>\n<\/ul>\n<p><strong>Caso<\/strong><\/p>\n<ul>\n<li>234, 235<\/li>\n<li>DX24, DX26<\/li>\n<\/ul>\n<p><strong>Ford <\/strong><\/p>\n<ul>\n<li>1120, 1200, 1210, 1215, 1220<\/li>\n<\/ul>\n<p><strong>Nueva Holanda<\/strong><\/p>\n<ul>\n<li>TC18, TC21, TC23, TC24D, TC24DA<\/li>\n<\/ul>\n<p><strong>shibaura<\/strong><\/p>\n<ul>\n<li>S700, 1200, 1543, 2500<\/li>\n<li>ST318, ST320<\/li>\n<li>P15, P15F P17, P17F P155<\/li>\n<li>SL1503, SL1543, SL1703, SL1743<\/li>\n<li>SP1500, SP1540, SP1700, SP1740<\/li>\n<li>SU1500, SU1540<\/li>\n<\/ul>\n<p><strong>Massey ferguson<\/strong><\/p>\n<ul>\n<li>1010, 1120<\/li>\n<\/ul>\n<p><strong>OEM como referencia:<\/strong><\/p>\n<ul>\n<li>37150-14500, 67211-13300, 1273243<\/li>\n<li>149112021000<\/li>\n<li>1600-120-230-00, 160012023000<\/li>\n<\/ul>\n","protected":false},"excerpt":{"rendered":"<p>Mecanismo de embrague \u2013 Alta calidad Fiable y duradero Mecanismo de embrague Apto para varios minitractores. Fabricado con materiales resistentes al desgaste para una \u00f3ptima transmisi\u00f3n de potencia y una larga vida \u00fatil. \u2705 Resistente a cargas elevadas \u2705 Directamente listo para el montaje Ideal como recambio en caso de desgaste o aver\u00eda del embrague.&hellip;<\/p>\n","protected":false},"featured_media":39985,"comment_status":"open","ping_status":"open","template":"","meta":[],"product_cat":[2025,484],"product_tag":[3897],"class_list":{"0":"post-24231","1":"product","2":"type-product","3":"status-publish","4":"has-post-thumbnail","6":"product_cat-prensa-de-embrague","7":"product_cat-embrague-transmision","8":"product_tag-snelparts-es","9":"pa_merk-case-es","10":"pa_merk-ford-es","11":"pa_merk-iseki-es","12":"pa_merk-kubota-es","13":"pa_merk-new-holland-es","14":"pa_merk-shibaura-es","16":"first","17":"instock","18":"sale","19":"taxable","20":"shipping-taxable","21":"purchasable","22":"product-type-simple","23":"col-xs-6 col-sm-4","24":"col-md-3 col-lg-3","25":"un-4-cols"},"_links":{"self":[{"href":"https:\/\/shop4trac.com\/es\/wp-json\/wp\/v2\/product\/24231","targetHints":{"allow":["GET"]}}],"collection":[{"href":"https:\/\/shop4trac.com\/es\/wp-json\/wp\/v2\/product"}],"about":[{"href":"https:\/\/shop4trac.com\/es\/wp-json\/wp\/v2\/types\/product"}],"replies":[{"embeddable":true,"href":"https:\/\/shop4trac.com\/es\/wp-json\/wp\/v2\/comments?post=24231"}],"wp:featuredmedia":[{"embeddable":true,"href":"https:\/\/shop4trac.com\/es\/wp-json\/wp\/v2\/media\/39985"}],"wp:attachment":[{"href":"https:\/\/shop4trac.com\/es\/wp-json\/wp\/v2\/media?parent=24231"}],"wp:term":[{"taxonomy":"product_cat","embeddable":true,"href":"https:\/\/shop4trac.com\/es\/wp-json\/wp\/v2\/product_cat?post=24231"},{"taxonomy":"product_tag","embeddable":true,"href":"https:\/\/shop4trac.com\/es\/wp-json\/wp\/v2\/product_tag?post=24231"}],"curies":[{"name":"wp","href":"https:\/\/api.w.org\/{rel}","templated":true}]}}