{"id":24223,"date":"2020-06-12T15:43:57","date_gmt":"2020-06-12T13:43:57","guid":{"rendered":"https:\/\/shop4trac.com\/sin%20categor\u00eda\/prensa-de-embrague-mitsubishi-type-2\/"},"modified":"2025-08-01T18:19:53","modified_gmt":"2025-08-01T16:19:53","slug":"prensa-de-embrague-mitsubishi-type-2","status":"publish","type":"product","link":"https:\/\/shop4trac.com\/es\/embrague-transmision\/prensa-de-embrague\/prensa-de-embrague-mitsubishi-type-2\/","title":{"rendered":"Mecanismo de embrague Mitsubishi D1600 \u2013 D1850 | Kumiai ST1620 \u2013 ST1840"},"content":{"rendered":"<p class=\"p1\"><b>Mecanismo de embrague \u2013 Calidad robusta para un rendimiento fiable<\/b><b><\/b><\/p>\n<p class=\"p2\">Este Mecanismo de embrague es de alta calidad y est\u00e1 dise\u00f1ado para un funcionamiento suave y duradero del embrague. Los tres dedos de presi\u00f3n est\u00e1n s\u00f3lidamente construidos y garantizan una transmisi\u00f3n de potencia fiable incluso con cargas pesadas. <\/p>\n<p class=\"p2\">Formulado con sumo cuidado en funci\u00f3n de las dimensiones y el ajuste. Ideal como pieza de recambio para una amplia gama de tractores compactos y medianos. <\/p>\n<p class=\"p2\">\u2705 Construcci\u00f3n robusta y resistente<\/p>\n<p class=\"p2\">\u2705 Dise\u00f1o reforzado de tres dedos<\/p>\n<p class=\"p2\">\u2705 Listo para montaje directo<\/p>\n<p class=\"p1\"><b>Especificaciones t\u00e9cnicas:<\/b><b><\/b><\/p>\n<ul>\n<li class=\"p1\">Di\u00e1metro exterior: 240 mm<\/li>\n<li class=\"p1\">Di\u00e1metro interior (m\u00e1x.): 185 mm | 7,25\u2033.<\/li>\n<li class=\"p1\">Di\u00e1metro interior (m\u00edn.): 125 mm<\/li>\n<li class=\"p1\">Altura: 57 mm<\/li>\n<li class=\"p1\">Tama\u00f1o estimado en pulgadas: aprox. 9,45&#8243; (tama\u00f1o exterior)<\/li>\n<li class=\"p1\">Tipo: Mecanismo de embrague con 3 dedos de presi\u00f3n<\/li>\n<\/ul>\n<p class=\"p1\"><b>Adecuado para las siguientes marcas y modelos<\/b><\/p>\n<p><strong>Mitsubishi<\/strong><\/p>\n<ul>\n<li>D1600, D1800, D1650<\/li>\n<li>D1650, D1650FD, D1850, D1850FD<\/li>\n<\/ul>\n<p><strong>Kumiai  <\/strong><\/p>\n<ul>\n<li>ST1620, ST1640, ST1820, ST1840<\/li>\n<\/ul>\n<p><strong>OEM como referencia<\/strong><\/p>\n<ul>\n<li>1915-1104-000<\/li>\n<\/ul>\n","protected":false},"excerpt":{"rendered":"<p>Mecanismo de embrague \u2013 Calidad robusta para un rendimiento fiable Este Mecanismo de embrague es de alta calidad y est\u00e1 dise\u00f1ado para un funcionamiento suave y duradero del embrague. Los tres dedos de presi\u00f3n est\u00e1n s\u00f3lidamente construidos y garantizan una transmisi\u00f3n de potencia fiable incluso con cargas pesadas. Formulado con sumo cuidado en funci\u00f3n de&hellip;<\/p>\n","protected":false},"featured_media":39829,"comment_status":"open","ping_status":"closed","template":"","meta":[],"product_cat":[2025],"product_tag":[3897],"class_list":{"0":"post-24223","1":"product","2":"type-product","3":"status-publish","4":"has-post-thumbnail","6":"product_cat-prensa-de-embrague","7":"product_tag-snelparts-es","8":"pa_merk-kumiai-es","9":"pa_merk-mitsubishi-es","11":"first","12":"instock","13":"sale","14":"taxable","15":"shipping-taxable","16":"purchasable","17":"product-type-simple","18":"col-xs-6 col-sm-4","19":"col-md-3 col-lg-3","20":"un-4-cols"},"_links":{"self":[{"href":"https:\/\/shop4trac.com\/es\/wp-json\/wp\/v2\/product\/24223","targetHints":{"allow":["GET"]}}],"collection":[{"href":"https:\/\/shop4trac.com\/es\/wp-json\/wp\/v2\/product"}],"about":[{"href":"https:\/\/shop4trac.com\/es\/wp-json\/wp\/v2\/types\/product"}],"replies":[{"embeddable":true,"href":"https:\/\/shop4trac.com\/es\/wp-json\/wp\/v2\/comments?post=24223"}],"wp:featuredmedia":[{"embeddable":true,"href":"https:\/\/shop4trac.com\/es\/wp-json\/wp\/v2\/media\/39829"}],"wp:attachment":[{"href":"https:\/\/shop4trac.com\/es\/wp-json\/wp\/v2\/media?parent=24223"}],"wp:term":[{"taxonomy":"product_cat","embeddable":true,"href":"https:\/\/shop4trac.com\/es\/wp-json\/wp\/v2\/product_cat?post=24223"},{"taxonomy":"product_tag","embeddable":true,"href":"https:\/\/shop4trac.com\/es\/wp-json\/wp\/v2\/product_tag?post=24223"}],"curies":[{"name":"wp","href":"https:\/\/api.w.org\/{rel}","templated":true}]}}