{"id":24215,"date":"2020-06-15T15:30:08","date_gmt":"2020-06-15T14:30:08","guid":{"rendered":"https:\/\/shop4trac.com\/sin%20categor\u00eda\/prensa-de-embrague-suzue\/"},"modified":"2025-08-01T18:19:12","modified_gmt":"2025-08-01T16:19:12","slug":"prensa-de-embrague-suzue","status":"publish","type":"product","link":"https:\/\/shop4trac.com\/es\/embrague-transmision\/prensa-de-embrague\/prensa-de-embrague-suzue\/","title":{"rendered":"Mecanismo de embrague Suzue M1503 \u2013 M2001 | 150 \u2013 170"},"content":{"rendered":"<h3><b>Mecanismo de embrague \u2013 Alta calidad<\/b><\/h3>\n<p class=\"p3\">Fiable y duradero <span class=\"s2\"><b>Mecanismo de embrague<\/b><\/span> Apto para varios minitractores. Fabricado con materiales resistentes al desgaste para una \u00f3ptima transmisi\u00f3n de potencia y una larga vida \u00fatil. <\/p>\n<p class=\"p3\">\u2705 Resistente a cargas elevadas<\/p>\n<p class=\"p3\">\u2705 Directamente listo para el montaje<\/p>\n<p class=\"p3\">Ideal como recambio en caso de desgaste o aver\u00eda del embrague.<\/p>\n<p><strong>Datos t\u00e9cnicos<\/strong><\/p>\n<ul>\n<li>Di\u00e1metro: 7,25\u2033, 185 mm<\/li>\n<\/ul>\n<p><strong>Suzue<\/strong><\/p>\n<ul>\n<li>M1503, M1803, M2001, 150, 170<\/li>\n<\/ul>\n","protected":false},"excerpt":{"rendered":"<p>Mecanismo de embrague \u2013 Alta calidad Fiable y duradero Mecanismo de embrague Apto para varios minitractores. Fabricado con materiales resistentes al desgaste para una \u00f3ptima transmisi\u00f3n de potencia y una larga vida \u00fatil. \u2705 Resistente a cargas elevadas \u2705 Directamente listo para el montaje Ideal como recambio en caso de desgaste o aver\u00eda del embrague.&hellip;<\/p>\n","protected":false},"featured_media":74691,"comment_status":"open","ping_status":"closed","template":"","meta":[],"product_cat":[2025],"product_tag":[3897],"class_list":{"0":"post-24215","1":"product","2":"type-product","3":"status-publish","4":"has-post-thumbnail","6":"product_cat-prensa-de-embrague","7":"product_tag-snelparts-es","8":"pa_merk-suzue-es","10":"first","11":"instock","12":"sale","13":"taxable","14":"shipping-taxable","15":"purchasable","16":"product-type-simple","17":"col-xs-6 col-sm-4","18":"col-md-3 col-lg-3","19":"un-4-cols"},"_links":{"self":[{"href":"https:\/\/shop4trac.com\/es\/wp-json\/wp\/v2\/product\/24215","targetHints":{"allow":["GET"]}}],"collection":[{"href":"https:\/\/shop4trac.com\/es\/wp-json\/wp\/v2\/product"}],"about":[{"href":"https:\/\/shop4trac.com\/es\/wp-json\/wp\/v2\/types\/product"}],"replies":[{"embeddable":true,"href":"https:\/\/shop4trac.com\/es\/wp-json\/wp\/v2\/comments?post=24215"}],"wp:featuredmedia":[{"embeddable":true,"href":"https:\/\/shop4trac.com\/es\/wp-json\/wp\/v2\/media\/74691"}],"wp:attachment":[{"href":"https:\/\/shop4trac.com\/es\/wp-json\/wp\/v2\/media?parent=24215"}],"wp:term":[{"taxonomy":"product_cat","embeddable":true,"href":"https:\/\/shop4trac.com\/es\/wp-json\/wp\/v2\/product_cat?post=24215"},{"taxonomy":"product_tag","embeddable":true,"href":"https:\/\/shop4trac.com\/es\/wp-json\/wp\/v2\/product_tag?post=24215"}],"curies":[{"name":"wp","href":"https:\/\/api.w.org\/{rel}","templated":true}]}}