{"id":23704,"date":"2020-06-11T10:50:28","date_gmt":"2020-06-11T09:50:28","guid":{"rendered":"https:\/\/shop4trac.com\/sin%20categor\u00eda\/rodamiento-de-empuje-iseki-type-1\/"},"modified":"2025-08-01T18:22:16","modified_gmt":"2025-08-01T16:22:16","slug":"rodamiento-de-empuje-iseki-type-1","status":"publish","type":"product","link":"https:\/\/shop4trac.com\/es\/embrague-transmision\/rodamiento-de-empuje\/rodamiento-de-empuje-iseki-type-1\/","title":{"rendered":"Cojinete de desembrague Iseki TA207 \u2013 TA317 | TL1900 \u2013 TL2701 | TG21 \u2013 TG33 | TU1700 \u2013 TU2101 | Kioti CK20 \u2013 CK35"},"content":{"rendered":"<p class=\"p1\">Garantice un funcionamiento suave y confiable de su embrague con este <span class=\"s1\"><b>cojinete de liberaci\u00f3n del embrague de primera calidad<\/b><\/span> .<\/p>\n<p class=\"p1\">Este cojinete de liberaci\u00f3n del embrague est\u00e1 fabricado con materiales duraderos que pueden soportar cargas elevadas y uso a largo plazo, lo que garantiza una transmisi\u00f3n de potencia \u00f3ptima y un desgaste m\u00ednimo del embrague.<\/p>\n<p><strong>Datos t\u00e9cnicos<\/strong><\/p>\n<ul>\n<li><strong>Tama\u00f1os \u2013 dimensiones \u2013 <\/strong>74x45x18<\/li>\n<li><strong>Peso<\/strong> : 0,35 kilos<\/li>\n<\/ul>\n<p><strong>Iseki<\/strong><\/p>\n<ul>\n<li>TU180, TU185, TU197, TU200, TU220, TU225, TU237, TU240, TU245, TU257<\/li>\n<li><span style=\"font-size: 14px\">TL1900, TL1901, TL2100, TL2300, TL2500, TL2700, TL2701, L2300, TL2301, TL2500, TL2501, TL2700, TL2701,  <\/span><\/li>\n<li><span style=\"font-size: 14px\">TU1700, TU1900, TU2100<\/span><\/li>\n<li>TA250, TA255, TA262, TA267, TA275, TA287, TA312, TA317, TA525, TA530<\/li>\n<li>TA207, TA210, TA215, TA227, TA230, TA235, TA247, TA250, TA255, TA262, TA267, TA270, TA287, TA317<\/li>\n<li>TA250F, TA255F, TA262F, TA267F, TA275F, TA287F, TA312F, TA317F, TA525F, TA530F<\/li>\n<li>TA207F, TA210F, TA215F, TA227F, TA230F, TA235F, TA247F, TA250F, TA255F, TA262F, TA267F, TA270F, TA287F, TA317F<\/li>\n<li>TA538 \u2013 TA 5040<\/li>\n<li>TU1701, TU1901, TU2100<\/li>\n<li>3025, 3030, 5035<\/li>\n<li>TK21, TK25, TK29, TK33, TK532<\/li>\n<li>3025, 3030, 5020, 5030, 5035, 5040<\/li>\n<li>TE3210<\/li>\n<li>TG21, TG23, TG25, TG29, TG31, TG33 <strong>\u2013 \u00a1Acoplamiento simple!<\/strong><\/li>\n<li>TG233, TG253, TG273, TG293 <strong>\u2013 \u00a1Acoplamiento simple!<\/strong><\/li>\n<li>TG313, TG333 <strong>\u2013 \u00a1Acoplamiento simple!<\/strong><\/li>\n<li>TGS25, TGS29, TGS30, TGS33, TGS278, TGS338 <strong>\u2013 \u00a1Acoplamiento simple!<\/strong><\/li>\n<\/ul>\n<p><strong>Kioti<\/strong><\/p>\n<ul>\n<li>CK20, CK20S, CK25H, CK27H, CK30H, CK35<\/li>\n<\/ul>\n<p><strong>John Deere<\/strong><\/p>\n<ul>\n<li>2510, 2520, 3020, 4000, 4010, 4020, 4320,<\/li>\n<\/ul>\n<p><strong><span style=\"font-size: 14px\">Ford\/Nueva Holanda<\/span><\/strong><\/p>\n<div class=\"react-scroll-to-bottom--css-rtqdk-79elbk h-full\">\n<div class=\"react-scroll-to-bottom--css-rtqdk-1n7m0yu\">\n<div class=\"flex flex-col pb-9 text-sm\">\n<div class=\"w-full text-token-text-primary\" data-testid=\"conversation-turn-39\">\n<div class=\"px-4 py-2 justify-center text-base md:gap-6 m-auto\">\n<div class=\"flex flex-1 text-base mx-auto gap-3 md:px-5 lg:px-1 xl:px-5 md:max-w-3xl lg:max-w-[40rem] xl:max-w-[48rem] group final-completion\">\n<div class=\"relative flex w-full flex-col lg:w-[calc(100%-115px)] agent-turn\">\n<div class=\"flex-col gap-1 md:gap-3\">\n<div class=\"flex flex-grow flex-col max-w-full\">\n<div class=\"min-h-[20px] text-message flex flex-col items-start gap-3 whitespace-pre-wrap break-words [.text-message+&amp;]:mt-5 overflow-x-auto\" data-message-author-role=\"assistant\" data-message-id=\"47cf80ef-65f0-41a8-bd58-b844e3f7b591\">\n<div class=\"markdown prose w-full break-words dark:prose-invert light\">\n<ul>\n<li><span style=\"font-size: 14px\">1000, 1310, 1320, 1500, 1510, 1520, 1530, 1600, 1620, 1630,<\/span><\/li>\n<li><span style=\"font-size: 14px\">1700, 1710, 1715, 1720, 1725, 1900, 1925, 2120, TC25, TC29, TC29D, TC30, TC31, TC33, TC34, TC45, TC50<\/span><\/li>\n<li><span style=\"font-size: 14px\">T2210, T2310, T2320, T2330<\/span><\/li>\n<li><span style=\"font-size: 14px\">Boomer 30, Boomer 35, Boomer 2030, Boomer 2035, Boomer 3040, Boomer 3045, Boomer 3050<\/span><\/li>\n<\/ul>\n<\/div>\n<\/div>\n<\/div>\n<\/div>\n<\/div>\n<\/div>\n<\/div>\n<\/div>\n<\/div>\n<\/div>\n<\/div>\n<p><strong>OEM para referencia<\/strong><\/p>\n<ul>\n<li>144412000200, 1444-120-002-00<\/li>\n<\/ul>\n","protected":false},"excerpt":{"rendered":"<p>Garantice un funcionamiento suave y confiable de su embrague con este cojinete de liberaci\u00f3n del embrague de primera calidad . Este cojinete de liberaci\u00f3n del embrague est\u00e1 fabricado con materiales duraderos que pueden soportar cargas elevadas y uso a largo plazo, lo que garantiza una transmisi\u00f3n de potencia \u00f3ptima y un desgaste m\u00ednimo del embrague.&hellip;<\/p>\n","protected":false},"featured_media":78804,"comment_status":"open","ping_status":"open","template":"","meta":[],"product_cat":[2009],"product_tag":[3897],"class_list":{"0":"post-23704","1":"product","2":"type-product","3":"status-publish","4":"has-post-thumbnail","6":"product_cat-rodamiento-de-empuje","7":"product_tag-snelparts-es","8":"pa_merk-allis-chalmers-es","9":"pa_merk-ford-es","10":"pa_merk-hinomoto-es","11":"pa_merk-iseki-es","12":"pa_merk-john-deere-es","13":"pa_merk-kioti-es","14":"pa_merk-massey-ferguson-es","15":"pa_merk-new-holland-es","16":"pa_model-1000-es","17":"pa_model-1030-es","18":"pa_model-1310-es","19":"pa_model-1320-es","20":"pa_model-1500-es","21":"pa_model-1510-es","22":"pa_model-1520-es","23":"pa_model-1530-es","24":"pa_model-1600-es","25":"pa_model-1620-es","26":"pa_model-1630-es","27":"pa_model-1700-es","28":"pa_model-1710-es","29":"pa_model-1715-es","30":"pa_model-1720-es","31":"pa_model-1725-es","32":"pa_model-1900-es","33":"pa_model-1925-es","34":"pa_model-210-es","35":"pa_model-2120-es","36":"pa_model-220-es","37":"pa_model-5020-es","38":"pa_model-5030-es","39":"pa_model-b2150hst-es","40":"pa_model-b9200hst-db-es","41":"pa_model-boomer-2030-es","42":"pa_model-boomer-2035-es","43":"pa_model-boomer-30-es","44":"pa_model-boomer-3040-es","45":"pa_model-boomer-3045-es","46":"pa_model-boomer-3050-es","47":"pa_model-boomer-35-es","48":"pa_model-e21-es","49":"pa_model-e23-es","50":"pa_model-e25-es","51":"pa_model-gl19-es","52":"pa_model-gl21-es","53":"pa_model-gl23-es","54":"pa_model-gl25-es","55":"pa_model-gl26-es","56":"pa_model-gl27-es","57":"pa_model-gl29-es","58":"pa_model-gl32-es","59":"pa_model-gt-3-es","60":"pa_model-gt-5-es","61":"pa_model-gt-8-es","62":"pa_model-l1-18-es","63":"pa_model-l1-195-es","64":"pa_model-l1-20-es","65":"pa_model-l1801-es","66":"pa_model-l1802-es","67":"pa_model-l2002-es","68":"pa_model-l2050-es","69":"pa_model-l2201-es","70":"pa_model-l2202-es","71":"pa_model-l225-es","72":"pa_model-l2250-es","73":"pa_model-l2255-es","74":"pa_model-l235-es","75":"pa_model-l2350-es","76":"pa_model-l2402-es","77":"pa_model-l245-es","78":"pa_model-l2500-es","79":"pa_model-l2550-es","80":"pa_model-l2600-es","81":"pa_model-l2601-es","82":"pa_model-l2602-es","83":"pa_model-l260p-es","84":"pa_model-l2620-es","85":"pa_model-l2650-es","86":"pa_model-l275-es","87":"pa_model-l2800-es","88":"pa_model-l2802-es","89":"pa_model-l2820-es","90":"pa_model-l2850-es","91":"pa_model-l285p-es","92":"pa_model-l295-es","93":"pa_model-l2950-es","94":"pa_model-l3000-es","95":"pa_model-l3001-es","96":"pa_model-l3250-es","97":"pa_model-l3400-es","98":"pa_model-l3450-es","99":"pa_model-l355-l355ss-es","100":"pa_model-l3650-es","101":"pa_model-n248-es","102":"pa_model-n279-es","103":"pa_model-t2210-es","104":"pa_model-t2310-es","105":"pa_model-t2320-es","106":"pa_model-t2330-es","107":"pa_model-ta215-es","108":"pa_model-ta230-es","109":"pa_model-tc25-es","110":"pa_model-tc29-es","111":"pa_model-tc29d-es","112":"pa_model-tc30-es","113":"pa_model-tc31-es","114":"pa_model-tc33-es","115":"pa_model-tc34-es","116":"pa_model-tc45-es","117":"pa_model-tc50-es","118":"pa_model-te3210-es","119":"pa_model-tl1900-es","120":"pa_model-tl1901-es","121":"pa_model-tl2100-es","122":"pa_model-tl2300-es","123":"pa_model-tl2500-es","124":"pa_model-tl2700-es","125":"pa_model-tl2701-es","126":"pa_model-tu1700-es","127":"pa_model-tu180-es","128":"pa_model-tu185-es","129":"pa_model-tu1900-es","130":"pa_model-tu200-es","131":"pa_model-tu205-es","132":"pa_model-tu2100-es","133":"pa_model-tu220-es","134":"pa_model-tu225-es","135":"pa_model-tu240-es","136":"pa_model-tu245-es","137":"pa_model-x-20-es","138":"pa_model-x-24-es","140":"first","141":"instock","142":"sale","143":"taxable","144":"shipping-taxable","145":"purchasable","146":"product-type-simple","147":"col-xs-6 col-sm-4","148":"col-md-3 col-lg-3","149":"un-4-cols"},"_links":{"self":[{"href":"https:\/\/shop4trac.com\/es\/wp-json\/wp\/v2\/product\/23704","targetHints":{"allow":["GET"]}}],"collection":[{"href":"https:\/\/shop4trac.com\/es\/wp-json\/wp\/v2\/product"}],"about":[{"href":"https:\/\/shop4trac.com\/es\/wp-json\/wp\/v2\/types\/product"}],"replies":[{"embeddable":true,"href":"https:\/\/shop4trac.com\/es\/wp-json\/wp\/v2\/comments?post=23704"}],"wp:featuredmedia":[{"embeddable":true,"href":"https:\/\/shop4trac.com\/es\/wp-json\/wp\/v2\/media\/78804"}],"wp:attachment":[{"href":"https:\/\/shop4trac.com\/es\/wp-json\/wp\/v2\/media?parent=23704"}],"wp:term":[{"taxonomy":"product_cat","embeddable":true,"href":"https:\/\/shop4trac.com\/es\/wp-json\/wp\/v2\/product_cat?post=23704"},{"taxonomy":"product_tag","embeddable":true,"href":"https:\/\/shop4trac.com\/es\/wp-json\/wp\/v2\/product_tag?post=23704"}],"curies":[{"name":"wp","href":"https:\/\/api.w.org\/{rel}","templated":true}]}}