{"id":19320,"date":"2020-02-29T16:46:37","date_gmt":"2020-02-29T15:46:37","guid":{"rendered":"https:\/\/shop4trac.com\/sin%20categor\u00eda\/rotula-de-direccion-kubota-l-serie\/"},"modified":"2025-08-01T18:43:12","modified_gmt":"2025-08-01T16:43:12","slug":"rotula-de-direccion-kubota-l-serie","status":"publish","type":"product","link":"https:\/\/shop4trac.com\/es\/otras-partes\/rotula-de-direccion\/rotula-de-direccion-kubota-l-serie\/","title":{"rendered":"r\u00f3tula de direcci\u00f3n Kubota L serie"},"content":{"rendered":"<p>Para su informaci\u00f3n: \u00a1Derecha o izquierda!<\/p>\n<p>R\u00f3tula de direcci\u00f3n adecuada para:<\/p>\n<p>Kubota L-serie<\/p>\n","protected":false},"excerpt":{"rendered":"<p>Para su informaci\u00f3n: \u00a1Derecha o izquierda! R\u00f3tula de direcci\u00f3n adecuada para: Kubota L-serie<\/p>\n","protected":false},"featured_media":10392,"comment_status":"open","ping_status":"open","template":"","meta":[],"product_cat":[493],"product_tag":[3897],"class_list":{"0":"post-19320","1":"product","2":"type-product","3":"status-publish","4":"has-post-thumbnail","6":"product_cat-rotula-de-direccion","7":"product_tag-snelparts-es","8":"pa_merk-kubota-es","10":"first","11":"outofstock","12":"taxable","13":"shipping-taxable","14":"purchasable","15":"product-type-simple","16":"col-xs-6 col-sm-4","17":"col-md-3 col-lg-3","18":"un-4-cols"},"_links":{"self":[{"href":"https:\/\/shop4trac.com\/es\/wp-json\/wp\/v2\/product\/19320","targetHints":{"allow":["GET"]}}],"collection":[{"href":"https:\/\/shop4trac.com\/es\/wp-json\/wp\/v2\/product"}],"about":[{"href":"https:\/\/shop4trac.com\/es\/wp-json\/wp\/v2\/types\/product"}],"replies":[{"embeddable":true,"href":"https:\/\/shop4trac.com\/es\/wp-json\/wp\/v2\/comments?post=19320"}],"wp:featuredmedia":[{"embeddable":true,"href":"https:\/\/shop4trac.com\/es\/wp-json\/wp\/v2\/media\/10392"}],"wp:attachment":[{"href":"https:\/\/shop4trac.com\/es\/wp-json\/wp\/v2\/media?parent=19320"}],"wp:term":[{"taxonomy":"product_cat","embeddable":true,"href":"https:\/\/shop4trac.com\/es\/wp-json\/wp\/v2\/product_cat?post=19320"},{"taxonomy":"product_tag","embeddable":true,"href":"https:\/\/shop4trac.com\/es\/wp-json\/wp\/v2\/product_tag?post=19320"}],"curies":[{"name":"wp","href":"https:\/\/api.w.org\/{rel}","templated":true}]}}