{"id":19047,"date":"2020-02-29T16:46:09","date_gmt":"2020-02-29T15:46:09","guid":{"rendered":"https:\/\/shop4trac.com\/product\/contacto-general\/"},"modified":"2026-03-14T21:54:03","modified_gmt":"2026-03-14T20:54:03","slug":"contacto-general","status":"publish","type":"product","link":"https:\/\/shop4trac.com\/es\/piezas-electricas\/llaves-de-contacto\/contacto-general\/","title":{"rendered":"Clausor de contacto general Kubota | Yanmar | Iseki"},"content":{"rendered":"<h4>Un clausor de contacto general para conectar a la mayor\u00eda de los mini tractores.<\/h4>\n<p>Variante disponible con llave o con llave de vaso.<\/p>\n<h5>Opciones de posici\u00f3n de la llave de este clausor de contacto e informaci\u00f3n sobre la conexi\u00f3n.<\/h5>\n<table>\n<thead>\n<tr>\n<th>\n<p class=\"p1\"><b>Posici\u00f3n de la llave<\/b><\/p>\n<\/th>\n<th>\n<p class=\"p1\"><b>Posici\u00f3n<\/b><\/p>\n<\/th>\n<th>\n<p class=\"p1\"><b>Conexiones activas<\/b><\/p>\n<\/th>\n<th>\n<p class=\"p1\"><b>Descripci\u00f3n<\/b><\/p>\n<\/th>\n<\/tr>\n<\/thead>\n<tbody>\n<tr>\n<td>\n<p class=\"p1\"><b>-1 (izquierda)<\/b><\/p>\n<\/td>\n<td>\n<p class=\"p1\">GLOW<\/p>\n<\/td>\n<td>\n<p class=\"p1\">B \u2192 BR<\/p>\n<\/td>\n<td>\n<p class=\"p1\">Precalentamiento mientras se mantiene la llave<\/p>\n<\/td>\n<\/tr>\n<tr>\n<td>\n<p class=\"p1\"><b>0<\/b><\/p>\n<\/td>\n<td>\n<p class=\"p1\">APAGADO<\/p>\n<\/td>\n<td>\n<p class=\"p1\">Ninguna<\/p>\n<\/td>\n<td>\n<p class=\"p1\">Todo apagado, llave extra\u00edble<\/p>\n<\/td>\n<\/tr>\n<tr>\n<td>\n<p class=\"p1\"><b>1 (derecha)<\/b><\/p>\n<\/td>\n<td>\n<p class=\"p1\">ENCENDIDO<\/p>\n<\/td>\n<td>\n<p class=\"p1\">B \u2192 R1, R2, (a veces ACC)<\/p>\n<\/td>\n<td>\n<p class=\"p1\">Contacto encendido, corriente al salpicadero &amp; v\u00e1lvulas<\/p>\n<\/td>\n<\/tr>\n<tr>\n<td>\n<p class=\"p1\"><b>2<\/b><\/p>\n<\/td>\n<td>\n<p class=\"p1\">START<\/p>\n<\/td>\n<td>\n<p class=\"p1\">B \u2192 C + R1\/R2<\/p>\n<\/td>\n<td>\n<p class=\"p1\">Motor de arranque activado<\/p>\n<\/td>\n<\/tr>\n<\/tbody>\n<\/table>\n<p>&nbsp;<\/p>\n<table>\n<thead>\n<tr>\n<th>\n<p class=\"p1\"><b>Conexi\u00f3n<\/b><\/p>\n<\/th>\n<th>\n<p class=\"p1\"><b>Funci\u00f3n<\/b><\/p>\n<\/th>\n<th>\n<p class=\"p1\"><b>Activo en la posici\u00f3n<\/b><\/p>\n<\/th>\n<th>\n<p class=\"p1\"><b>Aplicaci\u00f3n<\/b><\/p>\n<\/th>\n<\/tr>\n<\/thead>\n<tbody>\n<tr>\n<td>\n<p class=\"p1\"><b>B<\/b><\/p>\n<\/td>\n<td>\n<p class=\"p1\">Bater\u00eda (alimentaci\u00f3n de 12V de entrada)<\/p>\n<\/td>\n<td>\n<p class=\"p1\">Siempre<\/p>\n<\/td>\n<td>\n<p class=\"p1\">Alimentaci\u00f3n para contacto interno<\/p>\n<\/td>\n<\/tr>\n<tr>\n<td>\n<p class=\"p1\"><b>BR<\/b><\/p>\n<\/td>\n<td>\n<p class=\"p1\">Glow (precalentamiento)<\/p>\n<\/td>\n<td>\n<p class=\"p1\">Solo en <span class=\"s1\"><b>-1<\/b><\/span><\/p>\n<\/td>\n<td>\n<p class=\"p1\">Hacia rel\u00e9 de precalentamiento o buj\u00edas de precalentamiento directas<\/p>\n<\/td>\n<\/tr>\n<tr>\n<td>\n<p class=\"p1\"><b>R1<\/b><\/p>\n<\/td>\n<td>\n<p class=\"p1\">Run 1 (contacto principal)<\/p>\n<\/td>\n<td>\n<p class=\"p1\">Posici\u00f3n <span class=\"s1\"><b>1 &amp; 2<\/b><\/span><\/p>\n<\/td>\n<td>\n<p class=\"p1\">Salpicadero, rel\u00e9s, caja de fusibles, funci\u00f3n del motor<\/p>\n<\/td>\n<\/tr>\n<tr>\n<td>\n<p class=\"p1\"><b>R2<\/b><\/p>\n<\/td>\n<td>\n<p class=\"p1\">Run 2 (alimentaci\u00f3n secundaria)<\/p>\n<\/td>\n<td>\n<p class=\"p1\">Posici\u00f3n <span class=\"s1\"><b>1 &amp; 2<\/b><\/span><\/p>\n<\/td>\n<td>\n<p class=\"p1\">Luz de control de precalentamiento, circuitos adicionales<\/p>\n<\/td>\n<\/tr>\n<tr>\n<td>\n<p class=\"p1\"><b>C<\/b><\/p>\n<\/td>\n<td>\n<p class=\"p1\"><span class=\"s1\"><b>START<\/b><\/span> \/ hacia rel\u00e9 de arranque o motor de arranque<\/p>\n<\/td>\n<td>\n<p class=\"p1\">Solo en <span class=\"s1\"><b>posici\u00f3n 2<\/b><\/span><\/p>\n<\/td>\n<td>\n<p class=\"p1\">Controla el motor de arranque o el rel\u00e9 de arranque<\/p>\n<\/td>\n<\/tr>\n<tr>\n<td>\n<p class=\"p1\"><b>ACC<\/b><\/p>\n<\/td>\n<td>\n<p class=\"p1\">Accesorio<\/p>\n<\/td>\n<td>\n<p class=\"p1\">A veces solo en <span class=\"s1\"><b>posici\u00f3n 1<\/b><\/span><\/p>\n<\/td>\n<td>\n<p class=\"p1\">Radio, iluminaci\u00f3n (rara vez cableado en tractores)<\/p>\n<\/td>\n<\/tr>\n<\/tbody>\n<\/table>\n<p>&nbsp;<\/p>\n<p>Ejemplo de modelos para los que se puede utilizar este clausor de contacto:<\/p>\n<p><strong>Iseki <\/strong><\/p>\n<ul>\n<li>Serie Landleader TA, Sial: Serie TF, TL, Landhope TU, TK<\/li>\n<\/ul>\n<p><strong>Bolens<\/strong><\/p>\n<p><strong>Kubota <\/strong><\/p>\n<ul>\n<li>Modelos de la serie B<\/li>\n<\/ul>\n<p><strong>Yanmar<\/strong><\/p>\n","protected":false},"excerpt":{"rendered":"<p>Un clausor de contacto general para conectar a la mayor\u00eda de los mini tractores. Variante disponible con llave o con llave de vaso. Opciones de posici\u00f3n de la llave de este clausor de contacto e informaci\u00f3n sobre la conexi\u00f3n. Posici\u00f3n de la llave Posici\u00f3n Conexiones activas Descripci\u00f3n -1 (izquierda) GLOW B \u2192 BR Precalentamiento mientras&hellip;<\/p>\n","protected":false},"featured_media":34025,"comment_status":"open","ping_status":"open","template":"","meta":[],"product_cat":[466],"product_tag":[3897],"class_list":{"0":"post-19047","1":"product","2":"type-product","3":"status-publish","4":"has-post-thumbnail","6":"product_cat-llaves-de-contacto","7":"product_tag-snelparts-es","8":"pa_merk-agco-es","9":"pa_merk-agria-es","10":"pa_merk-airman-es","11":"pa_merk-aixam-es","12":"pa_merk-allis-chalmers-es","13":"pa_merk-ami-es","14":"pa_merk-antonio-carraro-es","15":"pa_merk-atlas-es","16":"pa_merk-ausa-es","17":"pa_merk-avant-es","18":"pa_merk-bcs-es","19":"pa_merk-bertolini-es","20":"pa_merk-beta-es","21":"pa_merk-bobcat-es","22":"pa_merk-bolens-es","23":"pa_merk-branson-es","24":"pa_merk-captain-tractor-es","25":"pa_merk-carraro-es","26":"pa_merk-casalini-es","27":"pa_merk-case-es","28":"pa_merk-case-ih-es","29":"pa_merk-caterpillar-es","30":"pa_merk-challenger-es","31":"pa_merk-craftsman-marine-es","32":"pa_merk-cub-cadet-es","33":"pa_merk-cup-cadet-es","34":"pa_merk-daewoo-es","35":"pa_merk-denyo-es","36":"pa_merk-deutz-es","37":"pa_merk-deutz-allis-es","38":"pa_merk-doosan-es","39":"pa_merk-eurocomach-es","40":"pa_merk-eurotrac-es","41":"pa_merk-farmtrac-es","42":"pa_merk-ferrari-agricola","43":"pa_merk-ford-es","44":"pa_merk-gehl-es","45":"pa_merk-genie-es","46":"pa_merk-gianni-ferrari-es","47":"pa_merk-giant-es","48":"pa_merk-goldoni-es","49":"pa_merk-gutbrod-es","50":"pa_merk-hako-es","51":"pa_merk-hanix-es","52":"pa_merk-hfl-es","53":"pa_merk-hinomoto-es","54":"pa_merk-hitachi-es","55":"pa_merk-holder-es","56":"pa_merk-hyundai-es","57":"pa_merk-ingersoll-rand-es","58":"pa_merk-iseki-es","59":"pa_merk-j-f-marine-power-es","60":"pa_merk-jcb-es","61":"pa_merk-john-deere-es","62":"pa_merk-jungheinrich-es","63":"pa_merk-kawasaki-es","64":"pa_merk-kioti-es","65":"pa_merk-knikmops-es","66":"pa_merk-kobelco-es","67":"pa_merk-komatsu-es","68":"pa_merk-kubota-es","69":"pa_merk-kumiai-es","70":"pa_merk-lamborghini-es","71":"pa_merk-landini-es","72":"pa_merk-landtrac-es","73":"pa_merk-lokari-es","74":"pa_merk-magnum-es","75":"pa_merk-mahindra-es","76":"pa_merk-manitou-es","77":"pa_merk-massey-ferguson-es","78":"pa_merk-mastervolt-es","79":"pa_merk-mitsubishi-es","80":"pa_merk-mustang-es","81":"pa_merk-nagano-es","82":"pa_merk-nanni-es","83":"pa_merk-new-holland-es","84":"pa_merk-noda-es","85":"pa_merk-ok-es","86":"pa_merk-pasquali-es","87":"pa_merk-peljob-es","88":"pa_merk-perkins-es","89":"pa_merk-ransomes-es","90":"pa_merk-samofa-es","91":"pa_merk-satoh-es","92":"pa_merk-schaeff-es","93":"pa_merk-schaffer-es","94":"pa_merk-sdmo-es","95":"pa_merk-shibaura-es","96":"pa_merk-simplicity-es","97":"pa_merk-sole-diesel-es","98":"pa_merk-solis-es","99":"pa_merk-sumitomo-es","100":"pa_merk-suzue-es","101":"pa_merk-takeuchi-es","102":"pa_merk-takeushi-es","103":"pa_merk-tcm-es","104":"pa_merk-technogen-es","105":"pa_merk-teksan-es","106":"pa_merk-terex-es","107":"pa_merk-thermoking-es","108":"pa_merk-toro-es","109":"pa_merk-triton-es","110":"pa_merk-trixon-es","111":"pa_merk-tym-es","112":"pa_merk-vetus-es","113":"pa_merk-volvo-es","114":"pa_merk-wacker-neuson-es","115":"pa_merk-weidemann-es","116":"pa_merk-westerbeke-es","117":"pa_merk-whisper-power-es","118":"pa_merk-white-es","119":"pa_merk-white-field-boss-es","120":"pa_merk-white-oliver-es","121":"pa_merk-yanmar-es","122":"pa_merk-zen-noh-es","123":"pa_merk-zeppelin-es","125":"first","126":"instock","127":"taxable","128":"shipping-taxable","129":"purchasable","130":"product-type-variable","131":"col-xs-6 col-sm-4","132":"col-md-3 col-lg-3","133":"un-4-cols"},"_links":{"self":[{"href":"https:\/\/shop4trac.com\/es\/wp-json\/wp\/v2\/product\/19047","targetHints":{"allow":["GET"]}}],"collection":[{"href":"https:\/\/shop4trac.com\/es\/wp-json\/wp\/v2\/product"}],"about":[{"href":"https:\/\/shop4trac.com\/es\/wp-json\/wp\/v2\/types\/product"}],"replies":[{"embeddable":true,"href":"https:\/\/shop4trac.com\/es\/wp-json\/wp\/v2\/comments?post=19047"}],"wp:featuredmedia":[{"embeddable":true,"href":"https:\/\/shop4trac.com\/es\/wp-json\/wp\/v2\/media\/34025"}],"wp:attachment":[{"href":"https:\/\/shop4trac.com\/es\/wp-json\/wp\/v2\/media?parent=19047"}],"wp:term":[{"taxonomy":"product_cat","embeddable":true,"href":"https:\/\/shop4trac.com\/es\/wp-json\/wp\/v2\/product_cat?post=19047"},{"taxonomy":"product_tag","embeddable":true,"href":"https:\/\/shop4trac.com\/es\/wp-json\/wp\/v2\/product_tag?post=19047"}],"curies":[{"name":"wp","href":"https:\/\/api.w.org\/{rel}","templated":true}]}}