{"id":18937,"date":"2020-02-29T16:45:51","date_gmt":"2020-02-29T15:45:51","guid":{"rendered":"https:\/\/shop4trac.com\/product\/kit-de-embrague-yanmar-ym-tipo-3\/"},"modified":"2026-02-19T11:18:18","modified_gmt":"2026-02-19T10:18:18","slug":"kit-de-embrague-yanmar-ym-tipo-3","status":"publish","type":"product","link":"https:\/\/shop4trac.com\/es\/embrague-transmision\/kit-de-embrague\/kit-de-embrague-yanmar-ym-tipo-3\/","title":{"rendered":"Kit de embrague Yanmar YM1100 \u2013 YM1401 | 19 dientes"},"content":{"rendered":"<p data-path-to-node=\"3\">Recupera toda la potencia de tracci\u00f3n de tu tractor con este kit de embrague completo de alta calidad. Este kit est\u00e1 dise\u00f1ado espec\u00edficamente para tractores compactos Yanmar y garantiza una transmisi\u00f3n suave y una larga vida \u00fatil, incluso bajo cargas pesadas en el campo. <\/p>\n<p data-path-to-node=\"4\">\u2714\ufe0f <b data-path-to-node=\"4\" data-index-in-node=\"3\">Kit de revisi\u00f3n completo:<\/b> Incluye mecanismo de embrague, disco de embrague y cojinete de desembrague<\/p>\n<p data-path-to-node=\"4\">\u2714\ufe0f <b data-path-to-node=\"4\" data-index-in-node=\"73\">Materiales de fricci\u00f3n de alta calidad:<\/b> Para un agarre m\u00e1ximo y un desgaste m\u00ednimo<\/p>\n<p data-path-to-node=\"4\">\u2714\ufe0f <b data-path-to-node=\"4\" data-index-in-node=\"148\">Ajuste directo:<\/b> Fabricado seg\u00fan tolerancias estrictas para un montaje sin problemas<\/p>\n<h3 data-path-to-node=\"5\">Datos t\u00e9cnicos:<\/h3>\n<ul data-path-to-node=\"6\">\n<li>\n<p data-path-to-node=\"6,0,0\"><b data-path-to-node=\"6,0,0\" data-index-in-node=\"0\">Disco de embrague:<\/b> 180 mm \/ 19 estr\u00edas<\/p>\n<\/li>\n<li>\n<p data-path-to-node=\"6,1,0\"><b data-path-to-node=\"6,1,0\" data-index-in-node=\"0\">Mecanismo de embrague:<\/b> 7-1\/8\u2033<\/p>\n<\/li>\n<li>\n<p data-path-to-node=\"6,2,0\"><b data-path-to-node=\"6,2,0\" data-index-in-node=\"0\">Cojinete de desembrague:<\/b> 60 mm x 33 mm x 18 mm<\/p>\n<\/li>\n<\/ul>\n<p><b data-path-to-node=\"7\" data-index-in-node=\"0\">Yanmar<\/b><\/p>\n<ul>\n<li>YM1100, YM1300, YM1401, YM169<\/li>\n<\/ul>\n<p><strong>OEM de referencia<\/strong><\/p>\n<ul>\n<li>194262-21400, 794200-21400, 194340-21400, 194357-21400, 194500-21410, 194262-21700, 194440-21700, 194440-21701, 194340-21700, 194200-22180, 124950-21230<\/li>\n<\/ul>\n<p>&nbsp;<\/p>\n","protected":false},"excerpt":{"rendered":"<p>Recupera toda la potencia de tracci\u00f3n de tu tractor con este kit de embrague completo de alta calidad. Este kit est\u00e1 dise\u00f1ado espec\u00edficamente para tractores compactos Yanmar y garantiza una transmisi\u00f3n suave y una larga vida \u00fatil, incluso bajo cargas pesadas en el campo. \u2714\ufe0f Kit de revisi\u00f3n completo: Incluye mecanismo de embrague, disco de&hellip;<\/p>\n","protected":false},"featured_media":181839,"comment_status":"open","ping_status":"closed","template":"","meta":[],"product_cat":[487],"product_tag":[3897],"class_list":{"0":"post-18937","1":"product","2":"type-product","3":"status-publish","4":"has-post-thumbnail","6":"product_cat-kit-de-embrague","7":"product_tag-snelparts-es","8":"pa_merk-yanmar-es","10":"first","11":"instock","12":"sale","13":"taxable","14":"shipping-taxable","15":"purchasable","16":"product-type-simple","17":"col-xs-6 col-sm-4","18":"col-md-3 col-lg-3","19":"un-4-cols"},"_links":{"self":[{"href":"https:\/\/shop4trac.com\/es\/wp-json\/wp\/v2\/product\/18937","targetHints":{"allow":["GET"]}}],"collection":[{"href":"https:\/\/shop4trac.com\/es\/wp-json\/wp\/v2\/product"}],"about":[{"href":"https:\/\/shop4trac.com\/es\/wp-json\/wp\/v2\/types\/product"}],"replies":[{"embeddable":true,"href":"https:\/\/shop4trac.com\/es\/wp-json\/wp\/v2\/comments?post=18937"}],"wp:featuredmedia":[{"embeddable":true,"href":"https:\/\/shop4trac.com\/es\/wp-json\/wp\/v2\/media\/181839"}],"wp:attachment":[{"href":"https:\/\/shop4trac.com\/es\/wp-json\/wp\/v2\/media?parent=18937"}],"wp:term":[{"taxonomy":"product_cat","embeddable":true,"href":"https:\/\/shop4trac.com\/es\/wp-json\/wp\/v2\/product_cat?post=18937"},{"taxonomy":"product_tag","embeddable":true,"href":"https:\/\/shop4trac.com\/es\/wp-json\/wp\/v2\/product_tag?post=18937"}],"curies":[{"name":"wp","href":"https:\/\/api.w.org\/{rel}","templated":true}]}}